{"id":10171,"date":"2019-08-25T21:34:06","date_gmt":"2019-08-25T20:34:06","guid":{"rendered":"https:\/\/www.aphyllanthe.fr\/association\/?page_id=10171"},"modified":"2022-09-01T13:37:13","modified_gmt":"2022-09-01T12:37:13","slug":"consignes-pour-le-responsable-de-randonnee","status":"publish","type":"page","link":"https:\/\/www.aphyllanthe.fr\/association\/consignes-pour-le-responsable-de-randonnee\/","title":{"rendered":"Consignes pour le responsable de randonn\u00e9e"},"content":{"rendered":"\n<p><a href=\"\/association\/pdf\/2022-09-consignes-responsable.pdf\">Version PDF t\u00e9l\u00e9chargeable<\/a><\/p>\n\n\n\n<p>Un seul responsable est nomm\u00e9 par sortie qui :<\/p>\n\n\n\n<ul class=\"wp-block-list\"><li>conduit la randonn\u00e9e sur l\u2019itin\u00e9raire annonc\u00e9&nbsp;;<\/li><li>est vigilant quant \u00e0 l\u2019\u00e9quipement des participants (comme le port de chaussures de marche en bon \u00e9tat par exemple)&nbsp;;<\/li><li>apporte les cartes n\u00e9cessaire \u00e0 la conduite de la sortie, une boussole et un kit de premier soins&nbsp;;<\/li><li>n\u2019administre aucun m\u00e9dicament (y compris ceux en vente libre) \u00e0 un randonneur&nbsp;;<\/li><li>s\u2019\u00e9quipe d\u2019un t\u00e9l\u00e9phone mobile personnel ou, le cas \u00e9ch\u00e9ant, v\u00e9rifie qu\u2019il y ait au moins un dans le groupe&nbsp;;<\/li><li>\u00e9tablit une cadence de marche tenant compte de la vitesse moyenne du groupe, de la difficult\u00e9 des sentiers, de la m\u00e9t\u00e9o, etc., cadence s\u2019imposant \u00e0 tous les participants.<\/li><\/ul>\n\n\n\n<p>Si un randonneur est dans l\u2019incapacit\u00e9 de continuer ou que le responsable le juge comme tel (cadence trop lente en rapport avec la distance \u00e0 parcourir avant la nuit, \u00e9puisement, blessure, foulure, maladie, etc.), le responsable de randonn\u00e9e peut d\u00e9cider&nbsp;:<\/p>\n\n\n\n<ul class=\"wp-block-list\"><li>de faire rentrer le randonneur par le chemin le plus court en le faisant accompagner par une ou deux personnes s\u00fbres&nbsp;;<\/li><li>de faire rentrer tout le groupe par le chemin le plus court&nbsp;ou qu\u2019il juge le plus adapt\u00e9&nbsp;;<\/li><li>de faire attendre ce randonneur \u00e0 un point fixe accompagn\u00e9 par une ou deux personnes s\u00fbres pour revenir le rechercher en voiture&nbsp;;<\/li><li>d\u2019appeler les secours.<\/li><\/ul>\n\n\n<div class=\"wp-block-image size-medium wp-image-182\">\n<figure class=\"alignleft\"><a href=\"https:\/\/www.aphyllanthe.fr\/association\/wp-content\/uploads\/2014\/12\/DSC03570-pont-de-la-soufflerie.jpg\"><img loading=\"lazy\" decoding=\"async\" width=\"300\" height=\"200\" src=\"https:\/\/www.aphyllanthe.fr\/association\/wp-content\/uploads\/2014\/12\/DSC03570-pont-de-la-soufflerie-300x200.jpg\" alt=\"sur le pont de la Soufflerie\" class=\"wp-image-182\" srcset=\"https:\/\/www.aphyllanthe.fr\/association\/wp-content\/uploads\/2014\/12\/DSC03570-pont-de-la-soufflerie-300x200.jpg 300w, https:\/\/www.aphyllanthe.fr\/association\/wp-content\/uploads\/2014\/12\/DSC03570-pont-de-la-soufflerie-1024x682.jpg 1024w, https:\/\/www.aphyllanthe.fr\/association\/wp-content\/uploads\/2014\/12\/DSC03570-pont-de-la-soufflerie.jpg 1152w\" sizes=\"auto, (max-width: 300px) 100vw, 300px\" \/><\/a><figcaption>sur le pont de la Soufflerie, Gorges du Chassezac<\/figcaption><\/figure>\n<\/div>\n\n\n<p>En cas de probl\u00e8me de m\u00e9t\u00e9o (vents violents, orages, neige, brouillard, pluies intenses, crues, etc.) le responsable d\u00e9cidera de la suite donn\u00e9e (annuler la sortie, rebrousser chemin, chercher un abri, demander de l\u2019aide, etc.).<\/p>\n\n\n\n<p>En cas de difficult\u00e9 (chemin impraticable, randonneur en difficult\u00e9, etc.), le responsable reste le seul d\u00e9cideur du groupe et ses d\u00e9cisions s\u2019imposent \u00e0 tous.<\/p>\n\n\n\n<p>Si un randonneur demande conseil, comme de savoir si une sortie est lui est accessible, le responsable le renvoie aux donn\u00e9es d\u00e9taill\u00e9es publi\u00e9es sur toutes les sorties (d\u00e9nivel\u00e9, profil altim\u00e9trique, distance, etc.).<\/p>\n\n\n\n<p>Le responsable peut refuser la participation d\u2019un randonneur qu\u2019il juge ne pas \u00eatre en condition physique suffisante, n\u2019ayant pas l\u2019\u00e9quipement minimum n\u00e9cessaire ou pour tout autre motif qu\u2019il estime justifi\u00e9.<\/p>\n\n\n\n<p>En cas d\u2019accident non-mineur n\u00e9cessitant des soins, le responsable est tenu de faire un rapport au pr\u00e9sident(e) de l\u2019Association et, avec l\u2019aide du secr\u00e9tariat, de faire une d\u00e9claration aux assurances.<\/p>\n","protected":false},"excerpt":{"rendered":"<p>Version PDF t\u00e9l\u00e9chargeable Un seul responsable est nomm\u00e9 par sortie qui : conduit la randonn\u00e9e sur l\u2019itin\u00e9raire annonc\u00e9&nbsp;; est vigilant quant \u00e0 l\u2019\u00e9quipement des participants (comme le port de chaussures de marche en bon \u00e9tat par exemple)&nbsp;; apporte les cartes n\u00e9cessaire \u00e0 la conduite de la sortie, une boussole et un kit de premier soins&nbsp;; &hellip; <a href=\"https:\/\/www.aphyllanthe.fr\/association\/consignes-pour-le-responsable-de-randonnee\/\" class=\"more-link\">Continuer la lecture de <span class=\"screen-reader-text\">Consignes pour le responsable de randonn\u00e9e<\/span>  <span class=\"meta-nav\">&rarr;<\/span><\/a><\/p>\n","protected":false},"author":1,"featured_media":870,"parent":0,"menu_order":0,"comment_status":"closed","ping_status":"closed","template":"","meta":{"footnotes":""},"class_list":["post-10171","page","type-page","status-publish","has-post-thumbnail","hentry"],"_links":{"self":[{"href":"https:\/\/www.aphyllanthe.fr\/association\/wp-json\/wp\/v2\/pages\/10171","targetHints":{"allow":["GET"]}}],"collection":[{"href":"https:\/\/www.aphyllanthe.fr\/association\/wp-json\/wp\/v2\/pages"}],"about":[{"href":"https:\/\/www.aphyllanthe.fr\/association\/wp-json\/wp\/v2\/types\/page"}],"author":[{"embeddable":true,"href":"https:\/\/www.aphyllanthe.fr\/association\/wp-json\/wp\/v2\/users\/1"}],"replies":[{"embeddable":true,"href":"https:\/\/www.aphyllanthe.fr\/association\/wp-json\/wp\/v2\/comments?post=10171"}],"version-history":[{"count":3,"href":"https:\/\/www.aphyllanthe.fr\/association\/wp-json\/wp\/v2\/pages\/10171\/revisions"}],"predecessor-version":[{"id":17168,"href":"https:\/\/www.aphyllanthe.fr\/association\/wp-json\/wp\/v2\/pages\/10171\/revisions\/17168"}],"wp:featuredmedia":[{"embeddable":true,"href":"https:\/\/www.aphyllanthe.fr\/association\/wp-json\/wp\/v2\/media\/870"}],"wp:attachment":[{"href":"https:\/\/www.aphyllanthe.fr\/association\/wp-json\/wp\/v2\/media?parent=10171"}],"curies":[{"name":"wp","href":"https:\/\/api.w.org\/{rel}","templated":true}]}}