{"id":10280,"date":"2019-09-06T15:02:13","date_gmt":"2019-09-06T14:02:13","guid":{"rendered":"https:\/\/www.aphyllanthe.fr\/association\/?page_id=10280"},"modified":"2023-09-15T08:57:41","modified_gmt":"2023-09-15T07:57:41","slug":"stages-de-poterie","status":"publish","type":"page","link":"https:\/\/www.aphyllanthe.fr\/association\/stages-de-poterie\/","title":{"rendered":"Stages de Poterie adultes"},"content":{"rendered":"\n<p><strong>Attention : pour la saison 2023-2024, ces stages ne sont pas sur le programme. <\/strong><\/p>\n\n\n\n<p class=\"has-drop-cap\">L&rsquo;Association propose des stages de poterie mensuels pour adultes et ados entre octobre et juin. Ces stages d&rsquo;une dur\u00e9e de 2h30, ont lieu le premier samedi du mois. <\/p>\n\n\n\n<div class=\"wp-block-columns is-layout-flex wp-container-core-columns-is-layout-9d6595d7 wp-block-columns-is-layout-flex\">\n<div class=\"wp-block-column is-layout-flow wp-block-column-is-layout-flow\">\n<figure class=\"wp-block-image size-large\"><a href=\"https:\/\/www.aphyllanthe.fr\/association\/wp-content\/uploads\/2022\/01\/STAGE-POTERIE.webp\"><img loading=\"lazy\" decoding=\"async\" width=\"678\" height=\"1024\" src=\"https:\/\/www.aphyllanthe.fr\/association\/wp-content\/uploads\/2022\/01\/STAGE-POTERIE-678x1024.webp\" alt=\"\" class=\"wp-image-15845\" srcset=\"https:\/\/www.aphyllanthe.fr\/association\/wp-content\/uploads\/2022\/01\/STAGE-POTERIE-678x1024.webp 678w, https:\/\/www.aphyllanthe.fr\/association\/wp-content\/uploads\/2022\/01\/STAGE-POTERIE-199x300.webp 199w, https:\/\/www.aphyllanthe.fr\/association\/wp-content\/uploads\/2022\/01\/STAGE-POTERIE-768x1160.webp 768w, https:\/\/www.aphyllanthe.fr\/association\/wp-content\/uploads\/2022\/01\/STAGE-POTERIE.webp 996w\" sizes=\"auto, (max-width: 678px) 100vw, 678px\" \/><\/a><\/figure>\n<\/div>\n\n\n\n<div class=\"wp-block-column is-layout-flow wp-block-column-is-layout-flow\">\n<p><\/p>\n\n\n\n<p>Marie Ducatel, d\u00e9j\u00e0 appr\u00e9ci\u00e9e pour ses ateliers de poterie pour enfants, anime ces stages. Les participants sont libres de suivre un ou plusieurs stages au choix au cours de l&rsquo;ann\u00e9e. Il n&rsquo;y a pas d&rsquo;obligation de tout suivre. Si vous voulez modeler un objet de d\u00e9coration ou d\u2019utilit\u00e9 pour la maison ou le jardin maison, Marie saura vous inspirer.<\/p>\n<\/div>\n<\/div>\n\n\n\n<p>Voici quelques r\u00e9alisations : <\/p>\n\n\n\n<figure class=\"wp-block-gallery has-nested-images columns-default is-cropped wp-block-gallery-2 is-layout-flex wp-block-gallery-is-layout-flex\">\n<figure class=\"wp-block-image size-large\"><a href=\"https:\/\/www.aphyllanthe.fr\/association\/wp-content\/uploads\/2022\/01\/POT-2.webp\"><img loading=\"lazy\" decoding=\"async\" width=\"305\" height=\"293\" data-id=\"15851\" src=\"https:\/\/www.aphyllanthe.fr\/association\/wp-content\/uploads\/2022\/01\/POT-2.webp\" alt=\"\" class=\"wp-image-15851\" srcset=\"https:\/\/www.aphyllanthe.fr\/association\/wp-content\/uploads\/2022\/01\/POT-2.webp 305w, https:\/\/www.aphyllanthe.fr\/association\/wp-content\/uploads\/2022\/01\/POT-2-300x288.webp 300w\" sizes=\"auto, (max-width: 305px) 100vw, 305px\" \/><\/a><\/figure>\n\n\n\n<figure class=\"wp-block-image size-large\"><a href=\"https:\/\/www.aphyllanthe.fr\/association\/wp-content\/uploads\/2022\/01\/POT-1.webp\"><img loading=\"lazy\" decoding=\"async\" width=\"306\" height=\"310\" data-id=\"15847\" src=\"https:\/\/www.aphyllanthe.fr\/association\/wp-content\/uploads\/2022\/01\/POT-1.webp\" alt=\"\" class=\"wp-image-15847\" srcset=\"https:\/\/www.aphyllanthe.fr\/association\/wp-content\/uploads\/2022\/01\/POT-1.webp 306w, https:\/\/www.aphyllanthe.fr\/association\/wp-content\/uploads\/2022\/01\/POT-1-296x300.webp 296w\" sizes=\"auto, (max-width: 306px) 100vw, 306px\" \/><\/a><\/figure>\n\n\n\n<figure class=\"wp-block-image size-large\"><a href=\"https:\/\/www.aphyllanthe.fr\/association\/wp-content\/uploads\/2022\/01\/POT-6.webp\"><img loading=\"lazy\" decoding=\"async\" width=\"602\" height=\"622\" data-id=\"15854\" src=\"https:\/\/www.aphyllanthe.fr\/association\/wp-content\/uploads\/2022\/01\/POT-6.webp\" alt=\"\" class=\"wp-image-15854\" srcset=\"https:\/\/www.aphyllanthe.fr\/association\/wp-content\/uploads\/2022\/01\/POT-6.webp 602w, https:\/\/www.aphyllanthe.fr\/association\/wp-content\/uploads\/2022\/01\/POT-6-290x300.webp 290w\" sizes=\"auto, (max-width: 602px) 100vw, 602px\" \/><\/a><\/figure>\n\n\n\n<figure class=\"wp-block-image size-large\"><a href=\"https:\/\/www.aphyllanthe.fr\/association\/wp-content\/uploads\/2022\/01\/POT-7.webp\"><img loading=\"lazy\" decoding=\"async\" width=\"587\" height=\"591\" data-id=\"15853\" src=\"https:\/\/www.aphyllanthe.fr\/association\/wp-content\/uploads\/2022\/01\/POT-7.webp\" alt=\"\" class=\"wp-image-15853\" srcset=\"https:\/\/www.aphyllanthe.fr\/association\/wp-content\/uploads\/2022\/01\/POT-7.webp 587w, https:\/\/www.aphyllanthe.fr\/association\/wp-content\/uploads\/2022\/01\/POT-7-298x300.webp 298w, https:\/\/www.aphyllanthe.fr\/association\/wp-content\/uploads\/2022\/01\/POT-7-150x150.webp 150w\" sizes=\"auto, (max-width: 587px) 100vw, 587px\" \/><\/a><\/figure>\n\n\n\n<figure class=\"wp-block-image size-large\"><a href=\"https:\/\/www.aphyllanthe.fr\/association\/wp-content\/uploads\/2022\/01\/POT-5.webp\"><img loading=\"lazy\" decoding=\"async\" width=\"306\" height=\"312\" data-id=\"15848\" src=\"https:\/\/www.aphyllanthe.fr\/association\/wp-content\/uploads\/2022\/01\/POT-5.webp\" alt=\"\" class=\"wp-image-15848\" srcset=\"https:\/\/www.aphyllanthe.fr\/association\/wp-content\/uploads\/2022\/01\/POT-5.webp 306w, https:\/\/www.aphyllanthe.fr\/association\/wp-content\/uploads\/2022\/01\/POT-5-294x300.webp 294w\" sizes=\"auto, (max-width: 306px) 100vw, 306px\" \/><\/a><\/figure>\n\n\n\n<figure class=\"wp-block-image size-large\"><a href=\"https:\/\/www.aphyllanthe.fr\/association\/wp-content\/uploads\/2022\/01\/POT-3.webp\"><img loading=\"lazy\" decoding=\"async\" width=\"307\" height=\"302\" data-id=\"15849\" src=\"https:\/\/www.aphyllanthe.fr\/association\/wp-content\/uploads\/2022\/01\/POT-3.webp\" alt=\"\" class=\"wp-image-15849\" srcset=\"https:\/\/www.aphyllanthe.fr\/association\/wp-content\/uploads\/2022\/01\/POT-3.webp 307w, https:\/\/www.aphyllanthe.fr\/association\/wp-content\/uploads\/2022\/01\/POT-3-300x295.webp 300w\" sizes=\"auto, (max-width: 307px) 100vw, 307px\" \/><\/a><\/figure>\n\n\n\n<figure class=\"wp-block-image size-large\"><a href=\"https:\/\/www.aphyllanthe.fr\/association\/wp-content\/uploads\/2022\/01\/POT-8.webp\"><img loading=\"lazy\" decoding=\"async\" width=\"304\" height=\"302\" data-id=\"15855\" src=\"https:\/\/www.aphyllanthe.fr\/association\/wp-content\/uploads\/2022\/01\/POT-8.webp\" alt=\"\" class=\"wp-image-15855\" srcset=\"https:\/\/www.aphyllanthe.fr\/association\/wp-content\/uploads\/2022\/01\/POT-8.webp 304w, https:\/\/www.aphyllanthe.fr\/association\/wp-content\/uploads\/2022\/01\/POT-8-300x298.webp 300w, https:\/\/www.aphyllanthe.fr\/association\/wp-content\/uploads\/2022\/01\/POT-8-150x150.webp 150w\" sizes=\"auto, (max-width: 304px) 100vw, 304px\" \/><\/a><\/figure>\n\n\n\n<figure class=\"wp-block-image size-large\"><a href=\"https:\/\/www.aphyllanthe.fr\/association\/wp-content\/uploads\/2022\/01\/POT-4.webp\"><img loading=\"lazy\" decoding=\"async\" width=\"307\" height=\"311\" data-id=\"15846\" src=\"https:\/\/www.aphyllanthe.fr\/association\/wp-content\/uploads\/2022\/01\/POT-4.webp\" alt=\"\" class=\"wp-image-15846\" srcset=\"https:\/\/www.aphyllanthe.fr\/association\/wp-content\/uploads\/2022\/01\/POT-4.webp 307w, https:\/\/www.aphyllanthe.fr\/association\/wp-content\/uploads\/2022\/01\/POT-4-296x300.webp 296w\" sizes=\"auto, (max-width: 307px) 100vw, 307px\" \/><\/a><\/figure>\n\n\n\n<figure class=\"wp-block-image size-large\"><a href=\"https:\/\/www.aphyllanthe.fr\/association\/wp-content\/uploads\/2022\/01\/POT-9.webp\"><img loading=\"lazy\" decoding=\"async\" width=\"448\" height=\"589\" data-id=\"15852\" src=\"https:\/\/www.aphyllanthe.fr\/association\/wp-content\/uploads\/2022\/01\/POT-9.webp\" alt=\"\" class=\"wp-image-15852\" srcset=\"https:\/\/www.aphyllanthe.fr\/association\/wp-content\/uploads\/2022\/01\/POT-9.webp 448w, https:\/\/www.aphyllanthe.fr\/association\/wp-content\/uploads\/2022\/01\/POT-9-228x300.webp 228w\" sizes=\"auto, (max-width: 448px) 100vw, 448px\" \/><\/a><\/figure>\n<\/figure>\n\n\n\n<p><strong>Modalit\u00e9s <\/strong><\/p>\n\n\n\n<p>10h &#8211; 12h30<br \/>1er samedi du mois &#8211; saison 2022-2023 : 8 s\u00e9ances<br \/>Tarif : 120\u20ac (terre et cuisson compris)<br \/>Inscription en d\u00e9but d\u2019ann\u00e9e<\/p>\n\n\n\n<p>Merci de contacter le secr\u00e9tariat pour vous inscrire :<br \/>t\u00e9l. au 04 66 22 10 20 \/ mail : aphyllanthe@orange.fr.<\/p>\n","protected":false},"excerpt":{"rendered":"<p>Attention : pour la saison 2023-2024, ces stages ne sont pas sur le programme. L&rsquo;Association propose des stages de poterie mensuels pour adultes et ados entre octobre et juin. Ces stages d&rsquo;une dur\u00e9e de 2h30, ont lieu le premier samedi du mois. Marie Ducatel, d\u00e9j\u00e0 appr\u00e9ci\u00e9e pour ses ateliers de poterie pour enfants, anime ces &hellip; <a href=\"https:\/\/www.aphyllanthe.fr\/association\/stages-de-poterie\/\" class=\"more-link\">Continuer la lecture de <span class=\"screen-reader-text\">Stages de Poterie adultes<\/span>  <span class=\"meta-nav\">&rarr;<\/span><\/a><\/p>\n","protected":false},"author":1,"featured_media":0,"parent":0,"menu_order":0,"comment_status":"closed","ping_status":"closed","template":"","meta":{"footnotes":""},"class_list":["post-10280","page","type-page","status-publish","hentry"],"_links":{"self":[{"href":"https:\/\/www.aphyllanthe.fr\/association\/wp-json\/wp\/v2\/pages\/10280","targetHints":{"allow":["GET"]}}],"collection":[{"href":"https:\/\/www.aphyllanthe.fr\/association\/wp-json\/wp\/v2\/pages"}],"about":[{"href":"https:\/\/www.aphyllanthe.fr\/association\/wp-json\/wp\/v2\/types\/page"}],"author":[{"embeddable":true,"href":"https:\/\/www.aphyllanthe.fr\/association\/wp-json\/wp\/v2\/users\/1"}],"replies":[{"embeddable":true,"href":"https:\/\/www.aphyllanthe.fr\/association\/wp-json\/wp\/v2\/comments?post=10280"}],"version-history":[{"count":8,"href":"https:\/\/www.aphyllanthe.fr\/association\/wp-json\/wp\/v2\/pages\/10280\/revisions"}],"predecessor-version":[{"id":19498,"href":"https:\/\/www.aphyllanthe.fr\/association\/wp-json\/wp\/v2\/pages\/10280\/revisions\/19498"}],"wp:attachment":[{"href":"https:\/\/www.aphyllanthe.fr\/association\/wp-json\/wp\/v2\/media?parent=10280"}],"curies":[{"name":"wp","href":"https:\/\/api.w.org\/{rel}","templated":true}]}}