{"id":10350,"date":"2019-09-22T14:38:39","date_gmt":"2019-09-22T13:38:39","guid":{"rendered":"https:\/\/www.aphyllanthe.fr\/association\/?page_id=10350"},"modified":"2019-11-13T18:36:05","modified_gmt":"2019-11-13T17:36:05","slug":"pres-de-chez-nous","status":"publish","type":"page","link":"https:\/\/www.aphyllanthe.fr\/association\/pres-de-chez-nous\/","title":{"rendered":"Pr\u00e8s de chez nous"},"content":{"rendered":"<figure id=\"attachment_6698\" aria-describedby=\"caption-attachment-6698\" style=\"width: 1920px\" class=\"wp-caption aligncenter\"><img loading=\"lazy\" decoding=\"async\" class=\"size-full wp-image-6698\" src=\"https:\/\/www.aphyllanthe.fr\/association\/wp-content\/uploads\/2017\/12\/rando-groupe.jpg\" alt=\"\" width=\"1920\" height=\"251\" srcset=\"https:\/\/www.aphyllanthe.fr\/association\/wp-content\/uploads\/2017\/12\/rando-groupe.jpg 1920w, https:\/\/www.aphyllanthe.fr\/association\/wp-content\/uploads\/2017\/12\/rando-groupe-300x39.jpg 300w, https:\/\/www.aphyllanthe.fr\/association\/wp-content\/uploads\/2017\/12\/rando-groupe-768x100.jpg 768w, https:\/\/www.aphyllanthe.fr\/association\/wp-content\/uploads\/2017\/12\/rando-groupe-1024x134.jpg 1024w, https:\/\/www.aphyllanthe.fr\/association\/wp-content\/uploads\/2017\/12\/rando-groupe-600x78.jpg 600w, https:\/\/www.aphyllanthe.fr\/association\/wp-content\/uploads\/2017\/12\/rando-groupe-1320x173.jpg 1320w\" sizes=\"auto, (max-width: 1920px) 100vw, 1920px\" \/><figcaption id=\"caption-attachment-6698\" class=\"wp-caption-text\">nos adh\u00e9rents<\/figcaption><\/figure>\n<p>Dans le souhait de rendre davantage de service aux adh\u00e9rents de l&rsquo;Association, le Conseil d&rsquo;Administration a d\u00e9cid\u00e9 d&rsquo;ouvrir un agenda en ligne pour annoncer l\u2019actualit\u00e9 <strong>\u00ab\u00a0Pr\u00e8s de chez nous\u00a0\u00bb<\/strong>. Dans ce calendrier nous publierons, soit sur demande, soit \u00e0 notre initiative, des infos susceptibles d&rsquo;int\u00e9resser nos adh\u00e9rents comme par exemple :  <!--more--><\/p>\n<ul>\n<li>une annonce d&rsquo;une exposition d&rsquo;un de nos adh\u00e9rents (plusieurs de nos adh\u00e9rents sont des artistes accomplis)<\/li>\n<li>une occasion de sortie \u00e0 prix r\u00e9duit (sans que ce soit organis\u00e9 par l&rsquo;Aphyllanthe)<\/li>\n<li>des informations sur le r\u00e9seau des biblioth\u00e8ques de la CCPU (selon la pertinence)<\/li>\n<li>une information de la CCPU pouvant int\u00e9resser nos adh\u00e9rents<\/li>\n<li>une information sur une initiative, une sortie, ou une offre d&rsquo;une association du secteur<\/li>\n<li>des informations venant de nos partenaires (CAF, Mairies, D\u00e9partement, R\u00e9gion) selon la pertinence pour nos adh\u00e9rents.<\/li>\n<\/ul>\n<p><strong>Vous \u00eates adh\u00e9rent ? Vous organisez une sortie, un \u00e9v\u00e9nement, une exposition ? Merci de nous en informer. <\/strong><\/p>\n<p>D\u00e8s \u00e0 pr\u00e9sent, vous pouvez demander la publication de vos informations en cliquant sur <a href=\"mailto:contact@aphyllanthe.fr?subject=Informations pour votre rubrique 'Pr\u00e8s de chez nous'\">ce lien<\/a>.<\/p>\n","protected":false},"excerpt":{"rendered":"<p>Dans le souhait de rendre davantage de service aux adh\u00e9rents de l&rsquo;Association, le Conseil d&rsquo;Administration a d\u00e9cid\u00e9 d&rsquo;ouvrir un agenda en ligne pour annoncer l\u2019actualit\u00e9 \u00ab\u00a0Pr\u00e8s de chez nous\u00a0\u00bb. Dans ce calendrier nous publierons, soit sur demande, soit \u00e0 notre initiative, des infos susceptibles d&rsquo;int\u00e9resser nos adh\u00e9rents comme par exemple :<\/p>\n","protected":false},"author":1,"featured_media":0,"parent":0,"menu_order":0,"comment_status":"closed","ping_status":"closed","template":"","meta":{"footnotes":""},"class_list":["post-10350","page","type-page","status-publish","hentry"],"_links":{"self":[{"href":"https:\/\/www.aphyllanthe.fr\/association\/wp-json\/wp\/v2\/pages\/10350","targetHints":{"allow":["GET"]}}],"collection":[{"href":"https:\/\/www.aphyllanthe.fr\/association\/wp-json\/wp\/v2\/pages"}],"about":[{"href":"https:\/\/www.aphyllanthe.fr\/association\/wp-json\/wp\/v2\/types\/page"}],"author":[{"embeddable":true,"href":"https:\/\/www.aphyllanthe.fr\/association\/wp-json\/wp\/v2\/users\/1"}],"replies":[{"embeddable":true,"href":"https:\/\/www.aphyllanthe.fr\/association\/wp-json\/wp\/v2\/comments?post=10350"}],"version-history":[{"count":0,"href":"https:\/\/www.aphyllanthe.fr\/association\/wp-json\/wp\/v2\/pages\/10350\/revisions"}],"wp:attachment":[{"href":"https:\/\/www.aphyllanthe.fr\/association\/wp-json\/wp\/v2\/media?parent=10350"}],"curies":[{"name":"wp","href":"https:\/\/api.w.org\/{rel}","templated":true}]}}