{"id":10903,"date":"2019-11-13T18:12:27","date_gmt":"2019-11-13T17:12:27","guid":{"rendered":"https:\/\/www.aphyllanthe.fr\/association\/?page_id=10903"},"modified":"2023-11-20T11:43:18","modified_gmt":"2023-11-20T10:43:18","slug":"expos-et-bon-plans","status":"publish","type":"page","link":"https:\/\/www.aphyllanthe.fr\/association\/expos-et-bon-plans\/","title":{"rendered":"Expos et bon plans (jusqu&rsquo;\u00e0 07\/2023)"},"content":{"rendered":"<p style=\"text-align: center;\"><strong>Saint-G\u00e9ni\u00e8s de Malgoires<\/strong> :<\/p>\n<p style=\"text-align: left;\"><strong>Festival de th\u00e9\u00e2tre amateur du 16 au 21 novembre<\/strong><br \/>\nAvec la pi\u00e8ce <strong>Un stylo dans la t\u00eate<\/strong> par la Compagnie de l&rsquo;Ours.<br \/>\n<strong>Lien vers le programme du festival<a href=\"https:\/\/www.aphyllanthe.fr\/association\/pdf\/2023-11-festival-th%C3%A9%C3%A2tre-st-genies.pdf\" target=\"_blank\" rel=\"noopener\"> ici<\/a><\/strong>.<br \/>\n<a href=\"https:\/\/www.aphyllanthe.fr\/association\/wp-content\/uploads\/2023\/11\/STYLO-DANS-LA-TETE.webp\"><img loading=\"lazy\" decoding=\"async\" class=\"alignnone size-medium wp-image-20002\" src=\"https:\/\/www.aphyllanthe.fr\/association\/wp-content\/uploads\/2023\/11\/STYLO-DANS-LA-TETE-170x300.webp\" alt=\"\" width=\"170\" height=\"300\" srcset=\"https:\/\/www.aphyllanthe.fr\/association\/wp-content\/uploads\/2023\/11\/STYLO-DANS-LA-TETE-170x300.webp 170w, https:\/\/www.aphyllanthe.fr\/association\/wp-content\/uploads\/2023\/11\/STYLO-DANS-LA-TETE.webp 338w\" sizes=\"auto, (max-width: 170px) 100vw, 170px\" \/><\/a><\/p>\n<p><strong>March\u00e9 de No\u00ebl 2 et 3 d\u00e9cembre<\/strong> avec la pr\u00e9sence de Marie-Madeleine Faure qui d\u00e9dicacera son dernier ouvrage <strong>Comme une odeur de croissants chauds.<\/strong><a href=\"https:\/\/www.aphyllanthe.fr\/association\/seance-de-dedicace-a-laphyllanthe\/\" target=\"_blank\" rel=\"noopener\"><br \/>\nLien vers notre article ici<\/a>.<br \/>\n<a href=\"https:\/\/www.aphyllanthe.fr\/association\/wp-content\/uploads\/2023\/11\/2023-12-MARCHE-DE-NOEL.webp\"><img loading=\"lazy\" decoding=\"async\" class=\"alignnone size-medium wp-image-20004\" src=\"https:\/\/www.aphyllanthe.fr\/association\/wp-content\/uploads\/2023\/11\/2023-12-MARCHE-DE-NOEL-214x300.webp\" alt=\"\" width=\"214\" height=\"300\" srcset=\"https:\/\/www.aphyllanthe.fr\/association\/wp-content\/uploads\/2023\/11\/2023-12-MARCHE-DE-NOEL-214x300.webp 214w, https:\/\/www.aphyllanthe.fr\/association\/wp-content\/uploads\/2023\/11\/2023-12-MARCHE-DE-NOEL.webp 438w\" sizes=\"auto, (max-width: 214px) 100vw, 214px\" \/><\/a><\/p>\n<p><strong>Projet participatif gratuit du festival POP UP de la Maison Danse<a href=\"https:\/\/www.aphyllanthe.fr\/association\/wp-content\/uploads\/2023\/10\/2023-10-DES-FORETS-DES-LUNES.webp\"><img loading=\"lazy\" decoding=\"async\" class=\"alignnone size-medium wp-image-19780\" src=\"https:\/\/www.aphyllanthe.fr\/association\/wp-content\/uploads\/2023\/10\/2023-10-DES-FORETS-DES-LUNES-211x300.webp\" alt=\"\" width=\"211\" height=\"300\" srcset=\"https:\/\/www.aphyllanthe.fr\/association\/wp-content\/uploads\/2023\/10\/2023-10-DES-FORETS-DES-LUNES-211x300.webp 211w, https:\/\/www.aphyllanthe.fr\/association\/wp-content\/uploads\/2023\/10\/2023-10-DES-FORETS-DES-LUNES.webp 535w\" sizes=\"auto, (max-width: 211px) 100vw, 211px\" \/><\/a><\/strong><br \/>\n<strong>Contact :<\/strong> Anne-Claire Chaptal ou Pauline Marques 06 62 50 87 79 \/ publics@lamaison-cdcn.fr<br \/>\n<strong>Lien vers le <a href=\"https:\/\/www.lamaison-cdcn.fr\/\" target=\"_blank\" rel=\"noopener\">festival Pop Up ici<\/a><\/strong>.<\/p>\n<p><strong>Loto du Club de l&rsquo;Arque<\/strong> dimanche 15 octobre \u00e0 14h \u00e0 la salle polyvalente de Foissac.<br \/>\n<strong>Contact :<\/strong> clubdelarque@gmail.com<a href=\"https:\/\/www.aphyllanthe.fr\/association\/wp-content\/uploads\/2023\/10\/LOTO.webp\"><img loading=\"lazy\" decoding=\"async\" class=\"size-medium wp-image-19778 aligncenter\" src=\"https:\/\/www.aphyllanthe.fr\/association\/wp-content\/uploads\/2023\/10\/LOTO-226x300.webp\" alt=\"\" width=\"226\" height=\"300\" srcset=\"https:\/\/www.aphyllanthe.fr\/association\/wp-content\/uploads\/2023\/10\/LOTO-226x300.webp 226w, https:\/\/www.aphyllanthe.fr\/association\/wp-content\/uploads\/2023\/10\/LOTO.webp 644w\" sizes=\"auto, (max-width: 226px) 100vw, 226px\" \/><\/a><\/p>\n<p><strong>Salon du livre de Quissac le 14 octobre<\/strong> avec la participation de <strong>Marie-Madeleine Faure Julian<\/strong> avec ses diff\u00e9rents ouvrages \u00e9dit\u00e9s, dont le dernier, <em>Comme un parfum de croissants chauds<\/em>.<a href=\"https:\/\/www.aphyllanthe.fr\/association\/wp-content\/uploads\/2023\/10\/CROISSANTS-1.webp\"><img loading=\"lazy\" decoding=\"async\" class=\"alignnone wp-image-19782 size-medium\" src=\"https:\/\/www.aphyllanthe.fr\/association\/wp-content\/uploads\/2023\/10\/CROISSANTS-1-216x300.webp\" alt=\"\" width=\"216\" height=\"300\" srcset=\"https:\/\/www.aphyllanthe.fr\/association\/wp-content\/uploads\/2023\/10\/CROISSANTS-1-216x300.webp 216w, https:\/\/www.aphyllanthe.fr\/association\/wp-content\/uploads\/2023\/10\/CROISSANTS-1.webp 369w\" sizes=\"auto, (max-width: 216px) 100vw, 216px\" \/><\/a><\/p>\n<p>L&rsquo;association <strong>La Brigandine<\/strong> organise un <strong>festival de danse du 15 au 17 septembre 2023<\/strong>. Trois journ\u00e9es et soir\u00e9es d&rsquo;ateliers et de propositions diverses.<br \/>\n<strong>Contact :<\/strong> 06 75 69 85 00 \/ 06 18 48 12 30<br \/>\n<strong>Mail :<\/strong> contact.labrigandine@gmail.com<a href=\"https:\/\/www.aphyllanthe.fr\/association\/pdf\/brigandine-2023-09.pdf\" target=\"_blank\" rel=\"noopener\"><img loading=\"lazy\" decoding=\"async\" class=\"size-medium wp-image-19454 aligncenter\" src=\"https:\/\/www.aphyllanthe.fr\/association\/wp-content\/uploads\/2023\/09\/BRIGANDINE-218x300.webp\" alt=\"\" width=\"218\" height=\"300\" srcset=\"https:\/\/www.aphyllanthe.fr\/association\/wp-content\/uploads\/2023\/09\/BRIGANDINE-218x300.webp 218w, https:\/\/www.aphyllanthe.fr\/association\/wp-content\/uploads\/2023\/09\/BRIGANDINE.webp 649w\" sizes=\"auto, (max-width: 218px) 100vw, 218px\" \/><\/a><em><br \/>\n<\/em><\/p>\n<p><strong>L&rsquo;association pour la d\u00e9fense du patrimoine communal de Baron<\/strong> organise un vide grenier <strong>dimanche 17 septembre 2023<\/strong>.<a href=\"https:\/\/www.aphyllanthe.fr\/association\/wp-content\/uploads\/2023\/09\/VIDE-GRENIER-BARON-scaled.webp\"><img loading=\"lazy\" decoding=\"async\" class=\"size-medium wp-image-19452 aligncenter\" src=\"https:\/\/www.aphyllanthe.fr\/association\/wp-content\/uploads\/2023\/09\/VIDE-GRENIER-BARON-211x300.webp\" alt=\"\" width=\"211\" height=\"300\" srcset=\"https:\/\/www.aphyllanthe.fr\/association\/wp-content\/uploads\/2023\/09\/VIDE-GRENIER-BARON-211x300.webp 211w, https:\/\/www.aphyllanthe.fr\/association\/wp-content\/uploads\/2023\/09\/VIDE-GRENIER-BARON-721x1024.webp 721w, https:\/\/www.aphyllanthe.fr\/association\/wp-content\/uploads\/2023\/09\/VIDE-GRENIER-BARON-768x1091.webp 768w, https:\/\/www.aphyllanthe.fr\/association\/wp-content\/uploads\/2023\/09\/VIDE-GRENIER-BARON-1082x1536.webp 1082w, https:\/\/www.aphyllanthe.fr\/association\/wp-content\/uploads\/2023\/09\/VIDE-GRENIER-BARON-1442x2048.webp 1442w, https:\/\/www.aphyllanthe.fr\/association\/wp-content\/uploads\/2023\/09\/VIDE-GRENIER-BARON-1320x1874.webp 1320w, https:\/\/www.aphyllanthe.fr\/association\/wp-content\/uploads\/2023\/09\/VIDE-GRENIER-BARON-scaled.webp 1803w\" sizes=\"auto, (max-width: 211px) 100vw, 211px\" \/><\/a><\/p>\n<p>L&rsquo;association <strong>J&rsquo;enracine<\/strong> organise une soir\u00e9e paysanne \u00e0 \u00e0 la ferme du <strong>Clos d&rsquo;Uz\u00e8s<\/strong>, \u00e0 Montaren <strong>Vendredi 7 juillet 2023 \u00e0 partir de 18h.<\/strong><br \/>\n<a href=\"https:\/\/jenracine.fr\/?Accueil\" target=\"_blank\" rel=\"noopener\">Toutes les infos ici<\/a><\/p>\n<p><a href=\"https:\/\/www.aphyllanthe.fr\/association\/wp-content\/uploads\/2023\/07\/FLYER-JENRACINE.webp\"><img loading=\"lazy\" decoding=\"async\" class=\"alignnone size-medium wp-image-18997\" src=\"https:\/\/www.aphyllanthe.fr\/association\/wp-content\/uploads\/2023\/07\/FLYER-JENRACINE-300x213.webp\" alt=\"\" width=\"300\" height=\"213\" srcset=\"https:\/\/www.aphyllanthe.fr\/association\/wp-content\/uploads\/2023\/07\/FLYER-JENRACINE-300x213.webp 300w, https:\/\/www.aphyllanthe.fr\/association\/wp-content\/uploads\/2023\/07\/FLYER-JENRACINE-768x545.webp 768w, https:\/\/www.aphyllanthe.fr\/association\/wp-content\/uploads\/2023\/07\/FLYER-JENRACINE.webp 962w\" sizes=\"auto, (max-width: 300px) 100vw, 300px\" \/><\/a><\/p>\n<p><strong>Chorale A tout Ch\u0153ur<a href=\"https:\/\/www.aphyllanthe.fr\/association\/wp-content\/uploads\/2023\/05\/ATOUTCHOEUR.webp\"><img loading=\"lazy\" decoding=\"async\" class=\"wp-image-18733 size-medium aligncenter\" src=\"https:\/\/www.aphyllanthe.fr\/association\/wp-content\/uploads\/2023\/05\/ATOUTCHOEUR-300x183.webp\" alt=\"\" width=\"300\" height=\"183\" srcset=\"https:\/\/www.aphyllanthe.fr\/association\/wp-content\/uploads\/2023\/05\/ATOUTCHOEUR-300x183.webp 300w, https:\/\/www.aphyllanthe.fr\/association\/wp-content\/uploads\/2023\/05\/ATOUTCHOEUR-768x468.webp 768w, https:\/\/www.aphyllanthe.fr\/association\/wp-content\/uploads\/2023\/05\/ATOUTCHOEUR.webp 828w\" sizes=\"auto, (max-width: 300px) 100vw, 300px\" \/><\/a><\/strong><br \/>\nLa chorale A tout Ch\u0153ur de Serviers vient en voisine pr\u00e9senter son r\u00e9pertoire dans la cour de la mairie <strong>Vendredi 2 juin 2023 \u00e0 18h00<\/strong><br \/>\n<a href=\"https:\/\/www.aphyllanthe.fr\/association\/pdf\/06-2023-affiche-a-tout-choeur.pdf\" target=\"_blank\" rel=\"noopener\">Toutes les infos ici<\/a><\/p>\n<p><strong>Association ABA<a href=\"https:\/\/www.aphyllanthe.fr\/association\/wp-content\/uploads\/2023\/04\/ABA-2.webp\"><img loading=\"lazy\" decoding=\"async\" class=\"wp-image-18534 alignleft\" src=\"https:\/\/www.aphyllanthe.fr\/association\/wp-content\/uploads\/2023\/04\/ABA-2-300x229.webp\" alt=\"\" width=\"187\" height=\"143\" srcset=\"https:\/\/www.aphyllanthe.fr\/association\/wp-content\/uploads\/2023\/04\/ABA-2-300x229.webp 300w, https:\/\/www.aphyllanthe.fr\/association\/wp-content\/uploads\/2023\/04\/ABA-2.webp 455w\" sizes=\"auto, (max-width: 187px) 100vw, 187px\" \/><\/a><\/strong><br \/>\nL&rsquo;association ABA organise\u00a0sa journ\u00e9e d\u00e9couverte du patrimoine samedi 13 mai.<br \/>\n<strong>Date limite des inscriptions : vendredi 5 mai<\/strong><br \/>\n<a href=\"https:\/\/www.aphyllanthe.fr\/association\/pdf\/aba-samedi-13-05-23.pdf\" target=\"_blank\" rel=\"noopener\">Toutes les infos ici<\/a><\/p>\n<p><strong>L&rsquo;Artelier<\/strong><\/p>\n<p>Lynda et Gerard Bellaiche seront heureux de recevoir les membres de l\u2019Association l&rsquo;Aphyllanthe, leurs famille et leurs amis \u00e0 l\u2019ancienne \u00c9cole de Bourdiguet. Une exposition permanente des cr\u00e9ations de G\u00e9rard, sculptures et photographies, se tient dans la galerie et le jardin de l\u2019\u00e9cole. Les visites sont sur rendez-vous. Contacter L\u2019ARTELIER, 6 Chemin de l\u2019\u00c9cole, Bourdiguet, AIGALIERS 30700 tel: 04 66 57 26 41. <a href=\"mailto:metalmorphosis@orange.fr\">courriel<\/a><\/p>\n<div id='gallery-1' class='gallery galleryid-10903 gallery-columns-3 gallery-size-thumbnail'><figure class='gallery-item'>\n\t\t\t<div class='gallery-icon landscape'>\n\t\t\t\t<a href='https:\/\/www.aphyllanthe.fr\/association\/wp-content\/uploads\/2019\/09\/groupe-artelier.jpeg'><img loading=\"lazy\" decoding=\"async\" width=\"150\" height=\"150\" src=\"https:\/\/www.aphyllanthe.fr\/association\/wp-content\/uploads\/2019\/09\/groupe-artelier-150x150.jpeg\" class=\"attachment-thumbnail size-thumbnail\" alt=\"\" aria-describedby=\"gallery-1-10347\" \/><\/a>\n\t\t\t<\/div>\n\t\t\t\t<figcaption class='wp-caption-text gallery-caption' id='gallery-1-10347'>\n\t\t\t\tVisiteurs avec G\u00e9rard Bellaiche dans l&rsquo;Artelier\n\t\t\t\t<\/figcaption><\/figure><figure class='gallery-item'>\n\t\t\t<div class='gallery-icon landscape'>\n\t\t\t\t<a href='https:\/\/www.aphyllanthe.fr\/association\/wp-content\/uploads\/2019\/09\/artelier.jpg'><img loading=\"lazy\" decoding=\"async\" width=\"150\" height=\"150\" src=\"https:\/\/www.aphyllanthe.fr\/association\/wp-content\/uploads\/2019\/09\/artelier-150x150.jpg\" class=\"attachment-thumbnail size-thumbnail\" alt=\"\" aria-describedby=\"gallery-1-10349\" \/><\/a>\n\t\t\t<\/div>\n\t\t\t\t<figcaption class='wp-caption-text gallery-caption' id='gallery-1-10349'>\n\t\t\t\tl&rsquo;Artelier &#8211; la cour\n\t\t\t\t<\/figcaption><\/figure><figure class='gallery-item'>\n\t\t\t<div class='gallery-icon landscape'>\n\t\t\t\t<a href='https:\/\/www.aphyllanthe.fr\/association\/wp-content\/uploads\/2019\/09\/salle-d-exposition.jpeg'><img loading=\"lazy\" decoding=\"async\" width=\"150\" height=\"150\" src=\"https:\/\/www.aphyllanthe.fr\/association\/wp-content\/uploads\/2019\/09\/salle-d-exposition-150x150.jpeg\" class=\"attachment-thumbnail size-thumbnail\" alt=\"\" aria-describedby=\"gallery-1-10348\" \/><\/a>\n\t\t\t<\/div>\n\t\t\t\t<figcaption class='wp-caption-text gallery-caption' id='gallery-1-10348'>\n\t\t\t\tSalle d&rsquo;expo de l&rsquo;Artelier\n\t\t\t\t<\/figcaption><\/figure>\n\t\t<\/div>\n\n<figure id=\"attachment_14627\" aria-describedby=\"caption-attachment-14627\" style=\"width: 210px\" class=\"wp-caption alignright\"><a href=\"https:\/\/www.aphyllanthe.fr\/association\/expos-et-bon-plans\/metamorphosis\/\" rel=\"attachment wp-att-14627\"><img loading=\"lazy\" decoding=\"async\" class=\"size-medium wp-image-14627\" src=\"https:\/\/www.aphyllanthe.fr\/association\/wp-content\/uploads\/2021\/07\/metamorphosis-210x300.jpg\" alt=\"\" width=\"210\" height=\"300\" srcset=\"https:\/\/www.aphyllanthe.fr\/association\/wp-content\/uploads\/2021\/07\/metamorphosis-210x300.jpg 210w, https:\/\/www.aphyllanthe.fr\/association\/wp-content\/uploads\/2021\/07\/metamorphosis.jpg 439w\" sizes=\"auto, (max-width: 210px) 100vw, 210px\" \/><\/a><figcaption id=\"caption-attachment-14627\" class=\"wp-caption-text\">metamorphosis<\/figcaption><\/figure>\n<p>Vous \u00eates les bienvenus \u00e0 Bourdiguet pour voir ses derni\u00e8res cr\u00e9ations.<\/p>\n<p>You are welcome to come to Bourdiguet to see his recent works.<\/p>\n","protected":false},"excerpt":{"rendered":"<p>Saint-G\u00e9ni\u00e8s de Malgoires : Festival de th\u00e9\u00e2tre amateur du 16 au 21 novembre Avec la pi\u00e8ce Un stylo dans la t\u00eate par la Compagnie de l&rsquo;Ours. Lien vers le programme du festival ici. March\u00e9 de No\u00ebl 2 et 3 d\u00e9cembre avec la pr\u00e9sence de Marie-Madeleine Faure qui d\u00e9dicacera son dernier ouvrage Comme une odeur de &hellip; <a href=\"https:\/\/www.aphyllanthe.fr\/association\/expos-et-bon-plans\/\" class=\"more-link\">Continuer la lecture de <span class=\"screen-reader-text\">Expos et bon plans (jusqu&rsquo;\u00e0 07\/2023)<\/span>  <span class=\"meta-nav\">&rarr;<\/span><\/a><\/p>\n","protected":false},"author":1,"featured_media":0,"parent":0,"menu_order":0,"comment_status":"closed","ping_status":"closed","template":"","meta":{"footnotes":""},"class_list":["post-10903","page","type-page","status-publish","hentry"],"_links":{"self":[{"href":"https:\/\/www.aphyllanthe.fr\/association\/wp-json\/wp\/v2\/pages\/10903","targetHints":{"allow":["GET"]}}],"collection":[{"href":"https:\/\/www.aphyllanthe.fr\/association\/wp-json\/wp\/v2\/pages"}],"about":[{"href":"https:\/\/www.aphyllanthe.fr\/association\/wp-json\/wp\/v2\/types\/page"}],"author":[{"embeddable":true,"href":"https:\/\/www.aphyllanthe.fr\/association\/wp-json\/wp\/v2\/users\/1"}],"replies":[{"embeddable":true,"href":"https:\/\/www.aphyllanthe.fr\/association\/wp-json\/wp\/v2\/comments?post=10903"}],"version-history":[{"count":18,"href":"https:\/\/www.aphyllanthe.fr\/association\/wp-json\/wp\/v2\/pages\/10903\/revisions"}],"predecessor-version":[{"id":20055,"href":"https:\/\/www.aphyllanthe.fr\/association\/wp-json\/wp\/v2\/pages\/10903\/revisions\/20055"}],"wp:attachment":[{"href":"https:\/\/www.aphyllanthe.fr\/association\/wp-json\/wp\/v2\/media?parent=10903"}],"curies":[{"name":"wp","href":"https:\/\/api.w.org\/{rel}","templated":true}]}}