{"id":12051,"date":"2020-03-25T21:36:07","date_gmt":"2020-03-25T20:36:07","guid":{"rendered":"https:\/\/www.aphyllanthe.fr\/association\/?page_id=12051"},"modified":"2026-01-04T11:31:47","modified_gmt":"2026-01-04T10:31:47","slug":"parentalite","status":"publish","type":"page","link":"https:\/\/www.aphyllanthe.fr\/association\/parentalite\/","title":{"rendered":"Parentalit\u00e9"},"content":{"rendered":"<h3>Soutien \u00e0 la parentalit\u00e9<\/h3>\n<p><strong>L&rsquo;Aphyllanthe participe depuis plus de 20 ans aux actions visant le soutien de la parentalit\u00e9. <\/strong><\/p>\n<p>Les actions de soutien \u00e0 la parentalit\u00e9 s\u2019enracinent dans une tr\u00e8s longue s\u00e9rie de savoirs et de pratiques d\u2019\u00e9ducation des parents apparues d\u00e8s le XIXe si\u00e8cle en Europe et en Am\u00e9rique du Nord, au d\u00e9part principalement dans une perspective sanitaire de lutte contre la mortalit\u00e9 infantile et avec le plus souvent un ciblage sur le r\u00f4le des m\u00e8res. De nombreux savoirs, id\u00e9es ou id\u00e9aux ont \u00e9merg\u00e9 au fil de cette histoire, parmi lesquels on peut mentionner le natalisme, l\u2019\u00e9ducation parentale, les approches sociologiques, psychologiques ou psychanalytiques et cliniques diverses, et plus r\u00e9cemment les childhood studies2, le comportementalisme, et l\u2019\u00e9ducation positive ou bienveillante.<\/p>\n<p>La parentalit\u00e9 d\u00e9signe l\u2019ensemble des fa\u00e7ons d\u2019\u00eatre et de vivre le fait d\u2019\u00eatre parent. C\u2019est un processus qui conjugue les diff\u00e9rentes dimensions de la fonction parentale, mat\u00e9rielle, psychologique, morale, culturelle, sociale.<\/p>\n<p>Elle qualifie le lien entre un adulte et un enfant, quelle que soit la structure familiale dans laquelle il s\u2019inscrit, dans le but d\u2019assurer le soin, le d\u00e9veloppement et l\u2019\u00e9ducation de l\u2019enfant.<\/p>\n<p>Cette relation adulte\/enfant suppose un ensemble de fonctions, de droits et d\u2019obligations (morales, mat\u00e9rielles, juridiques, \u00e9ducatives, culturelles) exerc\u00e9s dans l\u2019int\u00e9r\u00eat sup\u00e9rieur de l\u2019enfant en vertu d\u2019un lien pr\u00e9vu par le droit (autorit\u00e9 parentale). Elle s\u2019inscrit dans l\u2019environnement social et \u00e9ducatif o\u00f9 vivent la famille et l\u2019enfant.<\/p>\n<p>Voir la charte nationale <a href=\"\/association\/pdf\/Charte_nationale_de_soutien_a_la_parentalite.pdf\", target=\"_blank\">ici<\/a> <\/p>\n<h3>Enfance en danger<\/h3>\n<p>Appel gratuit 24h\/24 et 7j\/7 et n\u2019apparaissant pas sur les relev\u00e9s t\u00e9l\u00e9phoniques.<br \/>\n<a href=\"https:\/\/www.allo119.gouv.fr\/\" target=\"_blank\" rel=\"noopener noreferrer\">Cliquez<\/a><\/p>\n<div style=\"clear: both;\">\n<h3>Permanence t\u00e9l\u00e9phonique<\/h3>\n<p>L&rsquo;\u00e9cole des parents et des \u00e9ducateurs du gard (<a href=\"http:\/\/www.epe30.fr\/\" target=\"_blank\" rel=\"noopener noreferrer\">EPE 30<\/a>) met en place une <strong>permanence t\u00e9l\u00e9phonique de soutien \u00e0 la parentalit\u00e9 <\/strong>du lundi au jeudi 9h\/16h30 et vendredi 9h\/12h au 07 49 24 32 20. Si vous souhaitez \u00eatre rappel\u00e9, envoyez un message \u00e0 <a href=\"mailto:epe30formation@gmail.com\">epe30formation@gmail.com<\/a> avec vos coordonn\u00e9es.<\/p>\n<h3>Ressources parentalit\u00e9<\/h3>\n<div id=\"accordion-1\" class=\"accordion no-js\"><br \/>\n\n\t\t\t\t\t<h6 role=\"button\" id=\"accordion-1-t1\" class=\"accordion-title js-accordion-controller\" aria-controls=\"accordion-1-c1\" aria-expanded=\"false\" tabindex=\"0\" data-initialstate=\"closed\">\n\t\t\t\tLes P'tits d\u00e9brouillards Occitanie\t\t\t<\/h6>\n\t\t\n\t\t<div id=\"accordion-1-c1\" class=\"accordion-content\" aria-hidden=\"true\">\n\t\t\t<br \/>\n<img loading=\"lazy\" decoding=\"async\" class=\"alignleft size-full wp-image-12652\" src=\"https:\/\/www.aphyllanthe.fr\/association\/wp-content\/uploads\/2020\/04\/d\u00e9brouillards.jpg\" alt=\"\" width=\"115\" height=\"72\" \/>Ce <a href=\"https:\/\/www.lespetitsdebrouillardsoccitanie.org\/\" target=\"_blank\" rel=\"noopener noreferrer\">site<\/a>, extr\u00eamement bien fait, regroupe une somme d&rsquo;informations, proposant une r\u00e9flexion sur les (nombreux) possibles en confinement.<br \/>\nIl touche \u00e9galement la fibre citoyenne et sociale avec un volet <a href=\"https:\/\/www.lespetitsdebrouillardsoccitanie.org\/pour-un-confinement-en-securite\/\" target=\"_blank\" rel=\"noopener noreferrer\"><em>s\u00e9curit\u00e9<\/em><\/a> de la femme et de l&rsquo;enfant.<br \/>\nA visiter dans tous les cas, quel que soit votre situation, et m\u00eame si vous allez bien.<\/p>\n<p>\t\t<\/div>\n\n\t\t\n\t\t\t\t\t<h6 role=\"button\" id=\"accordion-1-t2\" class=\"accordion-title js-accordion-controller\" aria-controls=\"accordion-1-c2\" aria-expanded=\"false\" tabindex=\"0\" data-initialstate=\"closed\">\n\t\t\t\tSite LAEP : des id\u00e9es de jeux, d'activit\u00e9s, lecture pour parents\t\t\t<\/h6>\n\t\t\n\t\t<div id=\"accordion-1-c2\" class=\"accordion-content\" aria-hidden=\"true\">\n\t\t\t<br \/>\nLe LAEP (Lieu d&rsquo;accueil enfants\/parents Anduze\/St-Jean-du-Gard) alimente <a href=\"https:\/\/www.laep.fr\" target=\"_blank\" rel=\"noopener noreferrer\">son site internet<\/a> avec des id\u00e9es de jeux, d&rsquo;activit\u00e9s, lecture pour parents,&#8230;..afin de soutenir les familles dans leurs cr\u00e9ativit\u00e9s du moment.<br \/>\nUne permanence t\u00e9l\u00e9phonique est en place tous les jours de la semaine afin de mettre \u00e0 disposition une \u00e9coute \u00e0 toutes les familles qui ont besoin d&rsquo;\u00e9changer.<\/p>\n<p>\t\t<\/div>\n\n\t\t\n\t\t\t\t\t<h6 role=\"button\" id=\"accordion-1-t3\" class=\"accordion-title js-accordion-controller\" aria-controls=\"accordion-1-c3\" aria-expanded=\"false\" tabindex=\"0\" data-initialstate=\"closed\">\n\t\t\t\t La Maison des Adolescents du Gard se r\u00e9invente\t\t\t<\/h6>\n\t\t\n\t\t<div id=\"accordion-1-c3\" class=\"accordion-content\" aria-hidden=\"true\">\n\t\t\t<\/p>\n<p>Message de<br \/>\nMargot Aguilera, Charg\u00e9e Accueil et Communication<br \/>\nMaison Des Adolescents du Gard, 34 ter rue Florian, 30900 N\u00eemes<br \/>\n04.66.05.23.46<\/p>\n<p><strong>La Maison des Adolescents se r\u00e9invente !<\/strong><\/p>\n<p>Dans ces circonstances particuli\u00e8res et malgr\u00e9 la contrainte de la fermeture de l\u2019accueil au public, les professionnels se mobilisent pour poursuivre leur engagement aupr\u00e8s des adolescents, de leurs familles et des professionnels qui les entourent. Nous adaptons nos modalit\u00e9s d&rsquo;intervention afin de mettre \u00e0 votre disposition une plateforme d&rsquo;\u00e9coute et de soutien g\u00e9r\u00e9e par les \u00e9quipes de la MDA.<\/p>\n<p><strong>Comment \u00e7a marche ?<\/strong><\/p>\n<p>Pour toute question et\/ou demande de soutien durant cette p\u00e9riode complexe, que vous soyez \u00e2g\u00e9s de 11 \u00e0 21 ans, parents d&rsquo;adolescents, ou un professionnel du champ de l\u2019adolescence, vous pouvez nous joindre via le formulaire de contact de notre site internet <a href=\"http:\/\/www.mda30.com\" target=\"_blank\" rel=\"noopener noreferrer\">www.mda30.com<\/a> ou en nous adressant un mail \u00e0 accueil@mda30.com . Lors de votre demande, laissez-nous vos coordonn\u00e9es t\u00e9l\u00e9phoniques et nous vous appellerons tr\u00e8s rapidement pour convenir avec vous d&rsquo;un possible cr\u00e9neau d\u2019entretien t\u00e9l\u00e9phonique.<\/p>\n<p>Adolescents, Familles, l&rsquo;ambiance \u00e0 la maison devient trop pesante ? Ne restez pas seuls et n\u2019h\u00e9sitez pas \u00e0 partager vos doutes et interrogations avec les professionnels de l&rsquo;adolescence. Avis aux ados, pour qui le confinement \u00e0 la maison devient difficile, Cl\u00e9mence, notre art th\u00e9rapeute, vous proposera plusieurs fois par semaine la p&rsquo;tite pause artistique pour explorer votre cr\u00e9ativit\u00e9 et vous exprimer sur votre v\u00e9cu \u00e0 travers l&rsquo;image, le dessin, la peinture, l&rsquo;\u00e9criture. Venez relever le d\u00e9fi propos\u00e9 sur notre page Facebook. Libre \u00e0 vous de partager vos productions ou pas, d\u00e8s leur finalisation ou lors de la r\u00e9ouverture\u2026on se laisse imaginer une formidable exposition collective gr\u00e2ce \u00e0 vos talents.<\/p>\n<p>Coll\u00e8gues professionnels, pour celles et ceux au front et pour les autres, impuissants \u00e0 assurer leur missions, Arp\u00e8ge, le Dispositif de Clinique Indirecte Concert\u00e9e est disponible pour vous soutenir. Comme l&rsquo;ensemble de la population, non pr\u00e9par\u00e9e \u00e0 cette p\u00e9riode de confinement, \u00e0 la fermeture des \u00e9tablissements scolaires ou p\u00e9dopsychiatriques, ces situations fragiles que vous accompagnez subissent cette crise, s&rsquo;ajoutant \u00e0 la leur. Vos \u00e9tablissements, vos services sont en premi\u00e8re ligne et doivent faire face \u00e0 une nouvelle forme de complexit\u00e9, dans une p\u00e9riode o\u00f9 elles peuvent \u00e9galement \u00eatre elles-m\u00eames fragilis\u00e9es ; l&rsquo;\u00e9quipe Arp\u00e8ge a d\u00e9cid\u00e9 de poursuivre son activit\u00e9 afin de maintenir l&rsquo;essence de sa pratique: le soutien des professionnels par la Clinique.<\/p>\n<p>En vous assurant de notre engagement \u00e0 vos c\u00f4t\u00e9s.<\/p>\n<p>\t\t<\/div>\n\n\t\t\n\t\t\t\t\t<h6 role=\"button\" id=\"accordion-1-t4\" class=\"accordion-title js-accordion-controller\" aria-controls=\"accordion-1-c4\" aria-expanded=\"false\" tabindex=\"0\" data-initialstate=\"closed\">\n\t\t\t\t La parentalit\u00e9 positive\t\t\t<\/h6>\n\t\t\n\t\t<div id=\"accordion-1-c4\" class=\"accordion-content\" aria-hidden=\"true\">\n\t\t\t<\/p>\n<p>Un site tr\u00e8s complet sur les parents, les enfants et la vie de famille : <a href=\"https:\/\/papapositive.fr\/category\/parentalite\/\" target=\"_blank\" rel=\"noopener noreferrer\">Papa positive<\/a>.<\/p>\n<p>Vous y trouverez :<br \/>\n&#8211; des <a href=\"https:\/\/papapositive.fr\/plus-de-100-histoires-a-ecouter-en-famille\/?fbclid=IwAR32HPoqF0DYfwBNR6f9jrsfCDBO5Wep_HeQhx1sY3XfTAAp6fthQ543_mQ\" target=\"_blank\" rel=\"noopener noreferrer\">histoires \u00e0 \u00e9couter<\/a><br \/>\n&#8211; des <a href=\"https:\/\/papapositive.fr\/category\/loisirs\/activites\/\" target=\"_blank\" rel=\"noopener noreferrer\">id\u00e9es d&rsquo;activit\u00e9s<\/a><br \/>\n&#8211; des vid\u00e9os pour <a href=\"https:\/\/papapositive.fr\/10-videos-pour-raconter-lhistoire-aux-enfants\/\" target=\"_blank\" rel=\"noopener noreferrer\">apprendre l&rsquo;histoire<\/a> aux enfants de primaire<br \/>\n&#8211; de <a href=\"https:\/\/papapositive.fr\/category\/bonne-idee\/\" target=\"_blank\" rel=\"noopener noreferrer\">bonnes id\u00e9es<\/a><\/p>\n<p>\t\t<\/div>\n\n\t\t\n\t\t\t\t\t<h6 role=\"button\" id=\"accordion-1-t5\" class=\"accordion-title js-accordion-controller\" aria-controls=\"accordion-1-c5\" aria-expanded=\"false\" tabindex=\"0\" data-initialstate=\"closed\">\n\t\t\t\t Films courts : parentalit\u00e9\t\t\t<\/h6>\n\t\t\n\t\t<div id=\"accordion-1-c5\" class=\"accordion-content\" aria-hidden=\"true\">\n\t\t\t<\/p>\n<p><strong>D\u00e9busquer une fake news en 1 mn<\/strong><\/p>\n<p><iframe loading=\"lazy\" title=\"FAKE NEWS : les gestes qui sauvent - D\u00e9busquer une fake news\" width=\"474\" height=\"356\" src=\"https:\/\/www.youtube.com\/embed\/wE4cgMjGXUI?feature=oembed\" frameborder=\"0\" allow=\"accelerometer; autoplay; clipboard-write; encrypted-media; gyroscope; picture-in-picture; web-share\" referrerpolicy=\"strict-origin-when-cross-origin\" allowfullscreen><\/iframe><\/p>\n<p><strong>Devenir parents d&rsquo;adolescents<\/strong><\/p>\n<p><iframe loading=\"lazy\" title=\"Adolescence vid\u00e9o parents ados\" width=\"474\" height=\"267\" src=\"https:\/\/www.youtube.com\/embed\/oe1oYxvXAgo?feature=oembed\" frameborder=\"0\" allow=\"accelerometer; autoplay; clipboard-write; encrypted-media; gyroscope; picture-in-picture; web-share\" referrerpolicy=\"strict-origin-when-cross-origin\" allowfullscreen><\/iframe><\/p>\n<p><strong>Dis-moi, comment aider l&rsquo;enfant \u00e0 mieux g\u00e9rer ses \u00e9motions ?<\/strong><\/p>\n<p><iframe loading=\"lazy\" title=\"Dis-moi, comment aider l&#039;enfant \u00e0 mieux g\u00e9rer ses \u00e9motions ?\" width=\"474\" height=\"267\" src=\"https:\/\/www.youtube.com\/embed\/ILC1rFW4htM?feature=oembed\" frameborder=\"0\" allow=\"accelerometer; autoplay; clipboard-write; encrypted-media; gyroscope; picture-in-picture; web-share\" referrerpolicy=\"strict-origin-when-cross-origin\" allowfullscreen><\/iframe><\/p>\n<p><strong>Qui est l&rsquo;adolescent d&rsquo;aujourd&rsquo;hui ?<\/strong><\/p>\n<p><iframe loading=\"lazy\" title=\"Qui est l&#039;adolescent d&#039;aujourd&#039;hui  ?\" width=\"474\" height=\"267\" src=\"https:\/\/www.youtube.com\/embed\/Rbc6KexcpgY?feature=oembed\" frameborder=\"0\" allow=\"accelerometer; autoplay; clipboard-write; encrypted-media; gyroscope; picture-in-picture; web-share\" referrerpolicy=\"strict-origin-when-cross-origin\" allowfullscreen><\/iframe><\/p>\n<p><strong>La parentalit\u00e9 avec une discipline positive<\/strong><\/p>\n<p><iframe loading=\"lazy\" title=\"la parentalit\u00e9 avec une discipline positive\" width=\"474\" height=\"267\" src=\"https:\/\/www.youtube.com\/embed\/7JKnxj5Fpq0?feature=oembed\" frameborder=\"0\" allow=\"accelerometer; autoplay; clipboard-write; encrypted-media; gyroscope; picture-in-picture; web-share\" referrerpolicy=\"strict-origin-when-cross-origin\" allowfullscreen><\/iframe><\/p>\n<p><strong>Pourquoi \u00e9couter la musique avec les enfants<\/strong><\/p>\n<p><iframe loading=\"lazy\" title=\"Dis-moi, pourquoi \u00e9couter de la musique avec les enfants ?\" width=\"474\" height=\"267\" src=\"https:\/\/www.youtube.com\/embed\/rD8fNhSe4Do?feature=oembed\" frameborder=\"0\" allow=\"accelerometer; autoplay; clipboard-write; encrypted-media; gyroscope; picture-in-picture; web-share\" referrerpolicy=\"strict-origin-when-cross-origin\" allowfullscreen><\/iframe><\/p>\n<p>\t\t<\/div>\n\n\t\t<\/div>\n<\/div>\n","protected":false},"excerpt":{"rendered":"<p>Soutien \u00e0 la parentalit\u00e9 L&rsquo;Aphyllanthe participe depuis plus de 20 ans aux actions visant le soutien de la parentalit\u00e9. Les actions de soutien \u00e0 la parentalit\u00e9 s\u2019enracinent dans une tr\u00e8s longue s\u00e9rie de savoirs et de pratiques d\u2019\u00e9ducation des parents apparues d\u00e8s le XIXe si\u00e8cle en Europe et en Am\u00e9rique du Nord, au d\u00e9part principalement &hellip; <a href=\"https:\/\/www.aphyllanthe.fr\/association\/parentalite\/\" class=\"more-link\">Continuer la lecture de <span class=\"screen-reader-text\">Parentalit\u00e9<\/span>  <span class=\"meta-nav\">&rarr;<\/span><\/a><\/p>\n","protected":false},"author":1,"featured_media":0,"parent":0,"menu_order":0,"comment_status":"closed","ping_status":"closed","template":"","meta":{"footnotes":""},"class_list":["post-12051","page","type-page","status-publish","hentry"],"_links":{"self":[{"href":"https:\/\/www.aphyllanthe.fr\/association\/wp-json\/wp\/v2\/pages\/12051","targetHints":{"allow":["GET"]}}],"collection":[{"href":"https:\/\/www.aphyllanthe.fr\/association\/wp-json\/wp\/v2\/pages"}],"about":[{"href":"https:\/\/www.aphyllanthe.fr\/association\/wp-json\/wp\/v2\/types\/page"}],"author":[{"embeddable":true,"href":"https:\/\/www.aphyllanthe.fr\/association\/wp-json\/wp\/v2\/users\/1"}],"replies":[{"embeddable":true,"href":"https:\/\/www.aphyllanthe.fr\/association\/wp-json\/wp\/v2\/comments?post=12051"}],"version-history":[{"count":10,"href":"https:\/\/www.aphyllanthe.fr\/association\/wp-json\/wp\/v2\/pages\/12051\/revisions"}],"predecessor-version":[{"id":25819,"href":"https:\/\/www.aphyllanthe.fr\/association\/wp-json\/wp\/v2\/pages\/12051\/revisions\/25819"}],"wp:attachment":[{"href":"https:\/\/www.aphyllanthe.fr\/association\/wp-json\/wp\/v2\/media?parent=12051"}],"curies":[{"name":"wp","href":"https:\/\/api.w.org\/{rel}","templated":true}]}}