{"id":12267,"date":"2020-04-10T10:35:35","date_gmt":"2020-04-10T09:35:35","guid":{"rendered":"https:\/\/www.aphyllanthe.fr\/association\/?page_id=12267"},"modified":"2020-05-15T10:04:57","modified_gmt":"2020-05-15T09:04:57","slug":"masques-en-tissu","status":"publish","type":"page","link":"https:\/\/www.aphyllanthe.fr\/association\/masques-en-tissu\/","title":{"rendered":"Masques en tissu"},"content":{"rendered":"<p style=\"text-align: center;\"><span style=\"color: #ff0073;\"><strong>APPEL AUX DONS DE TISSU ET D&rsquo;ELASTIQUES<br \/>\n<\/strong><\/span><\/p>\n<p>Face \u00e0 la p\u00e9nurie de masques, l&rsquo;Aphyllanthe vous propose des mod\u00e8les \u00e0 r\u00e9aliser vous-m\u00eames :<\/p>\n<div style=\"width: 90%; margin: 0 auto;\">\n<div id='gallery-1' class='gallery galleryid-12267 gallery-columns-4 gallery-size-thumbnail'><figure class='gallery-item'>\n\t\t\t<div class='gallery-icon portrait'>\n\t\t\t\t<img loading=\"lazy\" decoding=\"async\" width=\"150\" height=\"150\" src=\"https:\/\/www.aphyllanthe.fr\/association\/wp-content\/uploads\/2020\/04\/masques-claude-150x150.jpg\" class=\"attachment-thumbnail size-thumbnail\" alt=\"\" aria-describedby=\"gallery-1-12614\" \/>\n\t\t\t<\/div>\n\t\t\t\t<figcaption class='wp-caption-text gallery-caption' id='gallery-1-12614'>\n\t\t\t\tLivraison 20 avril\n\t\t\t\t<\/figcaption><\/figure><figure class='gallery-item'>\n\t\t\t<div class='gallery-icon portrait'>\n\t\t\t\t<img loading=\"lazy\" decoding=\"async\" width=\"150\" height=\"150\" src=\"https:\/\/www.aphyllanthe.fr\/association\/wp-content\/uploads\/2020\/05\/2020-04-25-masques-1-150x150.jpg\" class=\"attachment-thumbnail size-thumbnail\" alt=\"\" aria-describedby=\"gallery-1-12788\" \/>\n\t\t\t<\/div>\n\t\t\t\t<figcaption class='wp-caption-text gallery-caption' id='gallery-1-12788'>\n\t\t\t\tLivraison 25 avril\n\t\t\t\t<\/figcaption><\/figure><figure class='gallery-item'>\n\t\t\t<div class='gallery-icon portrait'>\n\t\t\t\t<img loading=\"lazy\" decoding=\"async\" width=\"150\" height=\"150\" src=\"https:\/\/www.aphyllanthe.fr\/association\/wp-content\/uploads\/2020\/05\/2020-05-05-masques2-150x150.jpg\" class=\"attachment-thumbnail size-thumbnail\" alt=\"\" aria-describedby=\"gallery-1-12793\" \/>\n\t\t\t<\/div>\n\t\t\t\t<figcaption class='wp-caption-text gallery-caption' id='gallery-1-12793'>\n\t\t\t\tLivraison 5 mai\n\t\t\t\t<\/figcaption><\/figure><figure class='gallery-item'>\n\t\t\t<div class='gallery-icon landscape'>\n\t\t\t\t<img loading=\"lazy\" decoding=\"async\" width=\"150\" height=\"150\" src=\"https:\/\/www.aphyllanthe.fr\/association\/wp-content\/uploads\/2020\/05\/2020-05-09-masques-1-150x150.jpg\" class=\"attachment-thumbnail size-thumbnail\" alt=\"\" aria-describedby=\"gallery-1-12886\" \/>\n\t\t\t<\/div>\n\t\t\t\t<figcaption class='wp-caption-text gallery-caption' id='gallery-1-12886'>\n\t\t\t\tLivraison 9 mai\n\t\t\t\t<\/figcaption><\/figure>\n\t\t<\/div>\n\n<\/div>\n<p><strong>Tuto 1<\/strong> : Le masque recommand\u00e9 par l&rsquo;Association Fran\u00e7aise de Normalisation (AFNOR).<br \/>\n<iframe loading=\"lazy\" title=\"\ud83e\uddf5 Tuto \ud83d\ude37 - Masque AFNOR en tissu (patron gratuit norme AFNOR - COVID19) -  L&#039;Atelier des Gourdes\" width=\"474\" height=\"267\" src=\"https:\/\/www.youtube.com\/embed\/krXe8PGMLok?feature=oembed\" frameborder=\"0\" allow=\"accelerometer; autoplay; clipboard-write; encrypted-media; gyroscope; picture-in-picture; web-share\" referrerpolicy=\"strict-origin-when-cross-origin\" allowfullscreen><\/iframe><\/p>\n<p><a href=\"https:\/\/latelierdesgourdes.fr\/masque-tissu-afnor\/\" target=\"_blank\" rel=\"noopener noreferrer\">Cliquez pour plus d&rsquo;infos<\/a><br \/>\n<a href=\"https:\/\/www.afnor.org\/actualites\/coronavirus-telechargez-le-modele-de-masque-barriere\/\" target=\"_blank\" rel=\"noopener noreferrer\">T\u00e9l\u00e9charger le mod\u00e8le sur le site de l&rsquo;AFNOR<\/a><\/p>\n<p><strong>Tuto 2<\/strong> : Un mod\u00e8le plus simple \u00e0 destination des particuliers<br \/>\n<iframe loading=\"lazy\" title=\"Coudre un masque de protection, tuto rapide masque\" width=\"474\" height=\"267\" src=\"https:\/\/www.youtube.com\/embed\/wTiGpIr8xF0?feature=oembed\" frameborder=\"0\" allow=\"accelerometer; autoplay; clipboard-write; encrypted-media; gyroscope; picture-in-picture; web-share\" referrerpolicy=\"strict-origin-when-cross-origin\" allowfullscreen><\/iframe><\/p>\n","protected":false},"excerpt":{"rendered":"<p>APPEL AUX DONS DE TISSU ET D&rsquo;ELASTIQUES Face \u00e0 la p\u00e9nurie de masques, l&rsquo;Aphyllanthe vous propose des mod\u00e8les \u00e0 r\u00e9aliser vous-m\u00eames : Tuto 1 : Le masque recommand\u00e9 par l&rsquo;Association Fran\u00e7aise de Normalisation (AFNOR). Cliquez pour plus d&rsquo;infos T\u00e9l\u00e9charger le mod\u00e8le sur le site de l&rsquo;AFNOR Tuto 2 : Un mod\u00e8le plus simple \u00e0 destination &hellip; <a href=\"https:\/\/www.aphyllanthe.fr\/association\/masques-en-tissu\/\" class=\"more-link\">Continuer la lecture de <span class=\"screen-reader-text\">Masques en tissu<\/span>  <span class=\"meta-nav\">&rarr;<\/span><\/a><\/p>\n","protected":false},"author":9,"featured_media":0,"parent":0,"menu_order":0,"comment_status":"closed","ping_status":"closed","template":"","meta":{"footnotes":""},"class_list":["post-12267","page","type-page","status-publish","hentry"],"_links":{"self":[{"href":"https:\/\/www.aphyllanthe.fr\/association\/wp-json\/wp\/v2\/pages\/12267","targetHints":{"allow":["GET"]}}],"collection":[{"href":"https:\/\/www.aphyllanthe.fr\/association\/wp-json\/wp\/v2\/pages"}],"about":[{"href":"https:\/\/www.aphyllanthe.fr\/association\/wp-json\/wp\/v2\/types\/page"}],"author":[{"embeddable":true,"href":"https:\/\/www.aphyllanthe.fr\/association\/wp-json\/wp\/v2\/users\/9"}],"replies":[{"embeddable":true,"href":"https:\/\/www.aphyllanthe.fr\/association\/wp-json\/wp\/v2\/comments?post=12267"}],"version-history":[{"count":0,"href":"https:\/\/www.aphyllanthe.fr\/association\/wp-json\/wp\/v2\/pages\/12267\/revisions"}],"wp:attachment":[{"href":"https:\/\/www.aphyllanthe.fr\/association\/wp-json\/wp\/v2\/media?parent=12267"}],"curies":[{"name":"wp","href":"https:\/\/api.w.org\/{rel}","templated":true}]}}