{"id":12376,"date":"2020-04-15T13:44:01","date_gmt":"2020-04-15T12:44:01","guid":{"rendered":"https:\/\/www.aphyllanthe.fr\/association\/?page_id=12376"},"modified":"2020-06-19T09:18:43","modified_gmt":"2020-06-19T08:18:43","slug":"et-puis-aussi","status":"publish","type":"page","link":"https:\/\/www.aphyllanthe.fr\/association\/et-puis-aussi\/","title":{"rendered":"Et puis aussi&#8230;"},"content":{"rendered":"<p><strong><a href=\"https:\/\/centrenationaldulivre.fr\/actualites\/toute-la-france-dessine\" target=\"_blank\" rel=\"noopener noreferrer\">A l&rsquo;occasion de l&rsquo;ann\u00e9e de la BD<\/a><\/strong>, <strong>le CNL vous propose de cr\u00e9er une BD avec vos auteurs pr\u00e9f\u00e9r\u00e9s.<\/strong><br \/>\nChaque lundi, un auteur ou une autrice vous lance un d\u00e9fi en vous livrant les deux premi\u00e8res cases d\u2019un strip : \u00e0 vous de remplir les deux suivantes, et de les poster sur les r\u00e9seaux sociaux avec le mot-di\u00e8se <strong>#TouteLaFranceDessine<\/strong>.<\/p>\n<p>Strip <strong>Joseph Falzon <\/strong>: <a href=\"https:\/\/www.aphyllanthe.fr\/association\/pdf\/crise-sanitaire\/strip-joseph-falzon.pdf\" target=\"_blank\" rel=\"noopener noreferrer\">ici<\/a>.<br \/>\nStrip <strong>R\u00e9gis Loisel<\/strong> : <a href=\"https:\/\/www.aphyllanthe.fr\/association\/pdf\/crise-sanitaire\/strip-regis-loisel.pdf\" target=\"_blank\" rel=\"noopener noreferrer\">ici<\/a>.<br \/>\nStrip <strong>Catherine Meurisse <\/strong>: <strong><a href=\"https:\/\/www.aphyllanthe.fr\/association\/pdf\/crise-sanitaire\/strip-catherine-meurisse.pdf\" target=\"_blank\" rel=\"noopener noreferrer\">ici<\/a><\/strong>.<br \/>\nStrip <strong>Giorgia Marras <\/strong>: <strong><a href=\"https:\/\/www.aphyllanthe.fr\/association\/pdf\/crise-sanitaire\/strip-giogia-marras.pdf\" target=\"_blank\" rel=\"noopener noreferrer\">ici<\/a><\/strong>.<br \/>\nStrip <strong>Jul<\/strong>, parrain de BD 2020 : <a href=\"https:\/\/www.aphyllanthe.fr\/association\/pdf\/crise-sanitaire\/Jul.pdf\" target=\"_blank\" rel=\"noopener noreferrer\"><strong>ici<\/strong><\/a>.<br \/>\nStrip <strong>Florence Cestac<\/strong>, marraine de BD 2020 : <strong><a href=\"https:\/\/www.aphyllanthe.fr\/association\/pdf\/crise-sanitaire\/strip-florence-cestac1.pdf\" target=\"_blank\" rel=\"noopener noreferrer\">ici<\/a><\/strong>.<\/p>\n<hr \/>\n<figure id=\"attachment_12383\" aria-describedby=\"caption-attachment-12383\" style=\"width: 146px\" class=\"wp-caption alignleft\"><a href=\"https:\/\/www.la-toile-vod.com\/\" target=\"_blank\" rel=\"noopener noreferrer\"><img loading=\"lazy\" decoding=\"async\" class=\"wp-image-12383 size-full\" src=\"https:\/\/www.aphyllanthe.fr\/association\/wp-content\/uploads\/2020\/04\/la-toile2.jpg\" alt=\"La Toile\" width=\"146\" height=\"87\" \/><\/a><figcaption id=\"caption-attachment-12383\" class=\"wp-caption-text\">La Toile<\/figcaption><\/figure>\n<p>Le cin\u00e9ma <a href=\"http:\/\/www.cinemacapitole.fr\/\" target=\"_blank\" rel=\"noopener noreferrer\"><strong>Le Capitole<\/strong><\/a> propose de la V\u00e0D sur le site de <strong>La Toile<\/strong>.<br \/>\n<a href=\"https:\/\/www.aphyllanthe.fr\/association\/pdf\/crise-sanitaire\/la-toile.pdf\" target=\"_blank\" rel=\"noopener noreferrer\"><strong>Comment \u00e7a marche ?<\/strong><\/a><\/p>\n<div style=\"clear: both;\">\n<hr \/>\n<p><img loading=\"lazy\" decoding=\"async\" class=\"size-full wp-image-12702 alignright\" src=\"https:\/\/www.aphyllanthe.fr\/association\/wp-content\/uploads\/2020\/04\/pop-corn.jpg\" alt=\"\" width=\"150\" height=\"71\" \/>Vous connaissez peut \u00eatre <strong><a href=\"https:\/\/www.popcorngarage.com\/\" target=\"_blank\" rel=\"noopener noreferrer\">Pop Corn Garage<\/a><\/strong>, le jeu en ligne qui testait votre culture cin\u00e9matographique am\u00e9ricaine ?<\/p>\n<div style=\"clear: both;\"><img loading=\"lazy\" decoding=\"async\" class=\"alignleft size-full wp-image-12706\" src=\"https:\/\/www.aphyllanthe.fr\/association\/wp-content\/uploads\/2020\/04\/2-h-56.jpg\" alt=\"\" width=\"150\" height=\"90\" \/>Vous pouvez maintenant relever le d\u00e9fi avec son \u00e9quivalent francophone : <strong><a href=\"https:\/\/www.2h56.com\/fr\/2h56-station-jeu\" target=\"_blank\" rel=\"noopener noreferrer\">2H56 Station<\/a><\/strong>.<br \/>\nTrouverez-vous les 56 r\u00e9f\u00e9rences de films fran\u00e7ais cach\u00e9s \u00e0 retrouver dans ce garage ?<\/div>\n<hr \/>\n<p><img loading=\"lazy\" decoding=\"async\" class=\"size-full wp-image-12769 alignright\" src=\"https:\/\/www.aphyllanthe.fr\/association\/wp-content\/uploads\/2020\/05\/met.jpg\" alt=\"\" width=\"150\" height=\"109\" \/>En attendant la r\u00e9ouverture des salles de cin\u00e9ma, le <strong>Metropolitan Opera<\/strong> offre aux passionn\u00e9s la possibilit\u00e9 de revivre chez soi ses meilleures captation pour le cin\u00e9ma, en mettant \u00e0 leur disposition un op\u00e9ra par jour.<\/p>\n<p>Chaque op\u00e9ra est disponible sur une journ\u00e9e uniquement sur le site du <strong><a href=\"https:\/\/www.metopera.org\/\" target=\"_blank\" rel=\"noopener noreferrer\">Met<\/a><\/strong>.<\/p>\n<p><strong>Programme des prochains jours :<\/strong><br \/>\nMercredi 6 mai &#8211; <strong>HAMLET<\/strong> de Thomas<br \/>\nJeudi 7 mai &#8211; <strong>L&rsquo;AMOUR DE LOIN<\/strong> de Saariaho<br \/>\nVendredi 8 mai &#8211; <strong>CAPRICCIO<\/strong> de Strauss<br \/>\nSamedi 9 mai &#8211; <strong>LA BOHEME<\/strong> de Puccini<br \/>\nDimanche 10 mai &#8211; \u00ab\u00a0<strong>THE OPERA HOUSE<\/strong>\u00a0\u00bb &#8211; Documentaire de Susan Froemke (2017) Sur la cr\u00e9ation et inauguration du nouveau Met au Lincoln Center en 1966<br \/>\nLundi 11 mai &#8211; <strong>CAVALIERA RUSTICANA<\/strong> de Mascagni suivi de <strong>PAGLIACCI<\/strong> de Leoncavallo<\/p>\n<\/div>\n","protected":false},"excerpt":{"rendered":"<p>A l&rsquo;occasion de l&rsquo;ann\u00e9e de la BD, le CNL vous propose de cr\u00e9er une BD avec vos auteurs pr\u00e9f\u00e9r\u00e9s. Chaque lundi, un auteur ou une autrice vous lance un d\u00e9fi en vous livrant les deux premi\u00e8res cases d\u2019un strip : \u00e0 vous de remplir les deux suivantes, et de les poster sur les r\u00e9seaux sociaux &hellip; <a href=\"https:\/\/www.aphyllanthe.fr\/association\/et-puis-aussi\/\" class=\"more-link\">Continuer la lecture de <span class=\"screen-reader-text\">Et puis aussi&#8230;<\/span>  <span class=\"meta-nav\">&rarr;<\/span><\/a><\/p>\n","protected":false},"author":9,"featured_media":0,"parent":0,"menu_order":0,"comment_status":"closed","ping_status":"closed","template":"","meta":{"footnotes":""},"class_list":["post-12376","page","type-page","status-publish","hentry"],"_links":{"self":[{"href":"https:\/\/www.aphyllanthe.fr\/association\/wp-json\/wp\/v2\/pages\/12376","targetHints":{"allow":["GET"]}}],"collection":[{"href":"https:\/\/www.aphyllanthe.fr\/association\/wp-json\/wp\/v2\/pages"}],"about":[{"href":"https:\/\/www.aphyllanthe.fr\/association\/wp-json\/wp\/v2\/types\/page"}],"author":[{"embeddable":true,"href":"https:\/\/www.aphyllanthe.fr\/association\/wp-json\/wp\/v2\/users\/9"}],"replies":[{"embeddable":true,"href":"https:\/\/www.aphyllanthe.fr\/association\/wp-json\/wp\/v2\/comments?post=12376"}],"version-history":[{"count":0,"href":"https:\/\/www.aphyllanthe.fr\/association\/wp-json\/wp\/v2\/pages\/12376\/revisions"}],"wp:attachment":[{"href":"https:\/\/www.aphyllanthe.fr\/association\/wp-json\/wp\/v2\/media?parent=12376"}],"curies":[{"name":"wp","href":"https:\/\/api.w.org\/{rel}","templated":true}]}}