{"id":13376,"date":"2020-09-12T21:24:04","date_gmt":"2020-09-12T20:24:04","guid":{"rendered":"https:\/\/www.aphyllanthe.fr\/association\/?page_id=13376"},"modified":"2026-01-15T11:14:43","modified_gmt":"2026-01-15T10:14:43","slug":"comptes-rendus","status":"publish","type":"page","link":"https:\/\/www.aphyllanthe.fr\/association\/comptes-rendus\/","title":{"rendered":"Comptes-rendus"},"content":{"rendered":"<p>Le CA de l&rsquo;Association se r\u00e9unit 8 \u00e0 10 fois par ann\u00e9e. L&rsquo;AG a lieu une fois par ann\u00e9e au cours du premier trimestre (hors situations exceptionnelles en 2020 et 2021). Les CR des r\u00e9unions CA et AG, lorsque approuv\u00e9s par le CA, sont affich\u00e9s ici.<br \/>\n<img loading=\"lazy\" decoding=\"async\" class=\"aligncenter size-full wp-image-7712\" src=\"https:\/\/www.aphyllanthe.fr\/association\/wp-content\/uploads\/2018\/06\/DSC00620-le-groupe-1.jpg\" alt=\"notre groupe\" width=\"1920\" height=\"334\" srcset=\"https:\/\/www.aphyllanthe.fr\/association\/wp-content\/uploads\/2018\/06\/DSC00620-le-groupe-1.jpg 1920w, https:\/\/www.aphyllanthe.fr\/association\/wp-content\/uploads\/2018\/06\/DSC00620-le-groupe-1-300x52.jpg 300w, https:\/\/www.aphyllanthe.fr\/association\/wp-content\/uploads\/2018\/06\/DSC00620-le-groupe-1-768x134.jpg 768w, https:\/\/www.aphyllanthe.fr\/association\/wp-content\/uploads\/2018\/06\/DSC00620-le-groupe-1-1024x178.jpg 1024w, https:\/\/www.aphyllanthe.fr\/association\/wp-content\/uploads\/2018\/06\/DSC00620-le-groupe-1-600x104.jpg 600w, https:\/\/www.aphyllanthe.fr\/association\/wp-content\/uploads\/2018\/06\/DSC00620-le-groupe-1-1320x230.jpg 1320w\" sizes=\"auto, (max-width: 1920px) 100vw, 1920px\" \/><\/p>\n<p><strong>Ann\u00e9e 2026<\/strong><br \/>\n<a href=\"https:\/\/www.aphyllanthe.fr\/association\/pdf\/cr-ca\/CR-CA-2026-01-06-sign.pdf\" target=\"_blank\" rel=\"noopener\">R\u00e9union du CA du 06-01-2026<\/a><br \/>\n<strong>Ann\u00e9e 2025<\/strong><br \/>\n<a href=\"https:\/\/www.aphyllanthe.fr\/association\/pdf\/cr-ca\/CR-CA-2025-11-13-complet.pdf\" target=\"_blank\" rel=\"noopener\">R\u00e9union du CA du 13-11-2025<\/a><br \/>\n<a href=\"https:\/\/www.aphyllanthe.fr\/association\/pdf\/cr-ca\/2025-09-25-CR-CA.pdf\" target=\"_blank\" rel=\"noopener\">R\u00e9union du CA du 25-09-2025<\/a><br \/>\n<a href=\"https:\/\/www.aphyllanthe.fr\/association\/pdf\/cr-ca\/2025-08-19-CR-CA.pdf\" target=\"_blank\" rel=\"noopener\">R\u00e9union du CA du 19-08-2025<\/a><br \/>\n<a href=\"https:\/\/www.aphyllanthe.fr\/association\/pdf\/cr-ca\/2025-07-15-CR-CA.pdf\" target=\"_blank\" rel=\"noopener\">R\u00e9union du CA du 15-07-2025<\/a><br \/>\n<a href=\"https:\/\/www.aphyllanthe.fr\/association\/pdf\/cr-ca\/2025-05-22-CR-CA.pdf\" target=\"_blank\" rel=\"noopener\">R\u00e9union du CA du 22-05-2025<\/a><br \/>\n<a href=\"https:\/\/www.aphyllanthe.fr\/association\/pdf\/cr-ca\/2025-04-08-CR-CA.pdf\" target=\"_blank\" rel=\"noopener\">R\u00e9union du CA du 08-04-2025<\/a><br \/>\n<a href=\"https:\/\/www.aphyllanthe.fr\/association\/pdf\/cr-ca\/2025-03-03-CR-CA.pdf\" target=\"_blank\" rel=\"noopener\">R\u00e9union du CA du 03-03-2025<\/a><br \/>\n<a href=\"https:\/\/www.aphyllanthe.fr\/association\/pdf\/cr-ca\/2025-03-28-CR-AG.pdf\" target=\"_blank\" rel=\"noopener\">Assembl\u00e9e G\u00e9n\u00e9rale 28-03-2025<\/a><br \/>\n<a href=\"https:\/\/www.aphyllanthe.fr\/association\/pdf\/cr-ca\/2025-03-03-CR-CA.pdf\" target=\"_blank\" rel=\"noopener\">R\u00e9union du CA du 03-03-2025<\/a><br \/>\n<a href=\"https:\/\/www.aphyllanthe.fr\/association\/pdf\/cr-ca\/2025-01-14-CR-CA.pdf\" target=\"_blank\" rel=\"noopener\">R\u00e9union du CA du 14-01-2025<\/a><br \/>\n<strong>Ann\u00e9e 2024<\/strong><br \/>\n<a href=\"https:\/\/www.aphyllanthe.fr\/association\/pdf\/cr-ca\/2024-12-03-CR-CA.pdf\" target=\"_blank\" rel=\"noopener\">R\u00e9union du CA du 03-12-2024<\/a><br \/>\n<a href=\"https:\/\/www.aphyllanthe.fr\/association\/pdf\/cr-ca\/2024-10-15-CR-CA.pdf\" target=\"_blank\" rel=\"noopener\">R\u00e9union du CA du 15-10-2024<\/a><br \/>\n<a href=\"https:\/\/www.aphyllanthe.fr\/association\/pdf\/cr-ca\/2024-08-26-CR-CA.pdf\" target=\"_blank\" rel=\"noopener\">R\u00e9union du CA du 26-08-2024<\/a><br \/>\n<a href=\"https:\/\/www.aphyllanthe.fr\/association\/pdf\/cr-ca\/2024-06-17-CR-CA.pdf\" target=\"_blank\" rel=\"noopener\">R\u00e9union du CA du 17-06-2024<\/a><br \/>\n<a href=\"https:\/\/www.aphyllanthe.fr\/association\/pdf\/cr-ca\/2024-05-03-CR-CA.pdf\" target=\"_blank\" rel=\"noopener\">R\u00e9union du CA du 03-05-2024<\/a><br \/>\n<a href=\"https:\/\/www.aphyllanthe.fr\/association\/pdf\/documents-ag\/2024-03-22-CR-AG.pdf\" target=\"_blank\" rel=\"noopener\">Assembl\u00e9e G\u00e9n\u00e9rale 22-03-2024<\/a><br \/>\n<a href=\"https:\/\/www.aphyllanthe.fr\/association\/pdf\/cr-ca\/2024-03-12-CR-CA.pdf\" target=\"_blank\" rel=\"noopener\">R\u00e9union du CA du 12-03-2024<\/a><br \/>\n<a href=\"https:\/\/www.aphyllanthe.fr\/association\/pdf\/cr-ca\/2024-01-15-CR-CA.pdf\" target=\"_blank\" rel=\"noopener\">R\u00e9union du CA du 15-01-2024<\/a><\/p>\n<p><strong>Ann\u00e9e 2023<\/strong><\/p>\n<p><a href=\"https:\/\/www.aphyllanthe.fr\/association\/pdf\/cr-ca\/2023-12-11-CR-CA.pdf\" target=\"_blank\" rel=\"noopener\">R\u00e9union du CA du 11-12-2023<\/a><br \/>\n<a href=\"https:\/\/www.aphyllanthe.fr\/association\/pdf\/cr-ca\/2023-10-31-ODJ-CA.pdf\" target=\"_blank\" rel=\"noopener\">R\u00e9union du CA du 31-10-2023<\/a><br \/>\n<a href=\"https:\/\/www.aphyllanthe.fr\/association\/pdf\/cr-ca\/2023-09-25-CR-CA.pdf\" target=\"_blank\" rel=\"noopener\">R\u00e9union du CA du 25-09-2023<\/a><br \/>\n<a href=\"https:\/\/www.aphyllanthe.fr\/association\/pdf\/cr-ca\/2023-08-21-CR-CA.pdf\" target=\"_blank\" rel=\"noopener\">R\u00e9union du CA du 21-08-2023<\/a><br \/>\n<a href=\"https:\/\/www.aphyllanthe.fr\/association\/pdf\/cr-ca\/2023-06-27-CR-CA.pdf\" target=\"_blank\" rel=\"noopener\">R\u00e9union du CA du 27-06-2023<\/a><br \/>\n<a href=\"https:\/\/www.aphyllanthe.fr\/association\/pdf\/cr-ca\/2023-05-16-CR-CA.pdf\" target=\"_blank\" rel=\"noopener\">R\u00e9union du CA du 16-05-2023<\/a><br \/>\n<a href=\"https:\/\/www.aphyllanthe.fr\/association\/pdf\/cr-ca\/2023-04-04-CR-CA.pdf\" target=\"_blank\" rel=\"noopener\">R\u00e9union du CA du 04-04-2023<\/a><br \/>\n<a href=\"https:\/\/www.aphyllanthe.fr\/association\/pdf\/documents-ag\/2023-03-31-CR-AG.pdf\" target=\"_blank\" rel=\"noopener\">Assembl\u00e9e G\u00e9n\u00e9rale 31-03-2023<\/a><br \/>\n<a href=\"https:\/\/www.aphyllanthe.fr\/association\/pdf\/cr-ca\/2023-03-14-CR-CA.pdf\" target=\"_blank\" rel=\"noopener\">R\u00e9union du CA du 14-03-2023<\/a><br \/>\n<a href=\"https:\/\/www.aphyllanthe.fr\/association\/pdf\/cr-ca\/2023-01-17-CR-CA.pdf\" target=\"_blank\" rel=\"noopener\">R\u00e9union du CA du 17-01-2023<\/a><\/p>\n<p><strong>Ann\u00e9e 2022<\/strong><\/p>\n<p><a href=\"https:\/\/www.aphyllanthe.fr\/association\/pdf\/cr-ca\/2022-11-14-CR-CA.pdf\" target=\"_blank\" rel=\"noopener\">R\u00e9union du CA du 14-11-2022<\/a><br \/>\n<a href=\"https:\/\/www.aphyllanthe.fr\/association\/pdf\/cr-ca\/2022-08-30-CR-CA.pdf\" target=\"_blank\" rel=\"noopener\">R\u00e9union du CA du 30-08-2022<\/a><br \/>\n<a href=\"https:\/\/www.aphyllanthe.fr\/association\/pdf\/cr-ca\/2022-06-02-CR-CA.pdf\" target=\"_blank\" rel=\"noopener\">R\u00e9union du CA du 02-06-2022<\/a><br \/>\n<a href=\"https:\/\/www.aphyllanthe.fr\/association\/pdf\/cr-ca\/2022-04-14-CR-CA.pdf\" target=\"_blank\" rel=\"noopener\">R\u00e9union du CA du 14-04-2022<\/a><br \/>\n<a href=\"https:\/\/www.aphyllanthe.fr\/association\/pdf\/cr-ca\/2022-04-08-CR-AG.pdf\" target=\"_blank\" rel=\"noopener\">Assembl\u00e9e G\u00e9n\u00e9rale 08-04-2022<\/a><br \/>\n<a href=\"https:\/\/www.aphyllanthe.fr\/association\/pdf\/cr-ca\/2022-03-15-CR-CA.pdf\" target=\"_blank\" rel=\"noopener\">R\u00e9union du CA du 15-03-2022<\/a><br \/>\n<a href=\"https:\/\/www.aphyllanthe.fr\/association\/pdf\/cr-ca\/2022-02-10-CR-CA.pdf\" target=\"_blank\" rel=\"noopener\">R\u00e9union du CA du 10-02-2022<\/a><\/p>\n<div><strong>Ann\u00e9e 2021<\/strong><\/div>\n<div><a href=\"\/association\/pdf\/cr-ca\/2021-01-14-CR-CA.pdf\" target=\"blank\" rel=\"noopener noreferrer\">R\u00e9union du CA le 2021-01-14<\/a>,<br \/>\n<a href=\"\/association\/pdf\/cr-ca\/2021-03-11-CR-CA.pdf\" target=\"blank\" rel=\"noopener noreferrer\">R\u00e9union du CA le 2021-03-11<\/a>,<br \/>\n<a href=\"\/association\/pdf\/cr-ca\/2021-05-11-CR-CA.pdf\" target=\"blank\" rel=\"noopener noreferrer\">R\u00e9union du CA le 2021-05-11<\/a>,<br \/>\n<a href=\"\/association\/pdf\/cr-ca\/2021-06-29-CR-CA.pdf\" target=\"blank\" rel=\"noopener noreferrer\">R\u00e9union du CA le 2021-06-29<\/a>,<br \/>\n<a href=\"\/association\/pdf\/cr-ca\/2021-08-31-CR-CA.pdf\" target=\"blank\" rel=\"noopener noreferrer\">R\u00e9union du CA le 2021-08-31<\/a>,<br \/>\n<a href=\"\/association\/pdf\/cr-ca\/2021-09-24-CR-AG.pdf\" target=\"blank\" rel=\"noopener noreferrer\">Assembl\u00e9e G\u00e9n\u00e9rale du 2021-09-24<\/a>,<br \/>\n<a href=\"\/association\/pdf\/cr-ca\/2021-10-19-CR-CA.pdf\" target=\"blank\" rel=\"noopener noreferrer\">R\u00e9union du CA le 2021-10-19<\/a>,<br \/>\n<a href=\"\/association\/pdf\/cr-ca\/2021-10-19-ODJ-CA-annexe-2.pdf\" target=\"blank\" rel=\"noopener noreferrer\">R\u00e9union du CA le 2021-10-19 Annexe 2<\/a>,<br \/>\n<a href=\"\/association\/pdf\/cr-ca\/2021-12-09-CR-CA-annexe 3.pdf\" target=\"blank\" rel=\"noopener noreferrer\">R\u00e9union du CA le 2021-10-19 Annexe 3<\/a>,<br \/>\n<a href=\"\/association\/pdf\/cr-ca\/2021-12-09-CR-CA.pdf\" target=\"blank\" rel=\"noopener noreferrer\">R\u00e9union du CA le 2021-12-09<\/a><\/div>\n<div>\n<p>&nbsp;<\/p>\n<p><strong>Ann\u00e9e 2020<\/strong><br \/>\n<a href=\"\/association\/pdf\/cr-ca\/2020-01-14-CR-CA.pdf\" target=\"blank\" rel=\"noopener noreferrer\">CA 2020-01-14<\/a>,\u00a0\u00a0<a href=\"\/association\/pdf\/cr-ca\/2020-03-10-CR-CA.pdf\" target=\"blank\" rel=\"noopener noreferrer\">CA 2020-03-10<\/a>,\u00a0\u00a0<a href=\"\/association\/pdf\/cr-ca\/2020-06-02-CR-CA.pdf\" target=\"blank\" rel=\"noopener noreferrer\">CA 2020-06-02<\/a>,\u00a0\u00a0<a href=\"\/association\/pdf\/cr-ca\/2020-07-23-CR-CA.pdf\" target=\"blank\" rel=\"noopener noreferrer\">CA 2020-07-23<\/a>,\u00a0\u00a0<a href=\"\/association\/pdf\/cr-ca\/2020-08-27-CR-CA.pdf\" target=\"blank\" rel=\"noopener noreferrer\">CA 2020-08-27<\/a>,\u00a0\u00a0<a href=\"\/association\/pdf\/cr-ca\/2020-09-11-CR-AG.pdf\" target=\"blank\" rel=\"noopener noreferrer\">AG 2020-09-11<\/a>,\u00a0\u00a0<a href=\"\/association\/pdf\/cr-ca\/2020-09-22-CR-CA.pdf\" target=\"blank\" rel=\"noopener noreferrer\">CA 2020-09-22<\/a>,\u00a0\u00a0<a href=\"\/association\/pdf\/cr-ca\/2020-11-19-CR-CA.pdf\" target=\"blank\" rel=\"noopener noreferrer\">CA 2020-11-19<\/a><\/p>\n<\/div>\n<p><img loading=\"lazy\" decoding=\"async\" class=\"size-full wp-image-6698\" src=\"https:\/\/www.aphyllanthe.fr\/association\/wp-content\/uploads\/2017\/12\/rando-groupe.jpg\" alt=\"\" width=\"1920\" height=\"251\" srcset=\"https:\/\/www.aphyllanthe.fr\/association\/wp-content\/uploads\/2017\/12\/rando-groupe.jpg 1920w, https:\/\/www.aphyllanthe.fr\/association\/wp-content\/uploads\/2017\/12\/rando-groupe-300x39.jpg 300w, https:\/\/www.aphyllanthe.fr\/association\/wp-content\/uploads\/2017\/12\/rando-groupe-768x100.jpg 768w, https:\/\/www.aphyllanthe.fr\/association\/wp-content\/uploads\/2017\/12\/rando-groupe-1024x134.jpg 1024w, https:\/\/www.aphyllanthe.fr\/association\/wp-content\/uploads\/2017\/12\/rando-groupe-600x78.jpg 600w, https:\/\/www.aphyllanthe.fr\/association\/wp-content\/uploads\/2017\/12\/rando-groupe-1320x173.jpg 1320w\" sizes=\"auto, (max-width: 1920px) 100vw, 1920px\" \/><\/p>\n<div>\n<p><strong>Ann\u00e9e 2019<\/strong><br \/>\n<a href=\"\/association\/pdf\/cr-ca\/2019-01-29-CR-CA.pdf\" target=\"blank\" rel=\"noopener noreferrer\">CA 2019-01-29<\/a>,\u00a0\u00a0<a href=\"\/association\/pdf\/cr-ca\/2019-02-26-CR-CA.pdf\" target=\"blank\" rel=\"noopener noreferrer\">CA 2019-02-26<\/a>,\u00a0\u00a0<a href=\"\/association\/pdf\/cr-ca\/2019-03-15-CR-AG.pdf\" target=\"blank\" rel=\"noopener noreferrer\">AG 2019-03-15<\/a>,\u00a0\u00a0<a href=\"\/association\/pdf\/cr-ca\/2019-04-09-CR-CA.pdf\" target=\"blank\" rel=\"noopener noreferrer\">CA 2019-04-09<\/a>,\u00a0\u00a0<a href=\"\/association\/pdf\/cr-ca\/2019-05-28-CR-CA.pdf\" target=\"blank\" rel=\"noopener noreferrer\">CA 2019-05-28<\/a>,\u00a0\u00a0<a href=\"\/association\/pdf\/cr-ca\/2019-07-02-CR-CA.pdf\" target=\"blank\" rel=\"noopener noreferrer\">CA 2019-07-02<\/a>,\u00a0\u00a0<a href=\"\/association\/pdf\/cr-ca\/2019-08-28-CR-CA.pdf\" target=\"blank\" rel=\"noopener noreferrer\">CA 2019-08-28<\/a>,\u00a0\u00a0<a href=\"\/association\/pdf\/cr-ca\/2019-10-21-CR-CA.pdf\" target=\"blank\" rel=\"noopener noreferrer\">CA 2019-10-21<\/a>,\u00a0\u00a0<a href=\"\/association\/pdf\/cr-ca\/2019-11-26-CR-CA.pdf\" target=\"blank\" rel=\"noopener noreferrer\">CA 2019-11-26<\/a><\/p>\n<\/div>\n<div><strong>Ann\u00e9e 2018<\/strong><br \/>\n<a href=\"\/association\/pdf\/cr-ca\/2018-01-16-CR-CA.pdf\" target=\"blank\" rel=\"noopener noreferrer\">CA 2018-01-16<\/a>,\u00a0\u00a0<a href=\"\/association\/pdf\/cr-ca\/2018-02-02-CR-AG.pdf\" target=\"blank\" rel=\"noopener noreferrer\">AG 2018-02-02<\/a>,\u00a0\u00a0<a href=\"\/association\/pdf\/cr-ca\/2018-02-05-CR-CA.pdf\" target=\"blank\" rel=\"noopener noreferrer\">CA 2018-02-05<\/a>,\u00a0\u00a0<a href=\"\/association\/pdf\/cr-ca\/2018-03-05-CR-CA.pdf\" target=\"blank\" rel=\"noopener noreferrer\">CA 2018-03-05<\/a>,\u00a0\u00a0<a href=\"\/association\/pdf\/cr-ca\/2018-04-17-CR-CA.pdf\" target=\"blank\" rel=\"noopener noreferrer\">CA 2018-04-17<\/a>,\u00a0\u00a0<a href=\"\/association\/pdf\/cr-ca\/2018-06-05-CR-CA.pdf\" target=\"blank\" rel=\"noopener noreferrer\">CA 2018-06-05<\/a>,\u00a0\u00a0<a href=\"\/association\/pdf\/cr-ca\/2018-07-03-CR-CA.pdf\" target=\"blank\" rel=\"noopener noreferrer\">CA 2018-07-03<\/a>,\u00a0\u00a0<a href=\"\/association\/pdf\/cr-ca\/2018-08-21-CR-CA.pdf\" target=\"blank\" rel=\"noopener noreferrer\">CA 2018-08-21<\/a>,\u00a0\u00a0<a href=\"\/association\/pdf\/cr-ca\/2018-10-16-CR-CA.pdf\" target=\"blank\" rel=\"noopener noreferrer\">CA 2018-10-16<\/a>,\u00a0\u00a0<a href=\"\/association\/pdf\/cr-ca\/2018-11-27-CR-CA.pdf\" target=\"blank\" rel=\"noopener noreferrer\">CA 2018-11-27<\/a><\/div>\n<p><img loading=\"lazy\" decoding=\"async\" class=\"aligncenter size-full wp-image-10371\" src=\"https:\/\/www.aphyllanthe.fr\/association\/wp-content\/uploads\/2019\/09\/2019-09-groupe-rando.jpg\" alt=\"\" width=\"1920\" height=\"323\" srcset=\"https:\/\/www.aphyllanthe.fr\/association\/wp-content\/uploads\/2019\/09\/2019-09-groupe-rando.jpg 1920w, https:\/\/www.aphyllanthe.fr\/association\/wp-content\/uploads\/2019\/09\/2019-09-groupe-rando-300x50.jpg 300w, https:\/\/www.aphyllanthe.fr\/association\/wp-content\/uploads\/2019\/09\/2019-09-groupe-rando-768x129.jpg 768w, https:\/\/www.aphyllanthe.fr\/association\/wp-content\/uploads\/2019\/09\/2019-09-groupe-rando-1024x172.jpg 1024w, https:\/\/www.aphyllanthe.fr\/association\/wp-content\/uploads\/2019\/09\/2019-09-groupe-rando-1320x222.jpg 1320w\" sizes=\"auto, (max-width: 1920px) 100vw, 1920px\" \/><\/p>\n<p><a href=\"https:\/\/www.aphyllanthe.fr\/association\/wp-content\/uploads\/2018\/11\/logo-evs.png\"><img loading=\"lazy\" decoding=\"async\" class=\"size-full wp-image-8259\" src=\"https:\/\/www.aphyllanthe.fr\/association\/wp-content\/uploads\/2018\/11\/logo-evs.png\" alt=\"Logo Espaces de Vie Sociale\" width=\"584\" height=\"318\" srcset=\"https:\/\/www.aphyllanthe.fr\/association\/wp-content\/uploads\/2018\/11\/logo-evs.png 584w, https:\/\/www.aphyllanthe.fr\/association\/wp-content\/uploads\/2018\/11\/logo-evs-300x163.png 300w\" sizes=\"auto, (max-width: 584px) 100vw, 584px\" \/><\/a><\/p>\n<div>Ann\u00e9e 2017<br \/>\n<a href=\"\/association\/pdf\/cr-ca\/2017-01-25-CR-CA.pdf\" target=\"blank\" rel=\"noopener noreferrer\">CA 2017-01-25<\/a>,\u00a0\u00a0<a href=\"\/association\/pdf\/cr-ca\/2017-03-20-CR-CA.pdf\" target=\"blank\" rel=\"noopener noreferrer\">CA 2017-03-20<\/a>,\u00a0\u00a0<a href=\"\/association\/pdf\/cr-ca\/2017-03-24-CR-AG.pdf\" target=\"blank\" rel=\"noopener noreferrer\">AG 2017-03-24<\/a>,\u00a0\u00a0<a href=\"\/association\/pdf\/cr-ca\/2017-03-30-CR-CA.pdf\" target=\"blank\" rel=\"noopener noreferrer\">CA 2017-03-30<\/a>,\u00a0\u00a0<a href=\"\/association\/pdf\/cr-ca\/2017-05-22-CR-CA.pdf\" target=\"blank\" rel=\"noopener noreferrer\">CA 2017-05-22<\/a>,\u00a0\u00a0<a href=\"\/association\/pdf\/cr-ca\/2017-07-03-CR-CA.pdf\" target=\"blank\" rel=\"noopener noreferrer\">CA 2017-07-03<\/a>,\u00a0\u00a0<a href=\"\/association\/pdf\/cr-ca\/2017-08-22-CR-CA.pdf\" target=\"blank\" rel=\"noopener noreferrer\">CA 2017-08-22<\/a>,\u00a0\u00a0<a href=\"\/association\/pdf\/cr-ca\/2017-10-03-CR-CA.pdf\" target=\"blank\" rel=\"noopener noreferrer\">CA 2017-10-03<\/a>,\u00a0\u00a0<a href=\"\/association\/pdf\/cr-ca\/2017-10-17-CR-CA.pdf\" target=\"blank\" rel=\"noopener noreferrer\">CA 2017-10-17<\/a>, <a href=\"\/association\/pdf\/cr-ca\/2017-11-28-CR-CA.pdf\" target=\"blank\" rel=\"noopener noreferrer\">CA 2017-11-28<\/a><\/div>\n","protected":false},"excerpt":{"rendered":"<p>Le CA de l&rsquo;Association se r\u00e9unit 8 \u00e0 10 fois par ann\u00e9e. L&rsquo;AG a lieu une fois par ann\u00e9e au cours du premier trimestre (hors situations exceptionnelles en 2020 et 2021). Les CR des r\u00e9unions CA et AG, lorsque approuv\u00e9s par le CA, sont affich\u00e9s ici. Ann\u00e9e 2026 R\u00e9union du CA du 06-01-2026 Ann\u00e9e 2025 &hellip; <a href=\"https:\/\/www.aphyllanthe.fr\/association\/comptes-rendus\/\" class=\"more-link\">Continuer la lecture de <span class=\"screen-reader-text\">Comptes-rendus<\/span>  <span class=\"meta-nav\">&rarr;<\/span><\/a><\/p>\n","protected":false},"author":1,"featured_media":0,"parent":0,"menu_order":0,"comment_status":"closed","ping_status":"closed","template":"","meta":{"footnotes":""},"class_list":["post-13376","page","type-page","status-publish","hentry"],"_links":{"self":[{"href":"https:\/\/www.aphyllanthe.fr\/association\/wp-json\/wp\/v2\/pages\/13376","targetHints":{"allow":["GET"]}}],"collection":[{"href":"https:\/\/www.aphyllanthe.fr\/association\/wp-json\/wp\/v2\/pages"}],"about":[{"href":"https:\/\/www.aphyllanthe.fr\/association\/wp-json\/wp\/v2\/types\/page"}],"author":[{"embeddable":true,"href":"https:\/\/www.aphyllanthe.fr\/association\/wp-json\/wp\/v2\/users\/1"}],"replies":[{"embeddable":true,"href":"https:\/\/www.aphyllanthe.fr\/association\/wp-json\/wp\/v2\/comments?post=13376"}],"version-history":[{"count":48,"href":"https:\/\/www.aphyllanthe.fr\/association\/wp-json\/wp\/v2\/pages\/13376\/revisions"}],"predecessor-version":[{"id":25923,"href":"https:\/\/www.aphyllanthe.fr\/association\/wp-json\/wp\/v2\/pages\/13376\/revisions\/25923"}],"wp:attachment":[{"href":"https:\/\/www.aphyllanthe.fr\/association\/wp-json\/wp\/v2\/media?parent=13376"}],"curies":[{"name":"wp","href":"https:\/\/api.w.org\/{rel}","templated":true}]}}