{"id":13765,"date":"2020-12-06T10:56:45","date_gmt":"2020-12-06T09:56:45","guid":{"rendered":"https:\/\/www.aphyllanthe.fr\/association\/?page_id=13765"},"modified":"2021-09-15T14:57:41","modified_gmt":"2021-09-15T13:57:41","slug":"ce-fut-les-forums-2020","status":"publish","type":"page","link":"https:\/\/www.aphyllanthe.fr\/association\/ce-fut-les-forums-2020\/","title":{"rendered":"Feus les forums 2020"},"content":{"rendered":"<p><a href=\"https:\/\/www.aphyllanthe.fr\/association\/wp-content\/uploads\/2020\/12\/8ou936qpm8kbjklgk3rns2hkcgoriinw.jpg\"><img loading=\"lazy\" decoding=\"async\" class=\"alignleft size-thumbnail wp-image-13775\" src=\"https:\/\/www.aphyllanthe.fr\/association\/wp-content\/uploads\/2020\/12\/8ou936qpm8kbjklgk3rns2hkcgoriinw-150x150.jpg\" alt=\"\" width=\"150\" height=\"150\" \/><\/a>Lors du premier confinement \u00e0 partir du 16 mars 2020, caus\u00e9 par l&rsquo;extension rapide de la pand\u00e9mie COVID-19 en France, L&rsquo;Association a d\u00fb fermer ses portes et suspendre toute activit\u00e9. Apr\u00e8s avoir encaiss\u00e9 le choc des premiers jours, nous avons engag\u00e9 diff\u00e9rentes initiatives \u00e0 distance (fabrication de masques en tissu, contacts au t\u00e9l\u00e9phone avec les enfants inscrits au CLAS, cours de pilates et de yoga par visioconf\u00e9rence.<\/p>\n<p><a href=\"https:\/\/www.aphyllanthe.fr\/association\/wp-content\/uploads\/2020\/12\/60nu7xupydiqbl1wlz2dckhvhkh8ge8k.jpg\"><img loading=\"lazy\" decoding=\"async\" class=\"alignright size-thumbnail wp-image-13777\" src=\"https:\/\/www.aphyllanthe.fr\/association\/wp-content\/uploads\/2020\/12\/60nu7xupydiqbl1wlz2dckhvhkh8ge8k-150x150.jpg\" alt=\"\" width=\"150\" height=\"150\" \/><\/a>Nous avons \u00e9galement voulu rester pr\u00e9sents aupr\u00e8s de nos adh\u00e9rents en proposant un moyen d&rsquo;\u00e9change et de communication virtuel. Nous avons donc cr\u00e9\u00e9 des forums sur notre site Internet sur diff\u00e9rents sujets, dont les travaux manuels (patchwork), la cr\u00e9ativit\u00e9 (challenges cr\u00e9atifs), la lecture et la cuisine. Beaucoup de nos adh\u00e9rents ont particip\u00e9 pendant ce confinement jusqu&rsquo;en mai 2020. Par la suite, le retour \u00e0 une vie moins confin\u00e9e a \u00e9t\u00e9 suivi d&rsquo;un manque de participation \u00e0 ces forums. En d\u00e9cembre 2020, nous les avons donc supprim\u00e9 du site. N\u00e9anmoins, voulant en garder une trace et par respect pour l&rsquo;effort des participants, nous vous pr\u00e9sentons ici sur les liens suivants, une archive des fils de messages de ces forums.<\/p>\n<p><a href=\"\/association\/pdf\/forum\/challenges-creatifs.pdf\" target=\"_blank\" rel=\"noopener noreferrer\">Challenges cr\u00e9atifs<\/a><br \/>\n<a href=\"\/association\/pdf\/forum\/challenge-creatif-1.pdf\" target=\"_blank\" rel=\"noopener noreferrer\">Challenge cr\u00e9atif 1<\/a><br \/>\n<a href=\"\/association\/pdf\/forum\/challenge-creatif-2.pdf\" target=\"_blank\" rel=\"noopener noreferrer\">Challenge cr\u00e9atif 2<\/a><br \/>\n<a href=\"\/association\/pdf\/forum\/challenge-patchwork.pdf\" target=\"_blank\" rel=\"noopener noreferrer\">Challenge patchwork<\/a><br \/>\n<a href=\"\/association\/pdf\/forum\/forum-des-lectrices.pdf\" target=\"_blank\" rel=\"noopener noreferrer\">Forum des lectrices<\/a><\/p>\n<p>Quelques exemples des contributions cr\u00e9atives.<\/p>\n<div id='gallery-1' class='gallery galleryid-13765 gallery-columns-3 gallery-size-thumbnail'><figure class='gallery-item'>\n\t\t\t<div class='gallery-icon landscape'>\n\t\t\t\t<a href='https:\/\/www.aphyllanthe.fr\/association\/ydgn0xi5ux578zzfwu50gsjq80kd6vzv\/'><img loading=\"lazy\" decoding=\"async\" width=\"150\" height=\"150\" src=\"https:\/\/www.aphyllanthe.fr\/association\/wp-content\/uploads\/2020\/12\/ydgn0xi5ux578zzfwu50gsjq80kd6vzv-150x150.jpg\" class=\"attachment-thumbnail size-thumbnail\" alt=\"\" \/><\/a>\n\t\t\t<\/div><\/figure><figure class='gallery-item'>\n\t\t\t<div class='gallery-icon landscape'>\n\t\t\t\t<a href='https:\/\/www.aphyllanthe.fr\/association\/wtkyl4wljptuirietzsc718pbnrb5zn6\/'><img loading=\"lazy\" decoding=\"async\" width=\"150\" height=\"150\" src=\"https:\/\/www.aphyllanthe.fr\/association\/wp-content\/uploads\/2020\/12\/wtkyl4wljptuirietzsc718pbnrb5zn6-150x150.jpg\" class=\"attachment-thumbnail size-thumbnail\" alt=\"\" \/><\/a>\n\t\t\t<\/div><\/figure><figure class='gallery-item'>\n\t\t\t<div class='gallery-icon portrait'>\n\t\t\t\t<a href='https:\/\/www.aphyllanthe.fr\/association\/x2kc3z0qeqr7xm1yhdoeg4i9mts86hv9\/'><img loading=\"lazy\" decoding=\"async\" width=\"150\" height=\"150\" src=\"https:\/\/www.aphyllanthe.fr\/association\/wp-content\/uploads\/2020\/12\/x2kc3z0qeqr7xm1yhdoeg4i9mts86hv9-150x150.jpg\" class=\"attachment-thumbnail size-thumbnail\" alt=\"\" \/><\/a>\n\t\t\t<\/div><\/figure><figure class='gallery-item'>\n\t\t\t<div class='gallery-icon portrait'>\n\t\t\t\t<a href='https:\/\/www.aphyllanthe.fr\/association\/vw4j1u8bj0jutvejxdxce6k8p91byslb\/'><img loading=\"lazy\" decoding=\"async\" width=\"150\" height=\"150\" src=\"https:\/\/www.aphyllanthe.fr\/association\/wp-content\/uploads\/2020\/12\/vw4j1u8bj0jutvejxdxce6k8p91byslb-150x150.jpg\" class=\"attachment-thumbnail size-thumbnail\" alt=\"\" \/><\/a>\n\t\t\t<\/div><\/figure><figure class='gallery-item'>\n\t\t\t<div class='gallery-icon portrait'>\n\t\t\t\t<a href='https:\/\/www.aphyllanthe.fr\/association\/u1wuq9uz9mzu1ffl1w8gbobzbf8if2ju\/'><img loading=\"lazy\" decoding=\"async\" width=\"150\" height=\"150\" src=\"https:\/\/www.aphyllanthe.fr\/association\/wp-content\/uploads\/2020\/12\/u1wuq9uz9mzu1ffl1w8gbobzbf8if2ju-150x150.jpg\" class=\"attachment-thumbnail size-thumbnail\" alt=\"\" \/><\/a>\n\t\t\t<\/div><\/figure><figure class='gallery-item'>\n\t\t\t<div class='gallery-icon landscape'>\n\t\t\t\t<a href='https:\/\/www.aphyllanthe.fr\/association\/uj814oq8f7kygt8lfdbcnzsxknoyqhvv\/'><img loading=\"lazy\" decoding=\"async\" width=\"150\" height=\"150\" src=\"https:\/\/www.aphyllanthe.fr\/association\/wp-content\/uploads\/2020\/12\/uj814oq8f7kygt8lfdbcnzsxknoyqhvv-150x150.jpg\" class=\"attachment-thumbnail size-thumbnail\" alt=\"\" \/><\/a>\n\t\t\t<\/div><\/figure><figure class='gallery-item'>\n\t\t\t<div class='gallery-icon portrait'>\n\t\t\t\t<a href='https:\/\/www.aphyllanthe.fr\/association\/tj34j8lmmd41jdapx3ispiqmuar1sej4\/'><img loading=\"lazy\" decoding=\"async\" width=\"150\" height=\"150\" src=\"https:\/\/www.aphyllanthe.fr\/association\/wp-content\/uploads\/2020\/12\/tj34j8lmmd41jdapx3ispiqmuar1sej4-150x150.jpg\" class=\"attachment-thumbnail size-thumbnail\" alt=\"\" \/><\/a>\n\t\t\t<\/div><\/figure><figure class='gallery-item'>\n\t\t\t<div class='gallery-icon landscape'>\n\t\t\t\t<a href='https:\/\/www.aphyllanthe.fr\/association\/k1ffz9ha8es960q6l1f64uvcdtsc8rya\/'><img loading=\"lazy\" decoding=\"async\" width=\"150\" height=\"150\" src=\"https:\/\/www.aphyllanthe.fr\/association\/wp-content\/uploads\/2020\/12\/k1ffz9ha8es960q6l1f64uvcdtsc8rya-150x150.jpg\" class=\"attachment-thumbnail size-thumbnail\" alt=\"\" \/><\/a>\n\t\t\t<\/div><\/figure><figure class='gallery-item'>\n\t\t\t<div class='gallery-icon portrait'>\n\t\t\t\t<a href='https:\/\/www.aphyllanthe.fr\/association\/hkg8jqpyjwn0jhzjctipjgtje0pzgk61\/'><img loading=\"lazy\" decoding=\"async\" width=\"150\" height=\"150\" src=\"https:\/\/www.aphyllanthe.fr\/association\/wp-content\/uploads\/2020\/12\/hkg8jqpyjwn0jhzjctipjgtje0pzgk61-150x150.jpg\" class=\"attachment-thumbnail size-thumbnail\" alt=\"\" \/><\/a>\n\t\t\t<\/div><\/figure><figure class='gallery-item'>\n\t\t\t<div class='gallery-icon landscape'>\n\t\t\t\t<a href='https:\/\/www.aphyllanthe.fr\/association\/h5wflcxnt8houjhs1fulex3bf1ry1fxm\/'><img loading=\"lazy\" decoding=\"async\" width=\"150\" height=\"150\" src=\"https:\/\/www.aphyllanthe.fr\/association\/wp-content\/uploads\/2020\/12\/h5wflcxnt8houjhs1fulex3bf1ry1fxm-150x150.jpg\" class=\"attachment-thumbnail size-thumbnail\" alt=\"\" \/><\/a>\n\t\t\t<\/div><\/figure><figure class='gallery-item'>\n\t\t\t<div class='gallery-icon portrait'>\n\t\t\t\t<a href='https:\/\/www.aphyllanthe.fr\/association\/fi37agugoefstgwuxrc58qlwgcq4u172\/'><img loading=\"lazy\" decoding=\"async\" width=\"150\" height=\"150\" src=\"https:\/\/www.aphyllanthe.fr\/association\/wp-content\/uploads\/2020\/12\/fi37agugoefstgwuxrc58qlwgcq4u172-150x150.jpg\" class=\"attachment-thumbnail size-thumbnail\" alt=\"\" \/><\/a>\n\t\t\t<\/div><\/figure><figure class='gallery-item'>\n\t\t\t<div class='gallery-icon landscape'>\n\t\t\t\t<a href='https:\/\/www.aphyllanthe.fr\/association\/fghnl2ac5afu0uz7xhhdje0ejrf4yp6o\/'><img loading=\"lazy\" decoding=\"async\" width=\"150\" height=\"150\" src=\"https:\/\/www.aphyllanthe.fr\/association\/wp-content\/uploads\/2020\/12\/fghnl2ac5afu0uz7xhhdje0ejrf4yp6o-150x150.jpg\" class=\"attachment-thumbnail size-thumbnail\" alt=\"\" srcset=\"https:\/\/www.aphyllanthe.fr\/association\/wp-content\/uploads\/2020\/12\/fghnl2ac5afu0uz7xhhdje0ejrf4yp6o-150x150.jpg 150w, https:\/\/www.aphyllanthe.fr\/association\/wp-content\/uploads\/2020\/12\/fghnl2ac5afu0uz7xhhdje0ejrf4yp6o.jpg 200w\" sizes=\"auto, (max-width: 150px) 100vw, 150px\" \/><\/a>\n\t\t\t<\/div><\/figure><figure class='gallery-item'>\n\t\t\t<div class='gallery-icon landscape'>\n\t\t\t\t<a href='https:\/\/www.aphyllanthe.fr\/association\/f98fdncf50iu4f0plkcziiu9n2bba6ze\/'><img loading=\"lazy\" decoding=\"async\" width=\"150\" height=\"150\" src=\"https:\/\/www.aphyllanthe.fr\/association\/wp-content\/uploads\/2020\/12\/f98fdncf50iu4f0plkcziiu9n2bba6ze-150x150.jpg\" class=\"attachment-thumbnail size-thumbnail\" alt=\"\" srcset=\"https:\/\/www.aphyllanthe.fr\/association\/wp-content\/uploads\/2020\/12\/f98fdncf50iu4f0plkcziiu9n2bba6ze-150x150.jpg 150w, https:\/\/www.aphyllanthe.fr\/association\/wp-content\/uploads\/2020\/12\/f98fdncf50iu4f0plkcziiu9n2bba6ze.jpg 200w\" sizes=\"auto, (max-width: 150px) 100vw, 150px\" \/><\/a>\n\t\t\t<\/div><\/figure><figure class='gallery-item'>\n\t\t\t<div class='gallery-icon portrait'>\n\t\t\t\t<a href='https:\/\/www.aphyllanthe.fr\/association\/ce-fut-les-forums-2020\/60nu7xupydiqbl1wlz2dckhvhkh8ge8k\/'><img loading=\"lazy\" decoding=\"async\" width=\"150\" height=\"150\" src=\"https:\/\/www.aphyllanthe.fr\/association\/wp-content\/uploads\/2020\/12\/60nu7xupydiqbl1wlz2dckhvhkh8ge8k-150x150.jpg\" class=\"attachment-thumbnail size-thumbnail\" alt=\"\" \/><\/a>\n\t\t\t<\/div><\/figure><figure class='gallery-item'>\n\t\t\t<div class='gallery-icon portrait'>\n\t\t\t\t<a href='https:\/\/www.aphyllanthe.fr\/association\/21dpds2as6e3xq9d43le4y2buhz88d2s\/'><img loading=\"lazy\" decoding=\"async\" width=\"150\" height=\"150\" src=\"https:\/\/www.aphyllanthe.fr\/association\/wp-content\/uploads\/2020\/12\/21dpds2as6e3xq9d43le4y2buhz88d2s-150x150.jpg\" class=\"attachment-thumbnail size-thumbnail\" alt=\"\" \/><\/a>\n\t\t\t<\/div><\/figure><figure class='gallery-item'>\n\t\t\t<div class='gallery-icon portrait'>\n\t\t\t\t<a href='https:\/\/www.aphyllanthe.fr\/association\/ce-fut-les-forums-2020\/8ou936qpm8kbjklgk3rns2hkcgoriinw\/'><img loading=\"lazy\" decoding=\"async\" width=\"150\" height=\"150\" src=\"https:\/\/www.aphyllanthe.fr\/association\/wp-content\/uploads\/2020\/12\/8ou936qpm8kbjklgk3rns2hkcgoriinw-150x150.jpg\" class=\"attachment-thumbnail size-thumbnail\" alt=\"\" \/><\/a>\n\t\t\t<\/div><\/figure><figure class='gallery-item'>\n\t\t\t<div class='gallery-icon portrait'>\n\t\t\t\t<a href='https:\/\/www.aphyllanthe.fr\/association\/2itt2jki69l4h7vo4c5q1ck7tx2mpcfr\/'><img loading=\"lazy\" decoding=\"async\" width=\"150\" height=\"150\" src=\"https:\/\/www.aphyllanthe.fr\/association\/wp-content\/uploads\/2020\/12\/2itt2jki69l4h7vo4c5q1ck7tx2mpcfr-150x150.jpg\" class=\"attachment-thumbnail size-thumbnail\" alt=\"\" \/><\/a>\n\t\t\t<\/div><\/figure><figure class='gallery-item'>\n\t\t\t<div class='gallery-icon portrait'>\n\t\t\t\t<a href='https:\/\/www.aphyllanthe.fr\/association\/1a9n1h2kent27n9hzwdusl2hd80qz6fk\/'><img loading=\"lazy\" decoding=\"async\" width=\"150\" height=\"150\" src=\"https:\/\/www.aphyllanthe.fr\/association\/wp-content\/uploads\/2020\/12\/1a9n1h2kent27n9hzwdusl2hd80qz6fk-150x150.jpg\" class=\"attachment-thumbnail size-thumbnail\" alt=\"\" srcset=\"https:\/\/www.aphyllanthe.fr\/association\/wp-content\/uploads\/2020\/12\/1a9n1h2kent27n9hzwdusl2hd80qz6fk-150x150.jpg 150w, https:\/\/www.aphyllanthe.fr\/association\/wp-content\/uploads\/2020\/12\/1a9n1h2kent27n9hzwdusl2hd80qz6fk-298x300.jpg 298w, https:\/\/www.aphyllanthe.fr\/association\/wp-content\/uploads\/2020\/12\/1a9n1h2kent27n9hzwdusl2hd80qz6fk-1018x1024.jpg 1018w, https:\/\/www.aphyllanthe.fr\/association\/wp-content\/uploads\/2020\/12\/1a9n1h2kent27n9hzwdusl2hd80qz6fk-768x772.jpg 768w, https:\/\/www.aphyllanthe.fr\/association\/wp-content\/uploads\/2020\/12\/1a9n1h2kent27n9hzwdusl2hd80qz6fk-1320x1327.jpg 1320w, https:\/\/www.aphyllanthe.fr\/association\/wp-content\/uploads\/2020\/12\/1a9n1h2kent27n9hzwdusl2hd80qz6fk.jpg 1410w\" sizes=\"auto, (max-width: 150px) 100vw, 150px\" \/><\/a>\n\t\t\t<\/div><\/figure>\n\t\t<\/div>\n\n","protected":false},"excerpt":{"rendered":"<p>Lors du premier confinement \u00e0 partir du 16 mars 2020, caus\u00e9 par l&rsquo;extension rapide de la pand\u00e9mie COVID-19 en France, L&rsquo;Association a d\u00fb fermer ses portes et suspendre toute activit\u00e9. Apr\u00e8s avoir encaiss\u00e9 le choc des premiers jours, nous avons engag\u00e9 diff\u00e9rentes initiatives \u00e0 distance (fabrication de masques en tissu, contacts au t\u00e9l\u00e9phone avec les &hellip; <a href=\"https:\/\/www.aphyllanthe.fr\/association\/ce-fut-les-forums-2020\/\" class=\"more-link\">Continuer la lecture de <span class=\"screen-reader-text\">Feus les forums 2020<\/span>  <span class=\"meta-nav\">&rarr;<\/span><\/a><\/p>\n","protected":false},"author":1,"featured_media":0,"parent":0,"menu_order":0,"comment_status":"closed","ping_status":"closed","template":"","meta":{"footnotes":""},"class_list":["post-13765","page","type-page","status-publish","hentry"],"_links":{"self":[{"href":"https:\/\/www.aphyllanthe.fr\/association\/wp-json\/wp\/v2\/pages\/13765","targetHints":{"allow":["GET"]}}],"collection":[{"href":"https:\/\/www.aphyllanthe.fr\/association\/wp-json\/wp\/v2\/pages"}],"about":[{"href":"https:\/\/www.aphyllanthe.fr\/association\/wp-json\/wp\/v2\/types\/page"}],"author":[{"embeddable":true,"href":"https:\/\/www.aphyllanthe.fr\/association\/wp-json\/wp\/v2\/users\/1"}],"replies":[{"embeddable":true,"href":"https:\/\/www.aphyllanthe.fr\/association\/wp-json\/wp\/v2\/comments?post=13765"}],"version-history":[{"count":4,"href":"https:\/\/www.aphyllanthe.fr\/association\/wp-json\/wp\/v2\/pages\/13765\/revisions"}],"predecessor-version":[{"id":15057,"href":"https:\/\/www.aphyllanthe.fr\/association\/wp-json\/wp\/v2\/pages\/13765\/revisions\/15057"}],"wp:attachment":[{"href":"https:\/\/www.aphyllanthe.fr\/association\/wp-json\/wp\/v2\/media?parent=13765"}],"curies":[{"name":"wp","href":"https:\/\/api.w.org\/{rel}","templated":true}]}}