{"id":16860,"date":"2022-07-19T11:08:42","date_gmt":"2022-07-19T10:08:42","guid":{"rendered":"https:\/\/www.aphyllanthe.fr\/association\/?page_id=16860"},"modified":"2022-07-21T12:31:51","modified_gmt":"2022-07-21T11:31:51","slug":"meditation","status":"publish","type":"page","link":"https:\/\/www.aphyllanthe.fr\/association\/meditation\/","title":{"rendered":"M\u00e9ditation"},"content":{"rendered":"\n<div class=\"wp-block-columns is-layout-flex wp-container-core-columns-is-layout-9d6595d7 wp-block-columns-is-layout-flex\">\n<div class=\"wp-block-column is-layout-flow wp-block-column-is-layout-flow\"><div class=\"wp-block-image is-style-rounded\">\n<figure class=\"aligncenter size-full\"><a href=\"https:\/\/www.aphyllanthe.fr\/association\/wp-content\/uploads\/2022\/07\/Laurent-Gras.webp\"><img loading=\"lazy\" decoding=\"async\" width=\"938\" height=\"720\" src=\"https:\/\/www.aphyllanthe.fr\/association\/wp-content\/uploads\/2022\/07\/Laurent-Gras.webp\" alt=\"\" class=\"wp-image-16879\" srcset=\"https:\/\/www.aphyllanthe.fr\/association\/wp-content\/uploads\/2022\/07\/Laurent-Gras.webp 938w, https:\/\/www.aphyllanthe.fr\/association\/wp-content\/uploads\/2022\/07\/Laurent-Gras-300x230.webp 300w, https:\/\/www.aphyllanthe.fr\/association\/wp-content\/uploads\/2022\/07\/Laurent-Gras-768x590.webp 768w\" sizes=\"auto, (max-width: 938px) 100vw, 938px\" \/><\/a><figcaption>Laurent Gras<\/figcaption><\/figure>\n<\/div><\/div>\n\n\n\n<div class=\"wp-block-column is-layout-flow wp-block-column-is-layout-flow\">\n<p>A partir de septembre 2022, Laurent Gras animera une s\u00e9rie d&rsquo;ateliers de m\u00e9ditation <strong>TANGRAM<\/strong> \u00e0 l&rsquo;Aphyllanthe.<br \/>Passionn\u00e9 d&rsquo;arts martiaux, c&rsquo;est tout naturellement qu&rsquo;il s&rsquo;est progressivement tourn\u00e9 vers la m\u00e9ditation.<br \/>Il est certifi\u00e9 coach-enseignant de m\u00e9ditation TANGRAM de l\u2019acad\u00e9mie du m\u00eame nom, cr\u00e9\u00e9e par Christophe LORREYTE.<\/p>\n<\/div>\n<\/div>\n\n\n\n<h2 class=\"wp-block-heading\">La m\u00e9ditation Tangram en r\u00e9sum\u00e9 <a href=\"https:\/\/www.aphyllanthe.fr\/association\/pdf\/plaquette-tangram.pdf\" target=\"_blank\" rel=\"noreferrer noopener\">voir ici<\/a>.<\/h2>\n\n\n\n<h2 class=\"wp-block-heading\">Note d&rsquo;intention de Laurent Gras : <a href=\"https:\/\/www.aphyllanthe.fr\/association\/pdf\/note-intention-laurent-gras.pdf\" target=\"_blank\" rel=\"noreferrer noopener\">voir ici<\/a>.<\/h2>\n\n\n\n<h2 class=\"wp-block-heading\">La pratique : <a href=\"https:\/\/www.aphyllanthe.fr\/association\/pdf\/pratique-de-la-meditation.pdf\" target=\"_blank\" rel=\"noreferrer noopener\">voir ici<\/a>.<\/h2>\n\n\n\n<figure class=\"wp-block-image size-full\"><a href=\"https:\/\/www.aphyllanthe.fr\/association\/wp-content\/uploads\/2022\/07\/postures-meditation.webp\"><img loading=\"lazy\" decoding=\"async\" width=\"745\" height=\"422\" src=\"https:\/\/www.aphyllanthe.fr\/association\/wp-content\/uploads\/2022\/07\/postures-meditation.webp\" alt=\"\" class=\"wp-image-16882\" srcset=\"https:\/\/www.aphyllanthe.fr\/association\/wp-content\/uploads\/2022\/07\/postures-meditation.webp 745w, https:\/\/www.aphyllanthe.fr\/association\/wp-content\/uploads\/2022\/07\/postures-meditation-300x170.webp 300w\" sizes=\"auto, (max-width: 745px) 100vw, 745px\" \/><\/a><\/figure>\n\n\n\n<p><\/p>\n","protected":false},"excerpt":{"rendered":"<p>A partir de septembre 2022, Laurent Gras animera une s\u00e9rie d&rsquo;ateliers de m\u00e9ditation TANGRAM \u00e0 l&rsquo;Aphyllanthe.Passionn\u00e9 d&rsquo;arts martiaux, c&rsquo;est tout naturellement qu&rsquo;il s&rsquo;est progressivement tourn\u00e9 vers la m\u00e9ditation.Il est certifi\u00e9 coach-enseignant de m\u00e9ditation TANGRAM de l\u2019acad\u00e9mie du m\u00eame nom, cr\u00e9\u00e9e par Christophe LORREYTE. La m\u00e9ditation Tangram en r\u00e9sum\u00e9 voir ici. Note d&rsquo;intention de Laurent Gras &hellip; <a href=\"https:\/\/www.aphyllanthe.fr\/association\/meditation\/\" class=\"more-link\">Continuer la lecture de <span class=\"screen-reader-text\">M\u00e9ditation<\/span>  <span class=\"meta-nav\">&rarr;<\/span><\/a><\/p>\n","protected":false},"author":10,"featured_media":0,"parent":0,"menu_order":0,"comment_status":"closed","ping_status":"closed","template":"","meta":{"footnotes":""},"class_list":["post-16860","page","type-page","status-publish","hentry"],"_links":{"self":[{"href":"https:\/\/www.aphyllanthe.fr\/association\/wp-json\/wp\/v2\/pages\/16860","targetHints":{"allow":["GET"]}}],"collection":[{"href":"https:\/\/www.aphyllanthe.fr\/association\/wp-json\/wp\/v2\/pages"}],"about":[{"href":"https:\/\/www.aphyllanthe.fr\/association\/wp-json\/wp\/v2\/types\/page"}],"author":[{"embeddable":true,"href":"https:\/\/www.aphyllanthe.fr\/association\/wp-json\/wp\/v2\/users\/10"}],"replies":[{"embeddable":true,"href":"https:\/\/www.aphyllanthe.fr\/association\/wp-json\/wp\/v2\/comments?post=16860"}],"version-history":[{"count":7,"href":"https:\/\/www.aphyllanthe.fr\/association\/wp-json\/wp\/v2\/pages\/16860\/revisions"}],"predecessor-version":[{"id":16886,"href":"https:\/\/www.aphyllanthe.fr\/association\/wp-json\/wp\/v2\/pages\/16860\/revisions\/16886"}],"wp:attachment":[{"href":"https:\/\/www.aphyllanthe.fr\/association\/wp-json\/wp\/v2\/media?parent=16860"}],"curies":[{"name":"wp","href":"https:\/\/api.w.org\/{rel}","templated":true}]}}