{"id":16946,"date":"2022-07-21T14:07:52","date_gmt":"2022-07-21T13:07:52","guid":{"rendered":"https:\/\/www.aphyllanthe.fr\/association\/?page_id=16946"},"modified":"2022-09-01T08:54:26","modified_gmt":"2022-09-01T07:54:26","slug":"danses-indiennes-et-bollywood","status":"publish","type":"page","link":"https:\/\/www.aphyllanthe.fr\/association\/danses-indiennes-et-bollywood\/","title":{"rendered":"Danses indiennes et Bollywood (enfants)"},"content":{"rendered":"\n<div class=\"wp-block-columns is-layout-flex wp-container-core-columns-is-layout-9d6595d7 wp-block-columns-is-layout-flex\">\n<div class=\"wp-block-column is-layout-flow wp-block-column-is-layout-flow\">\n<figure class=\"wp-block-image size-large is-style-rounded\"><a href=\"https:\/\/www.aphyllanthe.fr\/association\/wp-content\/uploads\/2022\/07\/AUDE-NANDY.webp\"><img loading=\"lazy\" decoding=\"async\" width=\"1024\" height=\"656\" src=\"https:\/\/www.aphyllanthe.fr\/association\/wp-content\/uploads\/2022\/07\/AUDE-NANDY-1024x656.webp\" alt=\"\" class=\"wp-image-16991\" srcset=\"https:\/\/www.aphyllanthe.fr\/association\/wp-content\/uploads\/2022\/07\/AUDE-NANDY-1024x656.webp 1024w, https:\/\/www.aphyllanthe.fr\/association\/wp-content\/uploads\/2022\/07\/AUDE-NANDY-300x192.webp 300w, https:\/\/www.aphyllanthe.fr\/association\/wp-content\/uploads\/2022\/07\/AUDE-NANDY-768x492.webp 768w, https:\/\/www.aphyllanthe.fr\/association\/wp-content\/uploads\/2022\/07\/AUDE-NANDY.webp 1120w\" sizes=\"auto, (max-width: 1024px) 100vw, 1024px\" \/><\/a><figcaption>Photo Eliana Sini &#8211; <a href=\"https:\/\/www.bullesdesavon.fr\/\" target=\"_blank\" rel=\"noreferrer noopener\">Bullesdesavon.fr<\/a><\/figcaption><\/figure>\n<\/div>\n\n\n\n<div class=\"wp-block-column is-layout-flow wp-block-column-is-layout-flow\">\n<p>Nouveaut\u00e9 de la rentr\u00e9e 2022, l&rsquo;Association propose des cours de danses indiennes et Bollywood pour enfants, dispens\u00e9s par Aude Nandy Rondet, danseuse et professeur de danse.<\/p>\n\n\n\n<p><\/p>\n<\/div>\n<\/div>\n\n\n\n<p>Apr\u00e8s des \u00e9tudes de couture et stylisme, elle suit une formation de com\u00e9dienne avant de commencer son apprentissage de la danse indienne par la danse <strong>Odissi<\/strong> (danse classique de la r\u00e9gion d\u2019Orissa) en 2005.<br \/>L\u2019ann\u00e9e suivante, elle d\u00e9couvre l\u2019univers envo\u00fbtant de <strong>Bollywood<\/strong>, au style tr\u00e8s ouvert, qui lui permet d\u2019exploiter son c\u00f4t\u00e9 expressif th\u00e9\u00e2tral.<br \/>Elle cr\u00e9e alors ses propres chor\u00e9graphies, enrichit sa pratique de divers styles de danses, principalement la <strong>Kalbeliya<\/strong>, danse gitane du Rajasthan (n\u00e9e dans la communaut\u00e9 des charmeurs de serpents) et la <strong>Kathak<\/strong>, danse classique du nord de l\u2019Inde.<br \/>Elle enseigne depuis 2010.<\/p>\n\n\n\n<h2 class=\"wp-block-heading\">Comment on danse ?<\/h2>\n\n\n\n<p>Lors des s\u00e9ances, un travail de d\u00e9composition des gestuelles et des pas de bases se fait. On passe ensuite \u00e0 l&rsquo;apprentissage chor\u00e9graphique, la cr\u00e9ation, l&rsquo;improvisation\u2026<br \/>Tout cela de fa\u00e7on ludique, rigoureuse mais l\u00e9g\u00e8re pour un moment agr\u00e9able d\u2019apprentissage.<\/p>\n\n\n\n<div class=\"wp-block-columns is-layout-flex wp-container-core-columns-is-layout-9d6595d7 wp-block-columns-is-layout-flex\">\n<div class=\"wp-block-column is-layout-flow wp-block-column-is-layout-flow\">\n<figure class=\"wp-block-image size-large\"><a href=\"https:\/\/www.aphyllanthe.fr\/association\/wp-content\/uploads\/2022\/09\/BOLLY-ENFANT-1.webp\"><img loading=\"lazy\" decoding=\"async\" width=\"1024\" height=\"682\" src=\"https:\/\/www.aphyllanthe.fr\/association\/wp-content\/uploads\/2022\/09\/BOLLY-ENFANT-1-1024x682.webp\" alt=\"\" class=\"wp-image-17149\" srcset=\"https:\/\/www.aphyllanthe.fr\/association\/wp-content\/uploads\/2022\/09\/BOLLY-ENFANT-1-1024x682.webp 1024w, https:\/\/www.aphyllanthe.fr\/association\/wp-content\/uploads\/2022\/09\/BOLLY-ENFANT-1-300x200.webp 300w, https:\/\/www.aphyllanthe.fr\/association\/wp-content\/uploads\/2022\/09\/BOLLY-ENFANT-1-768x512.webp 768w, https:\/\/www.aphyllanthe.fr\/association\/wp-content\/uploads\/2022\/09\/BOLLY-ENFANT-1-1536x1024.webp 1536w, https:\/\/www.aphyllanthe.fr\/association\/wp-content\/uploads\/2022\/09\/BOLLY-ENFANT-1-1320x880.webp 1320w, https:\/\/www.aphyllanthe.fr\/association\/wp-content\/uploads\/2022\/09\/BOLLY-ENFANT-1.webp 2000w\" sizes=\"auto, (max-width: 1024px) 100vw, 1024px\" \/><\/a><figcaption>Photo Sandrine Da Costa<\/figcaption><\/figure>\n<\/div>\n\n\n\n<div class=\"wp-block-column is-layout-flow wp-block-column-is-layout-flow\">\n<figure class=\"wp-block-image size-large\"><a href=\"https:\/\/www.aphyllanthe.fr\/association\/wp-content\/uploads\/2022\/09\/BOLLY-ENFANT-2.webp\"><img loading=\"lazy\" decoding=\"async\" width=\"1024\" height=\"683\" src=\"https:\/\/www.aphyllanthe.fr\/association\/wp-content\/uploads\/2022\/09\/BOLLY-ENFANT-2-1024x683.webp\" alt=\"\" class=\"wp-image-17150\" srcset=\"https:\/\/www.aphyllanthe.fr\/association\/wp-content\/uploads\/2022\/09\/BOLLY-ENFANT-2-1024x683.webp 1024w, https:\/\/www.aphyllanthe.fr\/association\/wp-content\/uploads\/2022\/09\/BOLLY-ENFANT-2-300x200.webp 300w, https:\/\/www.aphyllanthe.fr\/association\/wp-content\/uploads\/2022\/09\/BOLLY-ENFANT-2-768x512.webp 768w, https:\/\/www.aphyllanthe.fr\/association\/wp-content\/uploads\/2022\/09\/BOLLY-ENFANT-2-1536x1024.webp 1536w, https:\/\/www.aphyllanthe.fr\/association\/wp-content\/uploads\/2022\/09\/BOLLY-ENFANT-2-1320x880.webp 1320w, https:\/\/www.aphyllanthe.fr\/association\/wp-content\/uploads\/2022\/09\/BOLLY-ENFANT-2.webp 2048w\" sizes=\"auto, (max-width: 1024px) 100vw, 1024px\" \/><\/a><figcaption>Photo Sandrine Da Costa<\/figcaption><\/figure>\n<\/div>\n<\/div>\n\n\n\n<p>Lien vers le site de Aude <strong><a href=\"https:\/\/aude-nandy.fr\/\" target=\"_blank\" rel=\"noreferrer noopener\">ici<\/a><\/strong>.<\/p>\n","protected":false},"excerpt":{"rendered":"<p>Nouveaut\u00e9 de la rentr\u00e9e 2022, l&rsquo;Association propose des cours de danses indiennes et Bollywood pour enfants, dispens\u00e9s par Aude Nandy Rondet, danseuse et professeur de danse. Apr\u00e8s des \u00e9tudes de couture et stylisme, elle suit une formation de com\u00e9dienne avant de commencer son apprentissage de la danse indienne par la danse Odissi (danse classique de &hellip; <a href=\"https:\/\/www.aphyllanthe.fr\/association\/danses-indiennes-et-bollywood\/\" class=\"more-link\">Continuer la lecture de <span class=\"screen-reader-text\">Danses indiennes et Bollywood (enfants)<\/span>  <span class=\"meta-nav\">&rarr;<\/span><\/a><\/p>\n","protected":false},"author":10,"featured_media":0,"parent":0,"menu_order":0,"comment_status":"closed","ping_status":"closed","template":"","meta":{"footnotes":""},"class_list":["post-16946","page","type-page","status-publish","hentry"],"_links":{"self":[{"href":"https:\/\/www.aphyllanthe.fr\/association\/wp-json\/wp\/v2\/pages\/16946","targetHints":{"allow":["GET"]}}],"collection":[{"href":"https:\/\/www.aphyllanthe.fr\/association\/wp-json\/wp\/v2\/pages"}],"about":[{"href":"https:\/\/www.aphyllanthe.fr\/association\/wp-json\/wp\/v2\/types\/page"}],"author":[{"embeddable":true,"href":"https:\/\/www.aphyllanthe.fr\/association\/wp-json\/wp\/v2\/users\/10"}],"replies":[{"embeddable":true,"href":"https:\/\/www.aphyllanthe.fr\/association\/wp-json\/wp\/v2\/comments?post=16946"}],"version-history":[{"count":8,"href":"https:\/\/www.aphyllanthe.fr\/association\/wp-json\/wp\/v2\/pages\/16946\/revisions"}],"predecessor-version":[{"id":17152,"href":"https:\/\/www.aphyllanthe.fr\/association\/wp-json\/wp\/v2\/pages\/16946\/revisions\/17152"}],"wp:attachment":[{"href":"https:\/\/www.aphyllanthe.fr\/association\/wp-json\/wp\/v2\/media?parent=16946"}],"curies":[{"name":"wp","href":"https:\/\/api.w.org\/{rel}","templated":true}]}}