{"id":19162,"date":"2023-08-14T20:35:55","date_gmt":"2023-08-14T19:35:55","guid":{"rendered":"https:\/\/www.aphyllanthe.fr\/association\/?page_id=19162"},"modified":"2023-08-14T21:09:09","modified_gmt":"2023-08-14T20:09:09","slug":"programme-de-randonnee-rentree-2023-mardis","status":"publish","type":"page","link":"https:\/\/www.aphyllanthe.fr\/association\/programme-de-randonnee-rentree-2023-mardis\/","title":{"rendered":"Programme de randonn\u00e9e rentr\u00e9e 2023 (mardis)"},"content":{"rendered":"\n<p>L&rsquo;Aphyllanthe vous propose une s\u00e9rie de randonn\u00e9es \u00e0 la journ\u00e9e au cours de l&rsquo;automne 2023.  Les d\u00e9parts en covoiturage seront \u00e0 partir du parking de l&rsquo;\u00e9cole d&rsquo;Aigaliers vers 8h45 le matin pour commencer les randos entre 9h30 et 10h selon la dur\u00e9e du trajet en voiture.  Des d\u00e9tails suppl\u00e9mentaires au besoin seront inclus dans un mail envoy\u00e9 le jeudi ou le vendredi avant la sortie.  Pour recevoir ces mails, il faut adh\u00e9rer \u00e0 l&rsquo;Association et s&rsquo;inscrire \u00e0 l&rsquo;activit\u00e9 randonn\u00e9e.<\/p>\n\n\n\n<ul class=\"wp-block-list\">\n<li>r\u00e9ouverture du secr\u00e9tariat de l&rsquo;Association le 16 ao\u00fbt 2023  <\/li>\n\n\n\n<li>journ\u00e9e des inscriptions le 2 septembre 2023 \u00e0 la biblioth\u00e8que d&rsquo;Aigaliers. (16h-19h)<\/li>\n<\/ul>\n\n\n\n<figure class=\"wp-block-image size-large\"><a href=\"https:\/\/www.aphyllanthe.fr\/association\/wp-content\/uploads\/2017\/08\/elze-e1503232291466.jpg\"><img loading=\"lazy\" decoding=\"async\" width=\"1024\" height=\"362\" src=\"https:\/\/www.aphyllanthe.fr\/association\/wp-content\/uploads\/2017\/08\/elze-e1503232291466-1024x362.jpg\" alt=\"balises\" class=\"wp-image-6169\" srcset=\"https:\/\/www.aphyllanthe.fr\/association\/wp-content\/uploads\/2017\/08\/elze-e1503232291466-1024x362.jpg 1024w, https:\/\/www.aphyllanthe.fr\/association\/wp-content\/uploads\/2017\/08\/elze-e1503232291466-300x106.jpg 300w, https:\/\/www.aphyllanthe.fr\/association\/wp-content\/uploads\/2017\/08\/elze-e1503232291466-768x272.jpg 768w, https:\/\/www.aphyllanthe.fr\/association\/wp-content\/uploads\/2017\/08\/elze-e1503232291466-600x212.jpg 600w, https:\/\/www.aphyllanthe.fr\/association\/wp-content\/uploads\/2017\/08\/elze-e1503232291466.jpg 1910w\" sizes=\"auto, (max-width: 1024px) 100vw, 1024px\" \/><\/a><\/figure>\n\n\n\n<h2 class=\"wp-block-heading\">Les dates<\/h2>\n\n\n\n<ul class=\"wp-block-list\">\n<li>Le 26 septembre :&nbsp; <a href=\"https:\/\/www.aphyllanthe.fr\/randonnees\/circuit.php?rkey=1567\">Aigaliers circuit des hameaux<\/a>  &nbsp;17 km dnv 350m<\/li>\n\n\n\n<li>Le 3 octobre&nbsp;: &nbsp; <a href=\"https:\/\/www.aphyllanthe.fr\/randonnees\/circuit.php?rkey=1062\">Corconne Cr\u00eate des Taillades<\/a>&nbsp; &nbsp; 17 km dnv 550m<\/li>\n\n\n\n<li>Le 24 octobre :&nbsp;&nbsp;<a href=\"https:\/\/www.visorando.com\/randonnee-le-pont-du-gard-et-les-carrieres\/\">Le pont du Gard et Carriere&nbsp;<\/a> (visorando)  &nbsp; &nbsp;17 km&nbsp; dnv 185m<\/li>\n\n\n\n<li>Le 7 novembre&nbsp; :&nbsp; <a href=\"https:\/\/www.aphyllanthe.fr\/randonnees\/circuit.php?rkey=615\">le Garn : &nbsp; gorges de l&rsquo;Ard\u00e8che<\/a>&nbsp; &nbsp;&nbsp;14 km dnv&nbsp; 630m<\/li>\n\n\n\n<li>Le 21 novembre&nbsp; :<a href=\"https:\/\/www.aphyllanthe.fr\/randonnees\/circuit.php?rkey=1461\"> Lussan : &nbsp; menhir et gorges<\/a>&nbsp; &nbsp;  14 km dnv 350m<\/li>\n\n\n\n<li>Le 5 d\u00e9cembre :&nbsp; <a href=\"https:\/\/www.aphyllanthe.fr\/randonnees\/circuit.php?rkey=1016\">Saint Dezery : balade dans le vignoble<\/a> &nbsp;14,7km dnv 250m<\/li>\n\n\n\n<li>Le 19 d\u00e9cembre :&nbsp; <a href=\"https:\/\/www.visorando.com\/randonnee-la-vallee-de-l-eure-a-uzes\/\">Uz\u00e8s&nbsp; vall\u00e9e de l&rsquo;Eure<\/a>  (visorando) &nbsp; 14,5 km dnv 280m<\/li>\n<\/ul>\n\n\n\n<p><\/p>\n\n\n\n<p><\/p>\n\n\n\n<p><\/p>\n","protected":false},"excerpt":{"rendered":"<p>L&rsquo;Aphyllanthe vous propose une s\u00e9rie de randonn\u00e9es \u00e0 la journ\u00e9e au cours de l&rsquo;automne 2023. Les d\u00e9parts en covoiturage seront \u00e0 partir du parking de l&rsquo;\u00e9cole d&rsquo;Aigaliers vers 8h45 le matin pour commencer les randos entre 9h30 et 10h selon la dur\u00e9e du trajet en voiture. Des d\u00e9tails suppl\u00e9mentaires au besoin seront inclus dans un &hellip; <a href=\"https:\/\/www.aphyllanthe.fr\/association\/programme-de-randonnee-rentree-2023-mardis\/\" class=\"more-link\">Continuer la lecture de <span class=\"screen-reader-text\">Programme de randonn\u00e9e rentr\u00e9e 2023 (mardis)<\/span>  <span class=\"meta-nav\">&rarr;<\/span><\/a><\/p>\n","protected":false},"author":1,"featured_media":0,"parent":0,"menu_order":0,"comment_status":"closed","ping_status":"closed","template":"","meta":{"footnotes":""},"class_list":["post-19162","page","type-page","status-publish","hentry"],"_links":{"self":[{"href":"https:\/\/www.aphyllanthe.fr\/association\/wp-json\/wp\/v2\/pages\/19162","targetHints":{"allow":["GET"]}}],"collection":[{"href":"https:\/\/www.aphyllanthe.fr\/association\/wp-json\/wp\/v2\/pages"}],"about":[{"href":"https:\/\/www.aphyllanthe.fr\/association\/wp-json\/wp\/v2\/types\/page"}],"author":[{"embeddable":true,"href":"https:\/\/www.aphyllanthe.fr\/association\/wp-json\/wp\/v2\/users\/1"}],"replies":[{"embeddable":true,"href":"https:\/\/www.aphyllanthe.fr\/association\/wp-json\/wp\/v2\/comments?post=19162"}],"version-history":[{"count":8,"href":"https:\/\/www.aphyllanthe.fr\/association\/wp-json\/wp\/v2\/pages\/19162\/revisions"}],"predecessor-version":[{"id":19180,"href":"https:\/\/www.aphyllanthe.fr\/association\/wp-json\/wp\/v2\/pages\/19162\/revisions\/19180"}],"wp:attachment":[{"href":"https:\/\/www.aphyllanthe.fr\/association\/wp-json\/wp\/v2\/media?parent=19162"}],"curies":[{"name":"wp","href":"https:\/\/api.w.org\/{rel}","templated":true}]}}