{"id":19328,"date":"2023-08-30T09:57:44","date_gmt":"2023-08-30T08:57:44","guid":{"rendered":"https:\/\/www.aphyllanthe.fr\/association\/?page_id=19328"},"modified":"2024-07-11T10:29:18","modified_gmt":"2024-07-11T09:29:18","slug":"soutien-scolaire","status":"publish","type":"page","link":"https:\/\/www.aphyllanthe.fr\/association\/soutien-scolaire\/","title":{"rendered":"Soutien scolaire"},"content":{"rendered":"\n<p>L&rsquo;Aphyllanthe propose des s\u00e9ances de soutien scolaire pour les enfants de primaire et de coll\u00e8ge. Les s\u00e9ances se d\u00e9roulent en petits groupes les mercredis matins et apr\u00e8s-midi. Elles durent environ 1 heure, selon la demande et les besoins sp\u00e9cifiques de chacun.<\/p>\n\n\n\n<p>Brigitte et Patrick Ponton, enseignants \u00e0 la retraite, interviennent dans la salle d&rsquo;atelier de la biblioth\u00e8que d&rsquo;Aigaliers.<\/p>\n\n\n\n<p>Le soutien scolaire est gratuit sur inscription.<\/p>\n\n\n<div class=\"wp-block-image\">\n<figure class=\"aligncenter size-large\"><a href=\"https:\/\/www.aphyllanthe.fr\/association\/wp-content\/uploads\/2023\/08\/SOUTIEN-scaled.webp\"><img loading=\"lazy\" decoding=\"async\" width=\"1024\" height=\"649\" src=\"https:\/\/www.aphyllanthe.fr\/association\/wp-content\/uploads\/2023\/08\/SOUTIEN-1024x649.webp\" alt=\"\" class=\"wp-image-19331\" srcset=\"https:\/\/www.aphyllanthe.fr\/association\/wp-content\/uploads\/2023\/08\/SOUTIEN-1024x649.webp 1024w, https:\/\/www.aphyllanthe.fr\/association\/wp-content\/uploads\/2023\/08\/SOUTIEN-300x190.webp 300w, https:\/\/www.aphyllanthe.fr\/association\/wp-content\/uploads\/2023\/08\/SOUTIEN-768x487.webp 768w, https:\/\/www.aphyllanthe.fr\/association\/wp-content\/uploads\/2023\/08\/SOUTIEN-1536x973.webp 1536w, https:\/\/www.aphyllanthe.fr\/association\/wp-content\/uploads\/2023\/08\/SOUTIEN-2048x1298.webp 2048w, https:\/\/www.aphyllanthe.fr\/association\/wp-content\/uploads\/2023\/08\/SOUTIEN-1320x836.webp 1320w\" sizes=\"auto, (max-width: 1024px) 100vw, 1024px\" \/><\/a><figcaption class=\"wp-element-caption\">Soutien scolaire \u00e0 l&rsquo;Aphyllanthe<\/figcaption><\/figure>\n<\/div>\n\n\n<h5 class=\"wp-block-heading has-background\" style=\"background:linear-gradient(228deg,rgba(252,185,0,1) 0%,rgba(255,105,0,1) 100%)\">Ann\u00e9e 2023 &#8211; 2024<\/h5>\n\n\n\n<p>Faute de devoirs, pour la derni\u00e8re s\u00e9ance de soutien de l&rsquo;ann\u00e9e scolaire Brigitte et Patrick on organis\u00e9 un petit jeu : le dessin tournant. Le principe est simple : 1 feuille par participant, qui doit commencer un dessin en un temps donn\u00e9  (3 minutes en l&rsquo;occurrence). Quand le temps s&rsquo;est \u00e9coul\u00e9, on passe la feuille \u00e0 son voisin de gauche et on r\u00e9cup\u00e8re celui du voisin de droite, dont on doit continuer le dessin. Et on continue jusqu&rsquo;\u00e0 ce que les dessins soient tous termin\u00e9s.<\/p>\n\n\n\n<figure class=\"wp-block-gallery has-nested-images columns-default is-cropped wp-block-gallery-2 is-layout-flex wp-block-gallery-is-layout-flex\">\n<figure class=\"wp-block-image size-large\"><a href=\"https:\/\/www.aphyllanthe.fr\/association\/wp-content\/uploads\/2024\/07\/dessin-tournant-1-scaled.webp\"><img loading=\"lazy\" decoding=\"async\" width=\"1024\" height=\"768\" data-id=\"22185\" src=\"https:\/\/www.aphyllanthe.fr\/association\/wp-content\/uploads\/2024\/07\/dessin-tournant-1-1024x768.webp\" alt=\"\" class=\"wp-image-22185\" srcset=\"https:\/\/www.aphyllanthe.fr\/association\/wp-content\/uploads\/2024\/07\/dessin-tournant-1-1024x768.webp 1024w, https:\/\/www.aphyllanthe.fr\/association\/wp-content\/uploads\/2024\/07\/dessin-tournant-1-300x225.webp 300w, https:\/\/www.aphyllanthe.fr\/association\/wp-content\/uploads\/2024\/07\/dessin-tournant-1-768x576.webp 768w, https:\/\/www.aphyllanthe.fr\/association\/wp-content\/uploads\/2024\/07\/dessin-tournant-1-1536x1152.webp 1536w, https:\/\/www.aphyllanthe.fr\/association\/wp-content\/uploads\/2024\/07\/dessin-tournant-1-2048x1536.webp 2048w, https:\/\/www.aphyllanthe.fr\/association\/wp-content\/uploads\/2024\/07\/dessin-tournant-1-1320x990.webp 1320w\" sizes=\"auto, (max-width: 1024px) 100vw, 1024px\" \/><\/a><figcaption class=\"wp-element-caption\">Tra\u00e7age des premiers traits<\/figcaption><\/figure>\n\n\n\n<figure class=\"wp-block-image size-large\"><a href=\"https:\/\/www.aphyllanthe.fr\/association\/wp-content\/uploads\/2024\/07\/dessin-tournant-2-scaled.webp\"><img loading=\"lazy\" decoding=\"async\" width=\"1024\" height=\"768\" data-id=\"22184\" src=\"https:\/\/www.aphyllanthe.fr\/association\/wp-content\/uploads\/2024\/07\/dessin-tournant-2-1024x768.webp\" alt=\"\" class=\"wp-image-22184\" srcset=\"https:\/\/www.aphyllanthe.fr\/association\/wp-content\/uploads\/2024\/07\/dessin-tournant-2-1024x768.webp 1024w, https:\/\/www.aphyllanthe.fr\/association\/wp-content\/uploads\/2024\/07\/dessin-tournant-2-300x225.webp 300w, https:\/\/www.aphyllanthe.fr\/association\/wp-content\/uploads\/2024\/07\/dessin-tournant-2-768x576.webp 768w, https:\/\/www.aphyllanthe.fr\/association\/wp-content\/uploads\/2024\/07\/dessin-tournant-2-1536x1152.webp 1536w, https:\/\/www.aphyllanthe.fr\/association\/wp-content\/uploads\/2024\/07\/dessin-tournant-2-2048x1536.webp 2048w, https:\/\/www.aphyllanthe.fr\/association\/wp-content\/uploads\/2024\/07\/dessin-tournant-2-1320x990.webp 1320w\" sizes=\"auto, (max-width: 1024px) 100vw, 1024px\" \/><\/a><figcaption class=\"wp-element-caption\">Une structure prend forme<\/figcaption><\/figure>\n\n\n\n<figure class=\"wp-block-image size-large\"><a href=\"https:\/\/www.aphyllanthe.fr\/association\/wp-content\/uploads\/2024\/07\/dessin-tournant-3-scaled.webp\"><img loading=\"lazy\" decoding=\"async\" width=\"1024\" height=\"768\" data-id=\"22186\" src=\"https:\/\/www.aphyllanthe.fr\/association\/wp-content\/uploads\/2024\/07\/dessin-tournant-3-1024x768.webp\" alt=\"\" class=\"wp-image-22186\" srcset=\"https:\/\/www.aphyllanthe.fr\/association\/wp-content\/uploads\/2024\/07\/dessin-tournant-3-1024x768.webp 1024w, https:\/\/www.aphyllanthe.fr\/association\/wp-content\/uploads\/2024\/07\/dessin-tournant-3-300x225.webp 300w, https:\/\/www.aphyllanthe.fr\/association\/wp-content\/uploads\/2024\/07\/dessin-tournant-3-768x576.webp 768w, https:\/\/www.aphyllanthe.fr\/association\/wp-content\/uploads\/2024\/07\/dessin-tournant-3-1536x1152.webp 1536w, https:\/\/www.aphyllanthe.fr\/association\/wp-content\/uploads\/2024\/07\/dessin-tournant-3-2048x1536.webp 2048w, https:\/\/www.aphyllanthe.fr\/association\/wp-content\/uploads\/2024\/07\/dessin-tournant-3-1320x990.webp 1320w\" sizes=\"auto, (max-width: 1024px) 100vw, 1024px\" \/><\/a><figcaption class=\"wp-element-caption\">On passe \u00e0 la couleur<\/figcaption><\/figure>\n<\/figure>\n\n\n\n<h6 class=\"wp-block-heading has-text-align-center\">Et voil\u00e0 les r\u00e9sultats, avec un gentil message de Sacha sur le dernier<\/h6>\n\n\n\n<div class=\"wp-block-columns is-layout-flex wp-container-core-columns-is-layout-9d6595d7 wp-block-columns-is-layout-flex\">\n<div class=\"wp-block-column is-layout-flow wp-block-column-is-layout-flow\">\n<figure class=\"wp-block-image size-large is-resized\"><a href=\"https:\/\/www.aphyllanthe.fr\/association\/wp-content\/uploads\/2024\/07\/dessin-soutien-1-scaled.webp\"><img loading=\"lazy\" decoding=\"async\" width=\"717\" height=\"1024\" src=\"https:\/\/www.aphyllanthe.fr\/association\/wp-content\/uploads\/2024\/07\/dessin-soutien-1-717x1024.webp\" alt=\"\" class=\"wp-image-22187\" style=\"width:202px;height:auto\" srcset=\"https:\/\/www.aphyllanthe.fr\/association\/wp-content\/uploads\/2024\/07\/dessin-soutien-1-717x1024.webp 717w, https:\/\/www.aphyllanthe.fr\/association\/wp-content\/uploads\/2024\/07\/dessin-soutien-1-210x300.webp 210w, https:\/\/www.aphyllanthe.fr\/association\/wp-content\/uploads\/2024\/07\/dessin-soutien-1-768x1097.webp 768w, https:\/\/www.aphyllanthe.fr\/association\/wp-content\/uploads\/2024\/07\/dessin-soutien-1-1075x1536.webp 1075w, https:\/\/www.aphyllanthe.fr\/association\/wp-content\/uploads\/2024\/07\/dessin-soutien-1-1433x2048.webp 1433w, https:\/\/www.aphyllanthe.fr\/association\/wp-content\/uploads\/2024\/07\/dessin-soutien-1-1320x1886.webp 1320w, https:\/\/www.aphyllanthe.fr\/association\/wp-content\/uploads\/2024\/07\/dessin-soutien-1-scaled.webp 1792w\" sizes=\"auto, (max-width: 717px) 100vw, 717px\" \/><\/a><\/figure>\n<\/div>\n\n\n\n<div class=\"wp-block-column is-layout-flow wp-block-column-is-layout-flow\">\n<figure class=\"wp-block-image size-large is-resized\"><a href=\"https:\/\/www.aphyllanthe.fr\/association\/wp-content\/uploads\/2024\/07\/dessin-soutien-2-scaled.webp\"><img loading=\"lazy\" decoding=\"async\" width=\"705\" height=\"1024\" src=\"https:\/\/www.aphyllanthe.fr\/association\/wp-content\/uploads\/2024\/07\/dessin-soutien-2-705x1024.webp\" alt=\"\" class=\"wp-image-22188\" style=\"width:199px;height:auto\" srcset=\"https:\/\/www.aphyllanthe.fr\/association\/wp-content\/uploads\/2024\/07\/dessin-soutien-2-705x1024.webp 705w, https:\/\/www.aphyllanthe.fr\/association\/wp-content\/uploads\/2024\/07\/dessin-soutien-2-207x300.webp 207w, https:\/\/www.aphyllanthe.fr\/association\/wp-content\/uploads\/2024\/07\/dessin-soutien-2-768x1115.webp 768w, https:\/\/www.aphyllanthe.fr\/association\/wp-content\/uploads\/2024\/07\/dessin-soutien-2-1058x1536.webp 1058w, https:\/\/www.aphyllanthe.fr\/association\/wp-content\/uploads\/2024\/07\/dessin-soutien-2-1410x2048.webp 1410w, https:\/\/www.aphyllanthe.fr\/association\/wp-content\/uploads\/2024\/07\/dessin-soutien-2-1320x1917.webp 1320w, https:\/\/www.aphyllanthe.fr\/association\/wp-content\/uploads\/2024\/07\/dessin-soutien-2-scaled.webp 1763w\" sizes=\"auto, (max-width: 705px) 100vw, 705px\" \/><\/a><\/figure>\n<\/div>\n<\/div>\n\n\n\n<div class=\"wp-block-columns is-layout-flex wp-container-core-columns-is-layout-9d6595d7 wp-block-columns-is-layout-flex\">\n<div class=\"wp-block-column is-layout-flow wp-block-column-is-layout-flow\">\n<figure class=\"wp-block-image size-large is-resized\"><a href=\"https:\/\/www.aphyllanthe.fr\/association\/wp-content\/uploads\/2024\/07\/dessin-soutien-4-scaled.webp\"><img loading=\"lazy\" decoding=\"async\" width=\"749\" height=\"1024\" src=\"https:\/\/www.aphyllanthe.fr\/association\/wp-content\/uploads\/2024\/07\/dessin-soutien-4-749x1024.webp\" alt=\"\" class=\"wp-image-22190\" style=\"width:205px;height:auto\" srcset=\"https:\/\/www.aphyllanthe.fr\/association\/wp-content\/uploads\/2024\/07\/dessin-soutien-4-749x1024.webp 749w, https:\/\/www.aphyllanthe.fr\/association\/wp-content\/uploads\/2024\/07\/dessin-soutien-4-219x300.webp 219w, https:\/\/www.aphyllanthe.fr\/association\/wp-content\/uploads\/2024\/07\/dessin-soutien-4-768x1050.webp 768w, https:\/\/www.aphyllanthe.fr\/association\/wp-content\/uploads\/2024\/07\/dessin-soutien-4-1123x1536.webp 1123w, https:\/\/www.aphyllanthe.fr\/association\/wp-content\/uploads\/2024\/07\/dessin-soutien-4-1498x2048.webp 1498w, https:\/\/www.aphyllanthe.fr\/association\/wp-content\/uploads\/2024\/07\/dessin-soutien-4-1320x1805.webp 1320w, https:\/\/www.aphyllanthe.fr\/association\/wp-content\/uploads\/2024\/07\/dessin-soutien-4-scaled.webp 1872w\" sizes=\"auto, (max-width: 749px) 100vw, 749px\" \/><\/a><\/figure>\n<\/div>\n\n\n\n<div class=\"wp-block-column is-layout-flow wp-block-column-is-layout-flow\">\n<figure class=\"wp-block-image size-large is-resized\"><a href=\"https:\/\/www.aphyllanthe.fr\/association\/wp-content\/uploads\/2024\/07\/dessin-soutien-3-scaled.webp\"><img loading=\"lazy\" decoding=\"async\" width=\"718\" height=\"1024\" src=\"https:\/\/www.aphyllanthe.fr\/association\/wp-content\/uploads\/2024\/07\/dessin-soutien-3-718x1024.webp\" alt=\"\" class=\"wp-image-22189\" style=\"width:196px;height:auto\" srcset=\"https:\/\/www.aphyllanthe.fr\/association\/wp-content\/uploads\/2024\/07\/dessin-soutien-3-718x1024.webp 718w, https:\/\/www.aphyllanthe.fr\/association\/wp-content\/uploads\/2024\/07\/dessin-soutien-3-210x300.webp 210w, https:\/\/www.aphyllanthe.fr\/association\/wp-content\/uploads\/2024\/07\/dessin-soutien-3-768x1096.webp 768w, https:\/\/www.aphyllanthe.fr\/association\/wp-content\/uploads\/2024\/07\/dessin-soutien-3-1076x1536.webp 1076w, https:\/\/www.aphyllanthe.fr\/association\/wp-content\/uploads\/2024\/07\/dessin-soutien-3-1435x2048.webp 1435w, https:\/\/www.aphyllanthe.fr\/association\/wp-content\/uploads\/2024\/07\/dessin-soutien-3-1320x1884.webp 1320w, https:\/\/www.aphyllanthe.fr\/association\/wp-content\/uploads\/2024\/07\/dessin-soutien-3-scaled.webp 1794w\" sizes=\"auto, (max-width: 718px) 100vw, 718px\" \/><\/a><\/figure>\n<\/div>\n<\/div>\n","protected":false},"excerpt":{"rendered":"<p>L&rsquo;Aphyllanthe propose des s\u00e9ances de soutien scolaire pour les enfants de primaire et de coll\u00e8ge. Les s\u00e9ances se d\u00e9roulent en petits groupes les mercredis matins et apr\u00e8s-midi. Elles durent environ 1 heure, selon la demande et les besoins sp\u00e9cifiques de chacun. Brigitte et Patrick Ponton, enseignants \u00e0 la retraite, interviennent dans la salle d&rsquo;atelier de &hellip; <a href=\"https:\/\/www.aphyllanthe.fr\/association\/soutien-scolaire\/\" class=\"more-link\">Continuer la lecture de <span class=\"screen-reader-text\">Soutien scolaire<\/span>  <span class=\"meta-nav\">&rarr;<\/span><\/a><\/p>\n","protected":false},"author":10,"featured_media":0,"parent":0,"menu_order":0,"comment_status":"closed","ping_status":"closed","template":"","meta":{"footnotes":""},"class_list":["post-19328","page","type-page","status-publish","hentry"],"_links":{"self":[{"href":"https:\/\/www.aphyllanthe.fr\/association\/wp-json\/wp\/v2\/pages\/19328","targetHints":{"allow":["GET"]}}],"collection":[{"href":"https:\/\/www.aphyllanthe.fr\/association\/wp-json\/wp\/v2\/pages"}],"about":[{"href":"https:\/\/www.aphyllanthe.fr\/association\/wp-json\/wp\/v2\/types\/page"}],"author":[{"embeddable":true,"href":"https:\/\/www.aphyllanthe.fr\/association\/wp-json\/wp\/v2\/users\/10"}],"replies":[{"embeddable":true,"href":"https:\/\/www.aphyllanthe.fr\/association\/wp-json\/wp\/v2\/comments?post=19328"}],"version-history":[{"count":5,"href":"https:\/\/www.aphyllanthe.fr\/association\/wp-json\/wp\/v2\/pages\/19328\/revisions"}],"predecessor-version":[{"id":22191,"href":"https:\/\/www.aphyllanthe.fr\/association\/wp-json\/wp\/v2\/pages\/19328\/revisions\/22191"}],"wp:attachment":[{"href":"https:\/\/www.aphyllanthe.fr\/association\/wp-json\/wp\/v2\/media?parent=19328"}],"curies":[{"name":"wp","href":"https:\/\/api.w.org\/{rel}","templated":true}]}}