{"id":19372,"date":"2023-08-30T16:34:03","date_gmt":"2023-08-30T15:34:03","guid":{"rendered":"https:\/\/www.aphyllanthe.fr\/association\/?page_id=19372"},"modified":"2026-01-14T17:31:03","modified_gmt":"2026-01-14T16:31:03","slug":"randonner-avec-laphyllanthe","status":"publish","type":"page","link":"https:\/\/www.aphyllanthe.fr\/association\/randonner-avec-laphyllanthe\/","title":{"rendered":"Randonner avec l&rsquo;Aphyllanthe"},"content":{"rendered":"\n<p>La randonn\u00e9e de l&rsquo;Aphyllanthe est de retour \u00e0 partir de septembre chaque ann\u00e9e et continue jusqu&rsquo;en mai de l&rsquo;ann\u00e9e suivante et marque une pause entre fin mai et mi septembre. L&rsquo;activit\u00e9 est anim\u00e9e par des b\u00e9n\u00e9voles dont plusieurs disposent de formation et\/ou de plusieurs ann\u00e9es d&rsquo;exp\u00e9rience du terrain.<\/p>\n\n\n\n<h2 class=\"wp-block-heading\">La saison<\/h2>\n\n\n\n<p>La saison court de mi septembre \u00e0 fin mai et les inscriptions se font \u00e0 partir du 1er septembre pour la saison.<\/p>\n\n\n\n<h2 class=\"wp-block-heading\">Les sorties de vendredi<\/h2>\n\n\n\n<p>Une sortie d&rsquo;une demi journ\u00e9e est pr\u00e9vue tous les vendredis y compris les vendredis des vacances  scolaires (sauf f\u00eates de fin d&rsquo;ann\u00e9e): Ces sorties sont encadr\u00e9es par G\u00e9rard, Philippe, Jean-Luc, Jocelyn, Daniel ou Jim selon les disponibilit\u00e9s de chacun. Le d\u00e9tail de la sortie est annonc\u00e9 par mail le mercredi.<\/p>\n\n\n\n<p>Les circuits  sont entre 8  et 11 km et de 50 \u00e0 300 m de d\u00e9nivel\u00e9 cumul\u00e9 \u00e0 la mont\u00e9e. Des informations de covoiturage sont indiqu\u00e9es dans le mail hebdomadaire. Le d\u00e9parts en covoiturage se font (typiquement \u00e0 13h) depuis le parking de la salle communale d&rsquo;Aigaliers. Le participant peut \u00e9galement se rendre sur le point de d\u00e9part de la marche.  <\/p>\n\n\n\n<h2 class=\"wp-block-heading\">Les sorties de  mardi<\/h2>\n\n\n\n<p class=\"has-light-gray-color has-text-color has-background\" style=\"background-color:#3a69b2\">Une sortie de journ\u00e9e compl\u00e8te est pr\u00e9vue environ 2 fois par mois. Ces sorties sont encadr\u00e9es par Jean-Luc, Pascal ou Philippe selon les disponibilit\u00e9s et annonc\u00e9es par mail quelques jours avant la date de la sortie. Les d\u00e9parts en covoiturage se font \u00e0 partir du parking de la salle communale d\u2019Aigaliers vers 8h45 le matin pour arriver sur les pistes entre 9h30 et 10h selon la dur\u00e9e du trajet en voiture.&nbsp;<\/p>\n\n\n\n<h2 class=\"wp-block-heading\">Un week-end de randonn\u00e9e \u2018pour tous\u2019<\/h2>\n\n\n\n<p>Programm\u00e9 soit \u00e0 l&rsquo;automne soit ou au printemps,  les circuits sont adapt\u00e9s en fonction des possibilit\u00e9s des participants (environ 14 \u00e0 16 km et et 300-500 m de d\u00e9nivel\u00e9 cumul\u00e9 \u00e0 la mont\u00e9e. <\/p>\n\n\n\n<h2 class=\"wp-block-heading\">Conditions<\/h2>\n\n\n\n<figure class=\"wp-block-image size-large\"><a href=\"https:\/\/www.aphyllanthe.fr\/association\/wp-content\/uploads\/2023\/08\/DSC06931.webp\"><img loading=\"lazy\" decoding=\"async\" width=\"1024\" height=\"188\" src=\"https:\/\/www.aphyllanthe.fr\/association\/wp-content\/uploads\/2023\/08\/DSC06931-1024x188.webp\" alt=\"\" class=\"wp-image-19268\" srcset=\"https:\/\/www.aphyllanthe.fr\/association\/wp-content\/uploads\/2023\/08\/DSC06931-1024x188.webp 1024w, https:\/\/www.aphyllanthe.fr\/association\/wp-content\/uploads\/2023\/08\/DSC06931-300x55.webp 300w, https:\/\/www.aphyllanthe.fr\/association\/wp-content\/uploads\/2023\/08\/DSC06931-768x141.webp 768w, https:\/\/www.aphyllanthe.fr\/association\/wp-content\/uploads\/2023\/08\/DSC06931.webp 1200w\" sizes=\"auto, (max-width: 1024px) 100vw, 1024px\" \/><\/a><\/figure>\n\n\n\n<p>Pour participer aux activit\u00e9s de randonn\u00e9e il faut :<\/p>\n\n\n\n<ul class=\"wp-block-list\">\n<li>\u00eatre adh\u00e9rent \u00e0 l\u2019Aphyllanthe,<\/li>\n\n\n\n<li>\u00eatre inscrit \u00e0 l\u2019activit\u00e9 de randonn\u00e9e et&nbsp;<\/li>\n\n\n\n<li>signer une <a href=\"\/association\/pdf\/decharge.pdf\" target=\"_blank\" rel=\"noreferrer noopener\">d\u00e9charge.<\/a><\/li>\n<\/ul>\n\n\n\n<p class=\"has-background\" style=\"background-color:#a8dcf8\">Le tarif d\u2019inscription de 5 \u20ac par personne permet de participer \u00e0 toutes les sorties. Pour des sorties plus sportives il faut avoir d\u00e9j\u00e0 l\u2019habitude de randonner et avoir une forme physique compatible avec les marches de 15-20 km dans la journ\u00e9e.<br \/><br \/>Les inscriptions sont possibles aux heures d&rsquo;ouverture du secr\u00e9tariat de l\u2019Association.<\/p>\n","protected":false},"excerpt":{"rendered":"<p>La randonn\u00e9e de l&rsquo;Aphyllanthe est de retour \u00e0 partir de septembre chaque ann\u00e9e et continue jusqu&rsquo;en mai de l&rsquo;ann\u00e9e suivante et marque une pause entre fin mai et mi septembre. L&rsquo;activit\u00e9 est anim\u00e9e par des b\u00e9n\u00e9voles dont plusieurs disposent de formation et\/ou de plusieurs ann\u00e9es d&rsquo;exp\u00e9rience du terrain. La saison La saison court de mi &hellip; <a href=\"https:\/\/www.aphyllanthe.fr\/association\/randonner-avec-laphyllanthe\/\" class=\"more-link\">Continuer la lecture de <span class=\"screen-reader-text\">Randonner avec l&rsquo;Aphyllanthe<\/span>  <span class=\"meta-nav\">&rarr;<\/span><\/a><\/p>\n","protected":false},"author":1,"featured_media":6169,"parent":0,"menu_order":0,"comment_status":"closed","ping_status":"closed","template":"","meta":{"footnotes":""},"class_list":["post-19372","page","type-page","status-publish","has-post-thumbnail","hentry"],"_links":{"self":[{"href":"https:\/\/www.aphyllanthe.fr\/association\/wp-json\/wp\/v2\/pages\/19372","targetHints":{"allow":["GET"]}}],"collection":[{"href":"https:\/\/www.aphyllanthe.fr\/association\/wp-json\/wp\/v2\/pages"}],"about":[{"href":"https:\/\/www.aphyllanthe.fr\/association\/wp-json\/wp\/v2\/types\/page"}],"author":[{"embeddable":true,"href":"https:\/\/www.aphyllanthe.fr\/association\/wp-json\/wp\/v2\/users\/1"}],"replies":[{"embeddable":true,"href":"https:\/\/www.aphyllanthe.fr\/association\/wp-json\/wp\/v2\/comments?post=19372"}],"version-history":[{"count":14,"href":"https:\/\/www.aphyllanthe.fr\/association\/wp-json\/wp\/v2\/pages\/19372\/revisions"}],"predecessor-version":[{"id":25919,"href":"https:\/\/www.aphyllanthe.fr\/association\/wp-json\/wp\/v2\/pages\/19372\/revisions\/25919"}],"wp:featuredmedia":[{"embeddable":true,"href":"https:\/\/www.aphyllanthe.fr\/association\/wp-json\/wp\/v2\/media\/6169"}],"wp:attachment":[{"href":"https:\/\/www.aphyllanthe.fr\/association\/wp-json\/wp\/v2\/media?parent=19372"}],"curies":[{"name":"wp","href":"https:\/\/api.w.org\/{rel}","templated":true}]}}