{"id":22229,"date":"2024-09-02T10:36:13","date_gmt":"2024-09-02T09:36:13","guid":{"rendered":"https:\/\/www.aphyllanthe.fr\/association\/?page_id=22229"},"modified":"2025-08-27T15:47:42","modified_gmt":"2025-08-27T14:47:42","slug":"activites-regulieres-rentree-2024","status":"publish","type":"page","link":"https:\/\/www.aphyllanthe.fr\/association\/activites-regulieres-rentree-2024\/","title":{"rendered":"Activit\u00e9s r\u00e9guli\u00e8res rentr\u00e9e 2024"},"content":{"rendered":"\n<p class=\"has-text-align-center\">Vous trouverez ci-dessous le programme des activit\u00e9s r\u00e9guli\u00e8res de l&rsquo;Aphyllanthe pour la saison 2024\u20132025.<\/p>\n\n\n\n<p class=\"has-text-align-center\">Les activit\u00e9s classiques ont \u00e9t\u00e9 reconduites, avec quelques nouveaut\u00e9s.<\/p>\n\n\n\n<p class=\"has-text-align-center\">Informations et inscriptions \u00e0 partir du 2 septembre<br \/>au secr\u00e9tariat de l\u2019Association<\/p>\n\n\n\n<h5 class=\"wp-block-heading has-text-align-center has-luminous-vivid-amber-to-luminous-vivid-orange-gradient-background has-background\">Journ\u00e9e des inscriptions<br \/>mercredi 11 septembre de 16h \u00e0 20h<br \/><br \/>Reprise des activit\u00e9s semaine du 16 septembre<\/h5>\n\n\n\n<p><\/p>\n\n\n\n<h5 class=\"wp-block-heading has-text-color has-link-color wp-elements-6cf849a5f36e189ed9897dd503348130\" style=\"color:#4c3094\">Activit\u00e9s hebdomadaires pour enfants<\/h5>\n\n\n<div class=\"wp-block-image\">\n<figure class=\"aligncenter size-full is-resized\"><a href=\"https:\/\/www.aphyllanthe.fr\/association\/pdf\/flyer-enfants.pdf\" target=\"_blank\" rel=\"noreferrer noopener\"><img loading=\"lazy\" decoding=\"async\" width=\"1414\" height=\"1322\" src=\"https:\/\/www.aphyllanthe.fr\/association\/wp-content\/uploads\/2024\/08\/FLYER-2024-25-ENFANTS.webp\" alt=\"\" class=\"wp-image-22234\" style=\"width:499px;height:575px\" srcset=\"https:\/\/www.aphyllanthe.fr\/association\/wp-content\/uploads\/2024\/08\/FLYER-2024-25-ENFANTS.webp 1414w, https:\/\/www.aphyllanthe.fr\/association\/wp-content\/uploads\/2024\/08\/FLYER-2024-25-ENFANTS-300x280.webp 300w, https:\/\/www.aphyllanthe.fr\/association\/wp-content\/uploads\/2024\/08\/FLYER-2024-25-ENFANTS-1024x957.webp 1024w, https:\/\/www.aphyllanthe.fr\/association\/wp-content\/uploads\/2024\/08\/FLYER-2024-25-ENFANTS-768x718.webp 768w, https:\/\/www.aphyllanthe.fr\/association\/wp-content\/uploads\/2024\/08\/FLYER-2024-25-ENFANTS-1320x1234.webp 1320w\" sizes=\"auto, (max-width: 1414px) 100vw, 1414px\" \/><\/a><\/figure>\n<\/div>\n\n\n<h5 class=\"wp-block-heading has-text-color has-link-color wp-elements-b979781892aa9b35ba74d9e999c0a34d\" style=\"color:#0d767a\">Activit\u00e9s hebdomadaires pour adultes<\/h5>\n\n\n<div class=\"wp-block-image\">\n<figure class=\"aligncenter size-large\"><a href=\"https:\/\/www.aphyllanthe.fr\/association\/pdf\/flyer-adultes-1.pdf\" target=\"_blank\" rel=\"noreferrer noopener\"><img loading=\"lazy\" decoding=\"async\" width=\"724\" height=\"1024\" src=\"https:\/\/www.aphyllanthe.fr\/association\/wp-content\/uploads\/2024\/09\/FLYER-2024-25-ADULTES1-724x1024.webp\" alt=\"\" class=\"wp-image-22285\" srcset=\"https:\/\/www.aphyllanthe.fr\/association\/wp-content\/uploads\/2024\/09\/FLYER-2024-25-ADULTES1-724x1024.webp 724w, https:\/\/www.aphyllanthe.fr\/association\/wp-content\/uploads\/2024\/09\/FLYER-2024-25-ADULTES1-212x300.webp 212w, https:\/\/www.aphyllanthe.fr\/association\/wp-content\/uploads\/2024\/09\/FLYER-2024-25-ADULTES1-768x1086.webp 768w, https:\/\/www.aphyllanthe.fr\/association\/wp-content\/uploads\/2024\/09\/FLYER-2024-25-ADULTES1-1086x1536.webp 1086w, https:\/\/www.aphyllanthe.fr\/association\/wp-content\/uploads\/2024\/09\/FLYER-2024-25-ADULTES1-1320x1867.webp 1320w, https:\/\/www.aphyllanthe.fr\/association\/wp-content\/uploads\/2024\/09\/FLYER-2024-25-ADULTES1.webp 1414w\" sizes=\"auto, (max-width: 724px) 100vw, 724px\" \/><\/a><\/figure>\n<\/div>\n\n\n<p>Mais \u00e9galement :<\/p>\n\n\n<div class=\"wp-block-image\">\n<figure class=\"aligncenter size-large\"><a href=\"https:\/\/www.aphyllanthe.fr\/association\/wp-content\/uploads\/2024\/08\/FLYER-2024-25-ADULTES2.webp\" target=\"_blank\" rel=\"noreferrer noopener\"><img loading=\"lazy\" decoding=\"async\" width=\"1024\" height=\"545\" src=\"https:\/\/www.aphyllanthe.fr\/association\/wp-content\/uploads\/2024\/08\/FLYER-2024-25-ADULTES2-1024x545.webp\" alt=\"\" class=\"wp-image-22236\" srcset=\"https:\/\/www.aphyllanthe.fr\/association\/wp-content\/uploads\/2024\/08\/FLYER-2024-25-ADULTES2-1024x545.webp 1024w, https:\/\/www.aphyllanthe.fr\/association\/wp-content\/uploads\/2024\/08\/FLYER-2024-25-ADULTES2-300x160.webp 300w, https:\/\/www.aphyllanthe.fr\/association\/wp-content\/uploads\/2024\/08\/FLYER-2024-25-ADULTES2-768x408.webp 768w, https:\/\/www.aphyllanthe.fr\/association\/wp-content\/uploads\/2024\/08\/FLYER-2024-25-ADULTES2-1320x702.webp 1320w, https:\/\/www.aphyllanthe.fr\/association\/wp-content\/uploads\/2024\/08\/FLYER-2024-25-ADULTES2.webp 1414w\" sizes=\"auto, (max-width: 1024px) 100vw, 1024px\" \/><\/a><\/figure>\n<\/div>","protected":false},"excerpt":{"rendered":"<p>Vous trouverez ci-dessous le programme des activit\u00e9s r\u00e9guli\u00e8res de l&rsquo;Aphyllanthe pour la saison 2024\u20132025. Les activit\u00e9s classiques ont \u00e9t\u00e9 reconduites, avec quelques nouveaut\u00e9s. Informations et inscriptions \u00e0 partir du 2 septembreau secr\u00e9tariat de l\u2019Association Journ\u00e9e des inscriptionsmercredi 11 septembre de 16h \u00e0 20h Reprise des activit\u00e9s semaine du 16 septembre Activit\u00e9s hebdomadaires pour enfants Activit\u00e9s &hellip; <a href=\"https:\/\/www.aphyllanthe.fr\/association\/activites-regulieres-rentree-2024\/\" class=\"more-link\">Continuer la lecture de <span class=\"screen-reader-text\">Activit\u00e9s r\u00e9guli\u00e8res rentr\u00e9e 2024<\/span>  <span class=\"meta-nav\">&rarr;<\/span><\/a><\/p>\n","protected":false},"author":10,"featured_media":22240,"parent":0,"menu_order":0,"comment_status":"closed","ping_status":"closed","template":"","meta":{"footnotes":""},"class_list":["post-22229","page","type-page","status-publish","has-post-thumbnail","hentry"],"_links":{"self":[{"href":"https:\/\/www.aphyllanthe.fr\/association\/wp-json\/wp\/v2\/pages\/22229","targetHints":{"allow":["GET"]}}],"collection":[{"href":"https:\/\/www.aphyllanthe.fr\/association\/wp-json\/wp\/v2\/pages"}],"about":[{"href":"https:\/\/www.aphyllanthe.fr\/association\/wp-json\/wp\/v2\/types\/page"}],"author":[{"embeddable":true,"href":"https:\/\/www.aphyllanthe.fr\/association\/wp-json\/wp\/v2\/users\/10"}],"replies":[{"embeddable":true,"href":"https:\/\/www.aphyllanthe.fr\/association\/wp-json\/wp\/v2\/comments?post=22229"}],"version-history":[{"count":13,"href":"https:\/\/www.aphyllanthe.fr\/association\/wp-json\/wp\/v2\/pages\/22229\/revisions"}],"predecessor-version":[{"id":22286,"href":"https:\/\/www.aphyllanthe.fr\/association\/wp-json\/wp\/v2\/pages\/22229\/revisions\/22286"}],"wp:featuredmedia":[{"embeddable":true,"href":"https:\/\/www.aphyllanthe.fr\/association\/wp-json\/wp\/v2\/media\/22240"}],"wp:attachment":[{"href":"https:\/\/www.aphyllanthe.fr\/association\/wp-json\/wp\/v2\/media?parent=22229"}],"curies":[{"name":"wp","href":"https:\/\/api.w.org\/{rel}","templated":true}]}}