{"id":25127,"date":"2025-09-01T10:17:28","date_gmt":"2025-09-01T09:17:28","guid":{"rendered":"https:\/\/www.aphyllanthe.fr\/association\/?page_id=25127"},"modified":"2025-09-04T10:00:47","modified_gmt":"2025-09-04T09:00:47","slug":"activites-sportives-avec-mathis","status":"publish","type":"page","link":"https:\/\/www.aphyllanthe.fr\/association\/activites-sportives-avec-mathis\/","title":{"rendered":"Sport enfants avec Mathis"},"content":{"rendered":"\n<div class=\"wp-block-columns is-layout-flex wp-container-core-columns-is-layout-9d6595d7 wp-block-columns-is-layout-flex\">\n<div class=\"wp-block-column is-layout-flow wp-block-column-is-layout-flow\">\n<p>\u00ab\u00a0\ud83d\udc4b Salut \u00e0 tous !<br \/>Moi c\u2019est <strong>Mathis<\/strong>, 27 ans, \u00e9ducateur sportif dipl\u00f4m\u00e9 <em>BPJEPS Activit\u00e9 Physique pour Tous (APT)<\/em>.<\/p>\n\n\n\n<p>Mon truc, c\u2019est de faire bouger tout le monde \ud83d\udc49 d\u00e9butants, petits et grands.<br \/>Au programme : d\u00e9couverte de nouveaux sports, jeux en \u00e9quipe, coordination\u2026 le tout dans une ambiance ludique, avec un maximum de fun et de plaisir ! \ud83c\udf89\u00a0\u00bb<\/p>\n<\/div>\n\n\n\n<div class=\"wp-block-column is-layout-flow wp-block-column-is-layout-flow\">\n<figure class=\"wp-block-image size-large\"><a href=\"https:\/\/www.aphyllanthe.fr\/association\/wp-content\/uploads\/2025\/09\/MATHIS-ROUVEYROLLES-scaled.webp\"><img loading=\"lazy\" decoding=\"async\" width=\"961\" height=\"1024\" src=\"https:\/\/www.aphyllanthe.fr\/association\/wp-content\/uploads\/2025\/09\/MATHIS-ROUVEYROLLES-961x1024.webp\" alt=\"\" class=\"wp-image-25144\" srcset=\"https:\/\/www.aphyllanthe.fr\/association\/wp-content\/uploads\/2025\/09\/MATHIS-ROUVEYROLLES-961x1024.webp 961w, https:\/\/www.aphyllanthe.fr\/association\/wp-content\/uploads\/2025\/09\/MATHIS-ROUVEYROLLES-282x300.webp 282w, https:\/\/www.aphyllanthe.fr\/association\/wp-content\/uploads\/2025\/09\/MATHIS-ROUVEYROLLES-768x818.webp 768w, https:\/\/www.aphyllanthe.fr\/association\/wp-content\/uploads\/2025\/09\/MATHIS-ROUVEYROLLES-1442x1536.webp 1442w, https:\/\/www.aphyllanthe.fr\/association\/wp-content\/uploads\/2025\/09\/MATHIS-ROUVEYROLLES-1922x2048.webp 1922w, https:\/\/www.aphyllanthe.fr\/association\/wp-content\/uploads\/2025\/09\/MATHIS-ROUVEYROLLES-1320x1406.webp 1320w\" sizes=\"auto, (max-width: 961px) 100vw, 961px\" \/><\/a><\/figure>\n<\/div>\n<\/div>\n\n\n\n<p>Le sport selon Mathis, <strong><a href=\"https:\/\/www.aphyllanthe.fr\/association\/pdf\/projet-multisports-selon-mathis.pdf\" target=\"_blank\" rel=\"noreferrer noopener\">c&rsquo;est ici<\/a><\/strong>.<\/p>\n\n\n\n<div class=\"wp-block-columns is-layout-flex wp-container-core-columns-is-layout-9d6595d7 wp-block-columns-is-layout-flex\">\n<div class=\"wp-block-column is-layout-flow wp-block-column-is-layout-flow\">\n<figure class=\"wp-block-image size-full\"><a href=\"https:\/\/www.aphyllanthe.fr\/association\/wp-content\/uploads\/2025\/09\/AFFICHE-SAMEDI-SPORTIF.webp\"><img loading=\"lazy\" decoding=\"async\" width=\"662\" height=\"832\" src=\"https:\/\/www.aphyllanthe.fr\/association\/wp-content\/uploads\/2025\/09\/AFFICHE-SAMEDI-SPORTIF.webp\" alt=\"\" class=\"wp-image-25178\" srcset=\"https:\/\/www.aphyllanthe.fr\/association\/wp-content\/uploads\/2025\/09\/AFFICHE-SAMEDI-SPORTIF.webp 662w, https:\/\/www.aphyllanthe.fr\/association\/wp-content\/uploads\/2025\/09\/AFFICHE-SAMEDI-SPORTIF-239x300.webp 239w\" sizes=\"auto, (max-width: 662px) 100vw, 662px\" \/><\/a><\/figure>\n<\/div>\n\n\n\n<div class=\"wp-block-column is-layout-flow wp-block-column-is-layout-flow\">\n<figure class=\"wp-block-image size-full\"><a href=\"https:\/\/www.aphyllanthe.fr\/association\/wp-content\/uploads\/2025\/09\/PRESENTATION-SPORT.webp\"><img loading=\"lazy\" decoding=\"async\" width=\"666\" height=\"922\" src=\"https:\/\/www.aphyllanthe.fr\/association\/wp-content\/uploads\/2025\/09\/PRESENTATION-SPORT.webp\" alt=\"\" class=\"wp-image-25179\" srcset=\"https:\/\/www.aphyllanthe.fr\/association\/wp-content\/uploads\/2025\/09\/PRESENTATION-SPORT.webp 666w, https:\/\/www.aphyllanthe.fr\/association\/wp-content\/uploads\/2025\/09\/PRESENTATION-SPORT-217x300.webp 217w\" sizes=\"auto, (max-width: 666px) 100vw, 666px\" \/><\/a><\/figure>\n<\/div>\n<\/div>\n","protected":false},"excerpt":{"rendered":"<p>\u00ab\u00a0\ud83d\udc4b Salut \u00e0 tous !Moi c\u2019est Mathis, 27 ans, \u00e9ducateur sportif dipl\u00f4m\u00e9 BPJEPS Activit\u00e9 Physique pour Tous (APT). Mon truc, c\u2019est de faire bouger tout le monde \ud83d\udc49 d\u00e9butants, petits et grands.Au programme : d\u00e9couverte de nouveaux sports, jeux en \u00e9quipe, coordination\u2026 le tout dans une ambiance ludique, avec un maximum de fun et de &hellip; <a href=\"https:\/\/www.aphyllanthe.fr\/association\/activites-sportives-avec-mathis\/\" class=\"more-link\">Continuer la lecture de <span class=\"screen-reader-text\">Sport enfants avec Mathis<\/span>  <span class=\"meta-nav\">&rarr;<\/span><\/a><\/p>\n","protected":false},"author":10,"featured_media":25132,"parent":0,"menu_order":0,"comment_status":"closed","ping_status":"closed","template":"","meta":{"footnotes":""},"class_list":["post-25127","page","type-page","status-publish","has-post-thumbnail","hentry"],"_links":{"self":[{"href":"https:\/\/www.aphyllanthe.fr\/association\/wp-json\/wp\/v2\/pages\/25127","targetHints":{"allow":["GET"]}}],"collection":[{"href":"https:\/\/www.aphyllanthe.fr\/association\/wp-json\/wp\/v2\/pages"}],"about":[{"href":"https:\/\/www.aphyllanthe.fr\/association\/wp-json\/wp\/v2\/types\/page"}],"author":[{"embeddable":true,"href":"https:\/\/www.aphyllanthe.fr\/association\/wp-json\/wp\/v2\/users\/10"}],"replies":[{"embeddable":true,"href":"https:\/\/www.aphyllanthe.fr\/association\/wp-json\/wp\/v2\/comments?post=25127"}],"version-history":[{"count":7,"href":"https:\/\/www.aphyllanthe.fr\/association\/wp-json\/wp\/v2\/pages\/25127\/revisions"}],"predecessor-version":[{"id":25181,"href":"https:\/\/www.aphyllanthe.fr\/association\/wp-json\/wp\/v2\/pages\/25127\/revisions\/25181"}],"wp:featuredmedia":[{"embeddable":true,"href":"https:\/\/www.aphyllanthe.fr\/association\/wp-json\/wp\/v2\/media\/25132"}],"wp:attachment":[{"href":"https:\/\/www.aphyllanthe.fr\/association\/wp-json\/wp\/v2\/media?parent=25127"}],"curies":[{"name":"wp","href":"https:\/\/api.w.org\/{rel}","templated":true}]}}