{"id":333,"date":"2014-12-10T14:14:58","date_gmt":"2014-12-10T14:14:58","guid":{"rendered":"http:\/\/www.aphyllanthe.fr\/association\/?page_id=333"},"modified":"2023-08-31T13:34:26","modified_gmt":"2023-08-31T12:34:26","slug":"atelier-de-theatre","status":"publish","type":"page","link":"https:\/\/www.aphyllanthe.fr\/association\/atelier-de-theatre\/","title":{"rendered":"Th\u00e9\u00e2tre enfants"},"content":{"rendered":"<figure id=\"attachment_16887\" aria-describedby=\"caption-attachment-16887\" style=\"width: 225px\" class=\"wp-caption alignleft\"><a href=\"https:\/\/www.aphyllanthe.fr\/association\/wp-content\/uploads\/2022\/07\/26062022-P1072638-scaled.webp\"><img loading=\"lazy\" decoding=\"async\" class=\"wp-image-16887 size-medium\" src=\"https:\/\/www.aphyllanthe.fr\/association\/wp-content\/uploads\/2022\/07\/26062022-P1072638-225x300.webp\" alt=\"Notre animatrice, Patricia\" width=\"225\" height=\"300\" srcset=\"https:\/\/www.aphyllanthe.fr\/association\/wp-content\/uploads\/2022\/07\/26062022-P1072638-225x300.webp 225w, https:\/\/www.aphyllanthe.fr\/association\/wp-content\/uploads\/2022\/07\/26062022-P1072638-768x1024.webp 768w, https:\/\/www.aphyllanthe.fr\/association\/wp-content\/uploads\/2022\/07\/26062022-P1072638-1152x1536.webp 1152w, https:\/\/www.aphyllanthe.fr\/association\/wp-content\/uploads\/2022\/07\/26062022-P1072638-1536x2048.webp 1536w, https:\/\/www.aphyllanthe.fr\/association\/wp-content\/uploads\/2022\/07\/26062022-P1072638-1320x1760.webp 1320w, https:\/\/www.aphyllanthe.fr\/association\/wp-content\/uploads\/2022\/07\/26062022-P1072638-scaled.webp 1920w\" sizes=\"auto, (max-width: 225px) 100vw, 225px\" \/><\/a><figcaption id=\"caption-attachment-16887\" class=\"wp-caption-text\">Notre animatrice, Patricia<\/figcaption><\/figure>\n<p>L&rsquo;atelier th\u00e9\u00e2tre anim\u00e9 par Patricia Matisson, com\u00e9dienne,\u00a0est une tradition \u00e0 l&rsquo;Aphyllanthe depuis plusieurs ann\u00e9es.<\/p>\n<p>Cet atelier vise \u00e0 donner confiance aux jeunes participants, leur apprendre\u00a0 \u00e0\u00a0 \u00eatre \u00e0 l&rsquo;aise sur sc\u00e8ne et \u00e0 travailler en groupe sur un objectif commun.<\/p>\n<p>Chaque ann\u00e9e en juin, \u00e0 la fin de l&rsquo;atelier, la troupe pr\u00e9sente une pi\u00e8ce qu&rsquo;ils ont \u00e9crite eux-m\u00eames. Particuli\u00e8rement color\u00e9e, cette pr\u00e9sentation est tr\u00e8s appr\u00e9ci\u00e9e par les parents et le public.<\/p>\n<p>&nbsp;<\/p>\n<p><strong>En 2022<\/strong>, retour \u00e0 la normale avec la repr\u00e9sentation de fin d&rsquo;ann\u00e9e avec la pi\u00e8ce <strong><em>Pas de salade pour Vertuchou<\/em><\/strong> lors de la f\u00eate de l&rsquo;association le 26\u00a0 juin <strong><a href=\"https:\/\/www.aphyllanthe.fr\/association\/cetait-la-fete\/\" target=\"_blank\" rel=\"noopener\">(voir ici)<\/a><\/strong>.<\/p>\n<p><strong>En 2021,<\/strong> nous avons pu pr\u00e9senter <strong><em>Alice au pays des folles merveilles<\/em><\/strong>, un spectacle de fin d&rsquo;atelier, tr\u00e8s r\u00e9ussi, le jour de la f\u00eate de la musique le 21 juin <a href=\"https:\/\/www.aphyllanthe.fr\/association\/la-soiree-du-21-juin-a-laphyllanthe\/\" target=\"_blank\" rel=\"noopener\"><strong>(voir ici)<\/strong>.<\/a><\/p>\n<p><strong>En 2019 et 2020,<\/strong> nous n&rsquo;avons pas pu pr\u00e9senter une pi\u00e8ce de fin de saison \u00e0 cause du confinement et de la circulation du virus.<\/p>\n<p><strong>En 2018,<\/strong> la sc\u00e8ne s&rsquo;est d\u00e9plac\u00e9e vers le foyer d&rsquo;Aigaliers et en 2019 c\u2019\u00e9tait au tour du foyer de Serviers (r\u00e9novations en cours \u00e0 Aigaliers).<\/p>\n<p><strong>En<\/strong> <strong>mai 2017,<\/strong> la f\u00eate battait son plein dans le jardin avec \u00e0 nouveau des pi\u00e8ces de th\u00e9\u00e2tre, une d\u00e9monstration de l&rsquo;atelier vocal, des expositions de poterie, de tricot et de couture, un caf\u00e9 champ\u00eatre et le grand tombola.<\/p>\n<ul>\n<li><a href=\"http:\/\/www.aphyllanthe.fr\/association\/retour-sur-la-fete-de-laphyllanthe\/\">Voir le reportage sur la journ\u00e9e 2017 en cliquant ici.<\/a><\/li>\n<li><a href=\"http:\/\/www.aphyllanthe.fr\/association\/le-theatre-en-plein-air\/\">Pour un zoom sur la pr\u00e9sentation du th\u00e9\u00e2tre des enfants en mai 2017 <strong><em>Au Pays des Ressorts et des Gnian-Gnian<\/em><\/strong> &#8211; le v\u00e9ritable point de mire de la journ\u00e9e &#8211; cliquez ici. <\/a><\/li>\n<\/ul>\n<p><strong>En juin 2016,<\/strong> la repr\u00e9sentation de <em><strong>La Patte du Chat<\/strong><\/em>, pi\u00e8ce tir\u00e9e des <em>Contes du chat perch\u00e9<\/em> de Marcel Aym\u00e9, a eu lieu dans le jardin du Mas des Tilleuls, lors de la f\u00eate du jardin de l&rsquo;Association. <a href=\"http:\/\/www.aphyllanthe.fr\/association\/latelier-theatre-fait-le-spectacle\/\" target=\"_blank\" rel=\"noopener noreferrer\">Voir le reportage et les photos de cette journ\u00e9e tr\u00e8s sympa en 2016 ici.<\/a><\/p>\n<p><strong>En 2014 et en 2015<\/strong>, sous l&rsquo;\u00e9gide de Patricia, la troupe a pr\u00e9sent\u00e9 une jolie pi\u00e8ce de 30 minutes sous les tilleuls de la Mairie d&rsquo;Aigaliers. Quelques sc\u00e8nes de ces instants agr\u00e9ables sont pr\u00e9sent\u00e9s ci-dessous.<\/p>\n<div id=\"metaslider-id-335\" style=\"max-width: 500px; margin: 0 auto;\" class=\"ml-slider-3-109-0 metaslider metaslider-nivo metaslider-335 ml-slider has-dots-nav ms-theme-default\" role=\"region\" aria-label=\"Th\u00e9\u00e2tre\" data-height=\"350\" data-width=\"500\">\n    <div id=\"metaslider_container_335\">\n        <div class='slider-wrapper theme-default'><div class='ribbon'><\/div><div id='metaslider_335' class='nivoSlider'><img loading=\"lazy\" decoding=\"async\" src=\"https:\/\/www.aphyllanthe.fr\/association\/wp-content\/uploads\/2014\/12\/0EOS0346-800x600-500x350.jpg\" height=\"350\" width=\"500\" data-caption=\"fin de spectacle\" alt=\"fin de spectacle\" class=\"slider-335 slide-13 msDefaultImage\" \/><img loading=\"lazy\" decoding=\"async\" src=\"https:\/\/www.aphyllanthe.fr\/association\/wp-content\/uploads\/2014\/12\/0EOS0345-800x600-500x350.jpg\" height=\"350\" width=\"500\" data-caption=\"remerciements\" alt=\"remerciements\" class=\"slider-335 slide-12 msDefaultImage\" \/><img loading=\"lazy\" decoding=\"async\" src=\"https:\/\/www.aphyllanthe.fr\/association\/wp-content\/uploads\/2014\/12\/0EOS0347-800x600-500x350.jpg\" height=\"350\" width=\"500\" data-caption=\"atelier de th&eacute;&acirc;tre\" alt=\"atelier de th\u00e9\u00e2tre\" class=\"slider-335 slide-14 msDefaultImage\" \/><img loading=\"lazy\" decoding=\"async\" src=\"https:\/\/www.aphyllanthe.fr\/association\/wp-content\/uploads\/2014\/12\/0EOS0342-800x600-500x350.jpg\" height=\"350\" width=\"500\" data-caption=\"on salue le public\" alt=\"on salue le public\" class=\"slider-335 slide-11 msDefaultImage\" \/><img loading=\"lazy\" decoding=\"async\" src=\"https:\/\/www.aphyllanthe.fr\/association\/wp-content\/uploads\/2014\/12\/0EOS0332-800x600-V2-500x350.jpg\" height=\"350\" width=\"500\" data-caption=\"le joker\" alt=\"le joker\" class=\"slider-335 slide-10 msDefaultImage\" \/><img loading=\"lazy\" decoding=\"async\" src=\"https:\/\/www.aphyllanthe.fr\/association\/wp-content\/uploads\/2014\/12\/0EOS0307-800x600-500x350.jpg\" height=\"350\" width=\"500\" data-caption=\"on dort avec un &oelig;il ouvert\" alt=\"on dort avec un \u0153il ouvert\" class=\"slider-335 slide-4 msDefaultImage\" \/><img loading=\"lazy\" decoding=\"async\" src=\"https:\/\/www.aphyllanthe.fr\/association\/wp-content\/uploads\/2014\/12\/0EOS0313-800x600-500x350.jpg\" height=\"350\" width=\"500\" data-caption=\"certains convives dorment\" alt=\"certains convives dorment\" class=\"slider-335 slide-6 msDefaultImage\" \/><img loading=\"lazy\" decoding=\"async\" src=\"https:\/\/www.aphyllanthe.fr\/association\/wp-content\/uploads\/2014\/12\/0EOS0316-800x600-500x350.jpg\" height=\"350\" width=\"500\" data-caption=\"le masque\" alt=\"le masque\" class=\"slider-335 slide-7 msDefaultImage\" \/><img loading=\"lazy\" decoding=\"async\" src=\"https:\/\/www.aphyllanthe.fr\/association\/wp-content\/uploads\/2014\/12\/0EOS0328-800x600-500x350.jpg\" height=\"350\" width=\"500\" data-caption=\"le joker et la princesse\" alt=\"le joker et la princesse\" class=\"slider-335 slide-8 msDefaultImage\" \/><img loading=\"lazy\" decoding=\"async\" src=\"https:\/\/www.aphyllanthe.fr\/association\/wp-content\/uploads\/2014\/12\/OLIV2942-800x600-500x350.jpg\" height=\"350\" width=\"500\" data-caption=\"on est dubitatif\" alt=\"on est dubitatif\" class=\"slider-335 slide-107 msDefaultImage\" \/><img loading=\"lazy\" decoding=\"async\" src=\"https:\/\/www.aphyllanthe.fr\/association\/wp-content\/uploads\/2014\/12\/OLIV2927-800x600-500x350.jpg\" height=\"350\" width=\"500\" data-caption=\"le bluff\" alt=\"le bluff\" class=\"slider-335 slide-103 msDefaultImage\" \/><img loading=\"lazy\" decoding=\"async\" src=\"https:\/\/www.aphyllanthe.fr\/association\/wp-content\/uploads\/2014\/12\/OLIV2920-800x600-500x350.jpg\" height=\"350\" width=\"500\" data-caption=\"l&#039;accusation\" alt=\"l&#039;accusation\" class=\"slider-335 slide-102 msDefaultImage\" \/><img loading=\"lazy\" decoding=\"async\" src=\"https:\/\/www.aphyllanthe.fr\/association\/wp-content\/uploads\/2014\/12\/OLIV2912-800x600-500x350.jpg\" height=\"350\" width=\"500\" data-caption=\"th&eacute;&acirc;trale\" alt=\"th\u00e9\u00e2trale\" class=\"slider-335 slide-100 msDefaultImage\" \/><img loading=\"lazy\" decoding=\"async\" src=\"https:\/\/www.aphyllanthe.fr\/association\/wp-content\/uploads\/2014\/12\/OLIV2908-800x600-500x350.jpg\" height=\"350\" width=\"500\" data-caption=\"on sert le th&eacute;\" alt=\"on sert le th\u00e9\" class=\"slider-335 slide-99 msDefaultImage\" \/><img loading=\"lazy\" decoding=\"async\" src=\"https:\/\/www.aphyllanthe.fr\/association\/wp-content\/uploads\/2014\/12\/theatre1-500x350.jpg\" height=\"350\" width=\"500\" data-caption=\"atelier de th&eacute;&acirc;tre\" alt=\"atelier de th\u00e9\u00e2tre\" class=\"slider-335 slide-116 msDefaultImage\" \/><img loading=\"lazy\" decoding=\"async\" src=\"https:\/\/www.aphyllanthe.fr\/association\/wp-content\/uploads\/2014\/12\/OLIV2940-800x600-500x350.jpg\" height=\"350\" width=\"500\" data-caption=\"atelier th&eacute;&acirc;tre  2014 : le songe\" alt=\"le songe\" class=\"slider-335 slide-106 msDefaultImage\" \/><img loading=\"lazy\" decoding=\"async\" src=\"https:\/\/www.aphyllanthe.fr\/association\/wp-content\/uploads\/2014\/12\/OLIV2943-800x600-500x350.jpg\" height=\"350\" width=\"500\" data-caption=\"atelier th&eacute;&acirc;tre  2014 : la mise en sc&egrave;ne\" alt=\"la mise en sc\u00e8ne\" class=\"slider-335 slide-108 msDefaultImage\" \/><\/div><\/div>\n        \n    <\/div>\n<\/div>\n","protected":false},"excerpt":{"rendered":"<p>L&rsquo;atelier th\u00e9\u00e2tre anim\u00e9 par Patricia Matisson, com\u00e9dienne,\u00a0est une tradition \u00e0 l&rsquo;Aphyllanthe depuis plusieurs ann\u00e9es. Cet atelier vise \u00e0 donner confiance aux jeunes participants, leur apprendre\u00a0 \u00e0\u00a0 \u00eatre \u00e0 l&rsquo;aise sur sc\u00e8ne et \u00e0 travailler en groupe sur un objectif commun. Chaque ann\u00e9e en juin, \u00e0 la fin de l&rsquo;atelier, la troupe pr\u00e9sente une pi\u00e8ce qu&rsquo;ils &hellip; <a href=\"https:\/\/www.aphyllanthe.fr\/association\/atelier-de-theatre\/\" class=\"more-link\">Continuer la lecture de <span class=\"screen-reader-text\">Th\u00e9\u00e2tre enfants<\/span>  <span class=\"meta-nav\">&rarr;<\/span><\/a><\/p>\n","protected":false},"author":1,"featured_media":16888,"parent":0,"menu_order":0,"comment_status":"closed","ping_status":"closed","template":"","meta":{"footnotes":""},"class_list":["post-333","page","type-page","status-publish","has-post-thumbnail","hentry"],"_links":{"self":[{"href":"https:\/\/www.aphyllanthe.fr\/association\/wp-json\/wp\/v2\/pages\/333","targetHints":{"allow":["GET"]}}],"collection":[{"href":"https:\/\/www.aphyllanthe.fr\/association\/wp-json\/wp\/v2\/pages"}],"about":[{"href":"https:\/\/www.aphyllanthe.fr\/association\/wp-json\/wp\/v2\/types\/page"}],"author":[{"embeddable":true,"href":"https:\/\/www.aphyllanthe.fr\/association\/wp-json\/wp\/v2\/users\/1"}],"replies":[{"embeddable":true,"href":"https:\/\/www.aphyllanthe.fr\/association\/wp-json\/wp\/v2\/comments?post=333"}],"version-history":[{"count":13,"href":"https:\/\/www.aphyllanthe.fr\/association\/wp-json\/wp\/v2\/pages\/333\/revisions"}],"predecessor-version":[{"id":19386,"href":"https:\/\/www.aphyllanthe.fr\/association\/wp-json\/wp\/v2\/pages\/333\/revisions\/19386"}],"wp:featuredmedia":[{"embeddable":true,"href":"https:\/\/www.aphyllanthe.fr\/association\/wp-json\/wp\/v2\/media\/16888"}],"wp:attachment":[{"href":"https:\/\/www.aphyllanthe.fr\/association\/wp-json\/wp\/v2\/media?parent=333"}],"curies":[{"name":"wp","href":"https:\/\/api.w.org\/{rel}","templated":true}]}}