{"id":378,"date":"2014-12-10T17:03:15","date_gmt":"2014-12-10T17:03:15","guid":{"rendered":"http:\/\/www.aphyllanthe.fr\/association\/?page_id=378"},"modified":"2018-11-12T22:41:59","modified_gmt":"2018-11-12T21:41:59","slug":"cafe-philo","status":"publish","type":"page","link":"https:\/\/www.aphyllanthe.fr\/association\/soirees\/cafe-philo\/","title":{"rendered":"Caf\u00e9-philo"},"content":{"rendered":"<p><strong>Pour des raisons ind\u00e9pendantes de notre volont\u00e9, cette activit\u00e9 n&rsquo;est pas actuellement propos\u00e9e sur notre programme<\/strong><br \/>\n<figure id=\"attachment_559\" aria-describedby=\"caption-attachment-559\" style=\"width: 240px\" class=\"wp-caption alignleft\"><img loading=\"lazy\" decoding=\"async\" class=\"size-full wp-image-559\" src=\"http:\/\/www.aphyllanthe.fr\/association\/wp-content\/uploads\/2014\/12\/guyard-01.jpg\" alt=\"Alain Guyard\" width=\"240\" height=\"159\" \/><figcaption id=\"caption-attachment-559\" class=\"wp-caption-text\">Alain Guyard<\/figcaption><\/figure><\/p>\n<p>Depuis plus de cinq ans, l&rsquo;Association programme des soir\u00e9es caf\u00e9-philo \u00e0 la salle Andr\u00e9 Meynier d&rsquo;Aigaliers. <a href=\"http:\/\/www.diogeneconsultants.com\/annexes.php?annexe=2\" target=\"_blank\">Alain Guyard, auteur, humoriste et philosophe<\/a> \u00e0 ses heures, anime et provoque la salle avec des discours et dialogues sur des sujets d&rsquo;actualit\u00e9 et de r\u00e9flexion. Ces spectacles sont interactifs avec encouragements de participation du public qui pose des questions, confirme ou s&rsquo;oppose aux th\u00e8mes d\u00e9velopp\u00e9s par l&rsquo;animateur, les d\u00e9bats se d\u00e9roulant dans une ambiance de sourire, rire et r\u00e9flexion.<\/p>\n<figure id=\"attachment_562\" aria-describedby=\"caption-attachment-562\" style=\"width: 300px\" class=\"wp-caption alignleft\"><a href=\"http:\/\/www.aphyllanthe.fr\/association\/wp-content\/uploads\/2014\/12\/guyard-04.jpg\"><img loading=\"lazy\" decoding=\"async\" class=\"size-medium wp-image-562\" src=\"http:\/\/www.aphyllanthe.fr\/association\/wp-content\/uploads\/2014\/12\/guyard-04-300x193.jpg\" alt=\"l'auteur et monologuiste Alain Guyard\" width=\"300\" height=\"193\" srcset=\"https:\/\/www.aphyllanthe.fr\/association\/wp-content\/uploads\/2014\/12\/guyard-04-300x193.jpg 300w, https:\/\/www.aphyllanthe.fr\/association\/wp-content\/uploads\/2014\/12\/guyard-04.jpg 607w\" sizes=\"auto, (max-width: 300px) 100vw, 300px\" \/><\/a><figcaption id=\"caption-attachment-562\" class=\"wp-caption-text\">l&rsquo;auteur et monologuiste Alain Guyard<\/figcaption><\/figure>\n<p>Quelques exemples des interrogations qu&rsquo;il a pu proposer au public :<\/p>\n<ul>\n<li>Faut-t-il se faire le maillot ou le mouiller ?<\/li>\n<li>Pourquoi la philo devrait \u00eatre rembours\u00e9e par la s\u00e9curit\u00e9 sociale<\/li>\n<li>La peur du bon Dieu suffit-elle pour limiter le nombre des salauds ?<\/li>\n<li>Socrate est-il plut\u00f4t maquereau ou plut\u00f4t rebouteux ?<\/li>\n<li>Comment b\u00e9tonner la d\u00e9mocratie tout en d\u00e9molissant la R\u00e9publique ?<\/li>\n<\/ul>\n<p>Fr\u00e9quent\u00e9e par 40 \u00e0 80 personnes selon la saison et la m\u00e9t\u00e9o, cette soir\u00e9e est connue de bon nombre d&rsquo;Uz\u00e8geois et revient r\u00e9guli\u00e8rement dans le programme de l&rsquo;Association. L&rsquo;animateur est un v\u00e9ritable \u00ab\u00a0one-man-show\u00a0\u00bb qui ne manque jamais de surprendre son public. Alain Guyard est aussi auteur de livres de philo et participe \u00e0 la p\u00e9dagogie pour les d\u00e9tenus dans les prisons de France.<\/p>\n<figure id=\"attachment_561\" aria-describedby=\"caption-attachment-561\" style=\"width: 300px\" class=\"wp-caption aligncenter\"><a href=\"http:\/\/www.aphyllanthe.fr\/association\/wp-content\/uploads\/2014\/12\/guyard-03.jpg\"><img loading=\"lazy\" decoding=\"async\" class=\"size-medium wp-image-561\" src=\"http:\/\/www.aphyllanthe.fr\/association\/wp-content\/uploads\/2014\/12\/guyard-03-300x225.jpg\" alt=\"la salle Andr\u00e9 Meynier pendant le caf\u00e9-philo\" width=\"300\" height=\"225\" srcset=\"https:\/\/www.aphyllanthe.fr\/association\/wp-content\/uploads\/2014\/12\/guyard-03-300x225.jpg 300w, https:\/\/www.aphyllanthe.fr\/association\/wp-content\/uploads\/2014\/12\/guyard-03.jpg 1024w\" sizes=\"auto, (max-width: 300px) 100vw, 300px\" \/><\/a><figcaption id=\"caption-attachment-561\" class=\"wp-caption-text\">la salle Andr\u00e9 Meynier pendant le caf\u00e9-philo<\/figcaption><\/figure>\n<figure id=\"attachment_560\" aria-describedby=\"caption-attachment-560\" style=\"width: 300px\" class=\"wp-caption aligncenter\"><a href=\"http:\/\/www.aphyllanthe.fr\/association\/wp-content\/uploads\/2014\/12\/guyard-02.jpg\"><img loading=\"lazy\" decoding=\"async\" class=\"size-medium wp-image-560\" src=\"http:\/\/www.aphyllanthe.fr\/association\/wp-content\/uploads\/2014\/12\/guyard-02-300x225.jpg\" alt=\"Alain Guyard\" width=\"300\" height=\"225\" srcset=\"https:\/\/www.aphyllanthe.fr\/association\/wp-content\/uploads\/2014\/12\/guyard-02-300x225.jpg 300w, https:\/\/www.aphyllanthe.fr\/association\/wp-content\/uploads\/2014\/12\/guyard-02.jpg 1024w\" sizes=\"auto, (max-width: 300px) 100vw, 300px\" \/><\/a><figcaption id=\"caption-attachment-560\" class=\"wp-caption-text\">Alain Guyard<\/figcaption><\/figure>\n<p>L&rsquo;entr\u00e9e \u00e0 ces spectacles qui etait rest\u00e9e depuis plusieurs ann\u00e9es au prix modique de 6 \u20ac est pass\u00e9e \u00e0 7 \u20ac \u00e0 partir de 2017. Les moins de 18 ans entrent gratuitement. L&rsquo;Association propose \u00e9galement des boissons avant et apr\u00e8s le spectacle.<\/p>\n<p>&nbsp;<\/p>\n","protected":false},"excerpt":{"rendered":"<p>Pour des raisons ind\u00e9pendantes de notre volont\u00e9, cette activit\u00e9 n&rsquo;est pas actuellement propos\u00e9e sur notre programme Depuis plus de cinq ans, l&rsquo;Association programme des soir\u00e9es caf\u00e9-philo \u00e0 la salle Andr\u00e9 Meynier d&rsquo;Aigaliers. Alain Guyard, auteur, humoriste et philosophe \u00e0 ses heures, anime et provoque la salle avec des discours et dialogues sur des sujets d&rsquo;actualit\u00e9 &hellip; <a href=\"https:\/\/www.aphyllanthe.fr\/association\/soirees\/cafe-philo\/\" class=\"more-link\">Continuer la lecture de <span class=\"screen-reader-text\">Caf\u00e9-philo<\/span>  <span class=\"meta-nav\">&rarr;<\/span><\/a><\/p>\n","protected":false},"author":1,"featured_media":0,"parent":376,"menu_order":0,"comment_status":"closed","ping_status":"closed","template":"","meta":{"footnotes":""},"class_list":["post-378","page","type-page","status-publish","hentry"],"_links":{"self":[{"href":"https:\/\/www.aphyllanthe.fr\/association\/wp-json\/wp\/v2\/pages\/378","targetHints":{"allow":["GET"]}}],"collection":[{"href":"https:\/\/www.aphyllanthe.fr\/association\/wp-json\/wp\/v2\/pages"}],"about":[{"href":"https:\/\/www.aphyllanthe.fr\/association\/wp-json\/wp\/v2\/types\/page"}],"author":[{"embeddable":true,"href":"https:\/\/www.aphyllanthe.fr\/association\/wp-json\/wp\/v2\/users\/1"}],"replies":[{"embeddable":true,"href":"https:\/\/www.aphyllanthe.fr\/association\/wp-json\/wp\/v2\/comments?post=378"}],"version-history":[{"count":0,"href":"https:\/\/www.aphyllanthe.fr\/association\/wp-json\/wp\/v2\/pages\/378\/revisions"}],"up":[{"embeddable":true,"href":"https:\/\/www.aphyllanthe.fr\/association\/wp-json\/wp\/v2\/pages\/376"}],"wp:attachment":[{"href":"https:\/\/www.aphyllanthe.fr\/association\/wp-json\/wp\/v2\/media?parent=378"}],"curies":[{"name":"wp","href":"https:\/\/api.w.org\/{rel}","templated":true}]}}