{"id":394,"date":"2014-12-10T17:10:34","date_gmt":"2014-12-10T17:10:34","guid":{"rendered":"http:\/\/www.aphyllanthe.fr\/association\/?page_id=394"},"modified":"2026-01-14T17:26:57","modified_gmt":"2026-01-14T16:26:57","slug":"ca-et-ag","status":"publish","type":"page","link":"https:\/\/www.aphyllanthe.fr\/association\/accueil\/ca-et-ag\/","title":{"rendered":"CA et AG"},"content":{"rendered":"<p><img loading=\"lazy\" decoding=\"async\" class=\"alignleft size-full wp-image-1142\" src=\"http:\/\/www.aphyllanthe.fr\/association\/wp-content\/uploads\/2015\/02\/Fleur-Aphyllanthe.png\" alt=\"Fleur Aphyllanthe\" width=\"94\" height=\"93\" \/><strong>Conseil d&rsquo;Administration <\/strong><\/p>\n<p>Le Conseil d&rsquo;Administration \u00e9lu \u00e0 l&rsquo;AG du 28 mars 2025, est compos\u00e9 des 12 personnes suivantes (par ordre alphab\u00e9tique de nom de famille):<br \/>\nLynda Bellaiche, G\u00e9rard Berry, Charles Blackstone, Martine Buschino, Jim Cluchey, Dorina Di Rocco, Yves Engrand, Philippe Gury, Florence Meillat, Patrick Ponton, Caty Ruboulet, Jocelyn Singeot.<\/p>\n<p>Le bureau : \u00e0 jour le 10 janvier 2026<\/p>\n<ul>\n<li>M. G\u00e9rard Berry (pr\u00e9sident),<\/li>\n<li>M. Philippe Gury (tr\u00e9sorier),<\/li>\n<li>M. Yves Engrand (tr\u00e9sorier-adjoint),<\/li>\n<\/ul>\n<figure id=\"attachment_13673\" aria-describedby=\"caption-attachment-13673\" style=\"width: 769px\" class=\"wp-caption aligncenter\"><a href=\"https:\/\/www.aphyllanthe.fr\/association\/wp-content\/uploads\/2020\/11\/berry-1.5.jpg\"><img loading=\"lazy\" decoding=\"async\" src=\"https:\/\/www.aphyllanthe.fr\/association\/wp-content\/uploads\/2020\/11\/berry-1.5.jpg\" alt=\"\" width=\"769\" height=\"512\" class=\"size-full wp-image-13673\" srcset=\"https:\/\/www.aphyllanthe.fr\/association\/wp-content\/uploads\/2020\/11\/berry-1.5.jpg 769w, https:\/\/www.aphyllanthe.fr\/association\/wp-content\/uploads\/2020\/11\/berry-1.5-300x200.jpg 300w\" sizes=\"auto, (max-width: 769px) 100vw, 769px\" \/><\/a><figcaption id=\"caption-attachment-13673\" class=\"wp-caption-text\">G\u00e9rard, pr\u00e9sident<\/figcaption><\/figure>\n<figure id=\"attachment_13676\" aria-describedby=\"caption-attachment-13676\" style=\"width: 2560px\" class=\"wp-caption aligncenter\"><a href=\"https:\/\/www.aphyllanthe.fr\/association\/wp-content\/uploads\/2020\/11\/philippe-scaled.jpg\"><img loading=\"lazy\" decoding=\"async\" src=\"https:\/\/www.aphyllanthe.fr\/association\/wp-content\/uploads\/2020\/11\/philippe-scaled.jpg\" alt=\"\" width=\"2560\" height=\"1706\" class=\"size-full wp-image-13676\" srcset=\"https:\/\/www.aphyllanthe.fr\/association\/wp-content\/uploads\/2020\/11\/philippe-scaled.jpg 2560w, https:\/\/www.aphyllanthe.fr\/association\/wp-content\/uploads\/2020\/11\/philippe-300x200.jpg 300w, https:\/\/www.aphyllanthe.fr\/association\/wp-content\/uploads\/2020\/11\/philippe-1024x683.jpg 1024w, https:\/\/www.aphyllanthe.fr\/association\/wp-content\/uploads\/2020\/11\/philippe-768x512.jpg 768w, https:\/\/www.aphyllanthe.fr\/association\/wp-content\/uploads\/2020\/11\/philippe-1536x1024.jpg 1536w, https:\/\/www.aphyllanthe.fr\/association\/wp-content\/uploads\/2020\/11\/philippe-2048x1365.jpg 2048w, https:\/\/www.aphyllanthe.fr\/association\/wp-content\/uploads\/2020\/11\/philippe-1320x880.jpg 1320w\" sizes=\"auto, (max-width: 2560px) 100vw, 2560px\" \/><\/a><figcaption id=\"caption-attachment-13676\" class=\"wp-caption-text\">Philippe, tr\u00e9sorier<\/figcaption><\/figure>\n<figure id=\"attachment_5551\" aria-describedby=\"caption-attachment-5551\" style=\"width: 1620px\" class=\"wp-caption aligncenter\"><a href=\"https:\/\/www.aphyllanthe.fr\/association\/wp-content\/uploads\/2017\/04\/yves.jpg\"><img loading=\"lazy\" decoding=\"async\" src=\"https:\/\/www.aphyllanthe.fr\/association\/wp-content\/uploads\/2017\/04\/yves.jpg\" alt=\"Yves, tr\u00e9sorier\" width=\"1620\" height=\"1080\" class=\"size-full wp-image-5551\" srcset=\"https:\/\/www.aphyllanthe.fr\/association\/wp-content\/uploads\/2017\/04\/yves.jpg 1620w, https:\/\/www.aphyllanthe.fr\/association\/wp-content\/uploads\/2017\/04\/yves-300x200.jpg 300w, https:\/\/www.aphyllanthe.fr\/association\/wp-content\/uploads\/2017\/04\/yves-768x512.jpg 768w, https:\/\/www.aphyllanthe.fr\/association\/wp-content\/uploads\/2017\/04\/yves-1024x683.jpg 1024w, https:\/\/www.aphyllanthe.fr\/association\/wp-content\/uploads\/2017\/04\/yves-600x400.jpg 600w\" sizes=\"auto, (max-width: 1620px) 100vw, 1620px\" \/><\/a><figcaption id=\"caption-attachment-5551\" class=\"wp-caption-text\">Yves, tr\u00e9sorier-adjoint<\/figcaption><\/figure>\n<p>Les membres du CA et du bureau sont tous b\u00e9n\u00e9voles.<\/p>\n<p>Depuis mai 2019, Mme Marie Fajardo est employ\u00e9e par l&rsquo;Association au poste d&rsquo;assistante administrative. Elle s&rsquo;occupe de la permanence de la biblioth\u00e8que, la gestion de dossiers et de l&rsquo;accueil du public dans les locaux de l&rsquo;Association.<\/p>\n<p><strong>Assembl\u00e9e G\u00e9n\u00e9rale<\/strong><\/p>\n<p>Sauf les exceptions en 2020, 2021 et 2022 en raison de la crise COVID-19, l&rsquo;Association organise son Assembl\u00e9e G\u00e9n\u00e9rale Annuelle au premier trimestre de l&rsquo;ann\u00e9e. A cette occasion, le CA est renouvel\u00e9 par \u00e9lection, et le bureau pr\u00e9sente le bilan moral et financier de l\u2019ann\u00e9e pr\u00e9c\u00e9dente.<\/p>\n<p><strong>Rapports par ann\u00e9e<\/strong><br \/>\n<a href=\"https:\/\/www.aphyllanthe.fr\/association\/pdf\/documents-ag\/rapport-moral-ag-2025.pdf\" target=\"_blank\" rel=\"noopener noreferrer\">Rapport moral de l&rsquo;ann\u00e9e 2024 (approuv\u00e9 par l&rsquo;AG de mars 2025).<\/a><br \/>\n<a href=\"https:\/\/www.aphyllanthe.fr\/association\/pdf\/documents-ag\/rapport-moral-ag-2024.pdf\" target=\"_blank\" rel=\"noopener noreferrer\">Rapport moral de l&rsquo;ann\u00e9e 2023 (approuv\u00e9 par l&rsquo;AG de mars 2024).<\/a><br \/>\n<a href=\"https:\/\/www.aphyllanthe.fr\/association\/pdf\/documents-ag\/rapport-ag-2023.pdf\" target=\"_blank\" rel=\"noopener noreferrer\">Rapport moral de l&rsquo;ann\u00e9e 2022 (approuv\u00e9 par l&rsquo;AG de mars 2023).<\/a><br \/>\n<a href=\"https:\/\/www.aphyllanthe.fr\/association\/pdf\/documents-ag\/rapport-ag-2022.pdf\" target=\"_blank\" rel=\"noopener noreferrer\">Rapport moral de l&rsquo;ann\u00e9e 2021 (approuv\u00e9 par l&rsquo;AG d&rsquo;avril 2022).<\/a><br \/>\n<a href=\"https:\/\/www.aphyllanthe.fr\/association\/pdf\/documents-ag\/rapport-ag-2021.pdf\" target=\"_blank\" rel=\"noopener noreferrer\">Rapport moral de l&rsquo;ann\u00e9e 2020 (approuv\u00e9 par l&rsquo;AG de sept 2021).<\/a><br \/>\n<a href=\"https:\/\/www.aphyllanthe.fr\/association\/pdf\/documents-ag\/rapport-ag-2020.pdf\" target=\"_blank\" rel=\"noopener noreferrer\">Rapport moral de l&rsquo;ann\u00e9e 2019 (approuv\u00e9 par l&rsquo;AG de sept 2020).<\/a><br \/>\n<a href=\"https:\/\/www.aphyllanthe.fr\/association\/pdf\/documents-ag\/rapport-ag-2019.pdf\" target=\"_blank\" rel=\"noopener noreferrer\">Rapport moral de l&rsquo;ann\u00e9e 2018 (approuv\u00e9 par l&rsquo;AG de mars 2019).<\/a><br \/>\n<a href=\"https:\/\/www.aphyllanthe.fr\/association\/pdf\/documents-ag\/rapport-ag-2018.pdf\" target=\"_blank\" rel=\"noopener noreferrer\">Rapport moral de l&rsquo;ann\u00e9e 2017 (approuv\u00e9 par l&rsquo;AG de f\u00e9vrier 2018).<\/a><br \/>\n<a href=\"https:\/\/www.aphyllanthe.fr\/association\/pdf\/documents-ag\/rapport-ag-2017.pdf\" target=\"_blank\" rel=\"noopener noreferrer\">Rapport moral de l&rsquo;ann\u00e9e 2016 (approuv\u00e9 par l&rsquo;AG de mars 2017).<\/a><br \/>\n<a href=\"https:\/\/www.aphyllanthe.fr\/association\/pdf\/documents-ag\/rapport-ag-2016.pdf\" target=\"_blank\" rel=\"noopener noreferrer\">Rapport moral de l&rsquo;ann\u00e9e 2015 (approuv\u00e9 par l&rsquo;AG de mars 2016).<\/a><br \/>\n<a href=\"https:\/\/www.aphyllanthe.fr\/association\/pdf\/documents-ag\/rapport-ag-2015.pdf\" target=\"_blank\" rel=\"noopener noreferrer\">Rapport moral de l&rsquo;ann\u00e9e 2014 (approuv\u00e9 par l&rsquo;AG de mars 2015).<\/a><br \/>\n<a href=\"https:\/\/www.aphyllanthe.fr\/association\/pdf\/documents-ag\/rapport-ag-2014.pdf\" target=\"_blank\" rel=\"noopener noreferrer\">Rapport moral de l&rsquo;ann\u00e9e 2013 (approuv\u00e9 par l&rsquo;AG de mars 2014).<\/a><br \/>\n<a href=\"https:\/\/www.aphyllanthe.fr\/association\/pdf\/documents-ag\/rapport-ag-2013.pdf\" target=\"_blank\" rel=\"noopener noreferrer\">Rapport moral de l&rsquo;ann\u00e9e 2012 (approuv\u00e9 par l&rsquo;AG de mars 2013).<\/a><br \/>\n<a href=\"https:\/\/www.aphyllanthe.fr\/association\/pdf\/documents-ag\/rapport-ag-2012.pdf\" target=\"_blank\" rel=\"noopener noreferrer\">Rapport moral de l&rsquo;ann\u00e9e 2011 (approuv\u00e9 par l&rsquo;AG de mars 2012).<\/a><br \/>\n<a href=\"https:\/\/www.aphyllanthe.fr\/association\/pdf\/documents-ag\/rapport-ag-2011.pdf\" target=\"_blank\" rel=\"noopener noreferrer\">Rapport moral de l&rsquo;ann\u00e9e 2010 (approuv\u00e9 par l&rsquo;AG de mars 2011).<\/a><\/p>\n<p>Derni\u00e8re mise \u00e0 jour de cette page 2026-01-04.<\/p>\n","protected":false},"excerpt":{"rendered":"<p>Conseil d&rsquo;Administration Le Conseil d&rsquo;Administration \u00e9lu \u00e0 l&rsquo;AG du 28 mars 2025, est compos\u00e9 des 12 personnes suivantes (par ordre alphab\u00e9tique de nom de famille): Lynda Bellaiche, G\u00e9rard Berry, Charles Blackstone, Martine Buschino, Jim Cluchey, Dorina Di Rocco, Yves Engrand, Philippe Gury, Florence Meillat, Patrick Ponton, Caty Ruboulet, Jocelyn Singeot. Le bureau : \u00e0 jour &hellip; <a href=\"https:\/\/www.aphyllanthe.fr\/association\/accueil\/ca-et-ag\/\" class=\"more-link\">Continuer la lecture de <span class=\"screen-reader-text\">CA et AG<\/span>  <span class=\"meta-nav\">&rarr;<\/span><\/a><\/p>\n","protected":false},"author":1,"featured_media":0,"parent":392,"menu_order":0,"comment_status":"closed","ping_status":"closed","template":"","meta":{"footnotes":""},"class_list":["post-394","page","type-page","status-publish","hentry"],"_links":{"self":[{"href":"https:\/\/www.aphyllanthe.fr\/association\/wp-json\/wp\/v2\/pages\/394","targetHints":{"allow":["GET"]}}],"collection":[{"href":"https:\/\/www.aphyllanthe.fr\/association\/wp-json\/wp\/v2\/pages"}],"about":[{"href":"https:\/\/www.aphyllanthe.fr\/association\/wp-json\/wp\/v2\/types\/page"}],"author":[{"embeddable":true,"href":"https:\/\/www.aphyllanthe.fr\/association\/wp-json\/wp\/v2\/users\/1"}],"replies":[{"embeddable":true,"href":"https:\/\/www.aphyllanthe.fr\/association\/wp-json\/wp\/v2\/comments?post=394"}],"version-history":[{"count":29,"href":"https:\/\/www.aphyllanthe.fr\/association\/wp-json\/wp\/v2\/pages\/394\/revisions"}],"predecessor-version":[{"id":25916,"href":"https:\/\/www.aphyllanthe.fr\/association\/wp-json\/wp\/v2\/pages\/394\/revisions\/25916"}],"up":[{"embeddable":true,"href":"https:\/\/www.aphyllanthe.fr\/association\/wp-json\/wp\/v2\/pages\/392"}],"wp:attachment":[{"href":"https:\/\/www.aphyllanthe.fr\/association\/wp-json\/wp\/v2\/media?parent=394"}],"curies":[{"name":"wp","href":"https:\/\/api.w.org\/{rel}","templated":true}]}}