{"id":4709,"date":"2016-11-24T09:56:29","date_gmt":"2016-11-24T08:56:29","guid":{"rendered":"http:\/\/www.aphyllanthe.fr\/association\/?page_id=4709"},"modified":"2018-02-13T15:34:40","modified_gmt":"2018-02-13T14:34:40","slug":"informatique-et-randonnee","status":"publish","type":"page","link":"https:\/\/www.aphyllanthe.fr\/association\/informatique-et-randonnee\/","title":{"rendered":"Informatique et randonn\u00e9e"},"content":{"rendered":"<p>Dans cette section du site, nous proposons des articles d\u00e9di\u00e9s \u00e0 l&rsquo;explication de l&rsquo;usage de l&rsquo;informatique pour aider \u00e0 pr\u00e9parer et \u00e0 suivre des itin\u00e9raires de randonn\u00e9e.  <\/p>\n<p>En France, beaucoup d&rsquo;organisations publiques et priv\u00e9es s&rsquo;organisent \u00e0 faciliter la pratique de la randonn\u00e9e sur leurs territoires. Il faut admettre que ce pays est sp\u00e9cialement attrayant pour la pratique de ce sport. L&rsquo;existence des chemins ancestraux, des DFCI, des chemins de halage, des sentiers des douaniers, des parcours de sant\u00e9, des itin\u00e9raires botaniques, des voies vicinales etc., permettent de se promener presque partout. Beaucoup d&rsquo;itin\u00e9raires sont balis\u00e9s par exemple par la F\u00e9d\u00e9ration Fran\u00e7aise de la Randonn\u00e9e (Sentiers GR, GRP et PR), par les conseils d\u00e9partementaux, par les communaut\u00e9s de communes et par les clubs de marcheurs un peu partout.  De nombreuses publications permettent de trouver les sentiers incluant les cartes IGN 1:25000, les topoguides de la FFR, des pochettes topoguide par les parcs nationaux (dans notre r\u00e9gion le Parc National des C\u00e9vennes publie une vingtaine de pochettes) des publications type carto-guide des conseils d\u00e9partementaux, les journaux, et les \u00e9diteurs priv\u00e9s.  Le choix ne manque pas.<br \/>\nA l&rsquo;Aphyllanthe nous avons <a href=\"http:\/\/www.aphyllanthe.fr\/randonnees\/listertoussrcdoc.php\" target=\"_blank\">une collection de plus de 80 documents<\/a> entre cartes, topoguides, et livres.  <\/p>\n<p>Pourtant, on ne rencontre pas souvent des foules sur les sentiers de marche.<\/p>\n","protected":false},"excerpt":{"rendered":"<p>Dans cette section du site, nous proposons des articles d\u00e9di\u00e9s \u00e0 l&rsquo;explication de l&rsquo;usage de l&rsquo;informatique pour aider \u00e0 pr\u00e9parer et \u00e0 suivre des itin\u00e9raires de randonn\u00e9e. En France, beaucoup d&rsquo;organisations publiques et priv\u00e9es s&rsquo;organisent \u00e0 faciliter la pratique de la randonn\u00e9e sur leurs territoires. Il faut admettre que ce pays est sp\u00e9cialement attrayant pour &hellip; <a href=\"https:\/\/www.aphyllanthe.fr\/association\/informatique-et-randonnee\/\" class=\"more-link\">Continuer la lecture de <span class=\"screen-reader-text\">Informatique et randonn\u00e9e<\/span>  <span class=\"meta-nav\">&rarr;<\/span><\/a><\/p>\n","protected":false},"author":1,"featured_media":0,"parent":0,"menu_order":100,"comment_status":"closed","ping_status":"closed","template":"","meta":{"footnotes":""},"class_list":["post-4709","page","type-page","status-publish","hentry"],"_links":{"self":[{"href":"https:\/\/www.aphyllanthe.fr\/association\/wp-json\/wp\/v2\/pages\/4709","targetHints":{"allow":["GET"]}}],"collection":[{"href":"https:\/\/www.aphyllanthe.fr\/association\/wp-json\/wp\/v2\/pages"}],"about":[{"href":"https:\/\/www.aphyllanthe.fr\/association\/wp-json\/wp\/v2\/types\/page"}],"author":[{"embeddable":true,"href":"https:\/\/www.aphyllanthe.fr\/association\/wp-json\/wp\/v2\/users\/1"}],"replies":[{"embeddable":true,"href":"https:\/\/www.aphyllanthe.fr\/association\/wp-json\/wp\/v2\/comments?post=4709"}],"version-history":[{"count":0,"href":"https:\/\/www.aphyllanthe.fr\/association\/wp-json\/wp\/v2\/pages\/4709\/revisions"}],"wp:attachment":[{"href":"https:\/\/www.aphyllanthe.fr\/association\/wp-json\/wp\/v2\/media?parent=4709"}],"curies":[{"name":"wp","href":"https:\/\/api.w.org\/{rel}","templated":true}]}}