{"id":4893,"date":"2016-12-15T16:07:03","date_gmt":"2016-12-15T15:07:03","guid":{"rendered":"http:\/\/www.aphyllanthe.fr\/association\/?page_id=4893"},"modified":"2026-04-08T15:32:35","modified_gmt":"2026-04-08T14:32:35","slug":"lettre-de-laphyllanthe","status":"publish","type":"page","link":"https:\/\/www.aphyllanthe.fr\/association\/publications\/lettre-de-laphyllanthe\/","title":{"rendered":"Lettre de l&rsquo;Aphyllanthe"},"content":{"rendered":"<p>L&rsquo;Association \u00e9dite une lettre d&rsquo;actualit\u00e9s 3 fois par an en janvier, avril et septembre. Dans cette lettre nous pr\u00e9sentons nos activit\u00e9s pour la saison, nos sorties, et un profil de quelques activit\u00e9s de l&rsquo;Association.<\/p>\n<p>Toutes les \u00e9ditions depuis janvier 2010 sont t\u00e9l\u00e9chargeables ci-dessous (attention &#8211; fichiers parfois jusqu&rsquo;\u00e0 15 Mo).<\/p>\n<div style=\"position: relative; float: right; width: 318px; height: 450;\"><a href=\"https:\/\/www.aphyllanthe.fr\/association\/wp-content\/uploads\/2026\/04\/Lettre-04.2026.webp\"><img loading=\"lazy\" decoding=\"async\" class=\"alignnone wp-image-26294 size-medium\" src=\"https:\/\/www.aphyllanthe.fr\/association\/wp-content\/uploads\/2026\/04\/Lettre-04.2026-212x300.webp\" alt=\"\" width=\"212\" height=\"300\" srcset=\"https:\/\/www.aphyllanthe.fr\/association\/wp-content\/uploads\/2026\/04\/Lettre-04.2026-212x300.webp 212w, https:\/\/www.aphyllanthe.fr\/association\/wp-content\/uploads\/2026\/04\/Lettre-04.2026-724x1024.webp 724w, https:\/\/www.aphyllanthe.fr\/association\/wp-content\/uploads\/2026\/04\/Lettre-04.2026-768x1086.webp 768w, https:\/\/www.aphyllanthe.fr\/association\/wp-content\/uploads\/2026\/04\/Lettre-04.2026-1086x1536.webp 1086w, https:\/\/www.aphyllanthe.fr\/association\/wp-content\/uploads\/2026\/04\/Lettre-04.2026-1448x2048.webp 1448w, https:\/\/www.aphyllanthe.fr\/association\/wp-content\/uploads\/2026\/04\/Lettre-04.2026-1320x1867.webp 1320w, https:\/\/www.aphyllanthe.fr\/association\/wp-content\/uploads\/2026\/04\/Lettre-04.2026.webp 1587w\" sizes=\"auto, (max-width: 212px) 100vw, 212px\" \/><\/a><\/div>\n<div style=\"position: relative; float: left; width: 200px;\">\n<p><a href=\"https:\/\/www.aphyllanthe.fr\/association\/pdf\/lettres\/lettre-04-2026.pdf\" target=\"_blank\" rel=\"noopener\">avril 2026<\/a><br \/>\n<a href=\"https:\/\/www.aphyllanthe.fr\/association\/pdf\/lettres\/lettre-09-2025.pdf\" target=\"_blank\" rel=\"noopener\">septembre 2025<\/a><br \/>\n<a href=\"https:\/\/www.aphyllanthe.fr\/association\/pdf\/lettres\/lettre-04-2025.pdf\" target=\"_blank\" rel=\"noopener\">avril 2025<\/a><br \/>\n<a href=\"https:\/\/www.aphyllanthe.fr\/association\/pdf\/lettres\/lettre-01-2025.pdf\" target=\"_blank\" rel=\"noopener\">janvier 2025<\/a><br \/>\n<a href=\"https:\/\/www.aphyllanthe.fr\/association\/pdf\/lettres\/Lettre-09-2024.pdf\" target=\"_blank\" rel=\"noopener\">septembre 2024<\/a><br \/>\n<a href=\"https:\/\/www.aphyllanthe.fr\/association\/pdf\/lettres\/Lettre-04-2024.pdf\" target=\"_blank\" rel=\"noopener\">avril 2024<\/a><br \/>\n<a href=\"https:\/\/www.aphyllanthe.fr\/association\/pdf\/lettres\/Lettre-01-2024.pdf\" target=\"_blank\" rel=\"noopener\">janvier 2024<\/a><br \/>\n<a href=\"https:\/\/www.aphyllanthe.fr\/association\/pdf\/lettres\/lettre-09-2023.pdf\" target=\"_blank\" rel=\"noopener\">septembre 2023<\/a><br \/>\n<a href=\"https:\/\/www.aphyllanthe.fr\/association\/pdf\/lettres\/lettre-04-2023.pdf\" target=\"_blank\" rel=\"noopener\">avril 2023<\/a><br \/>\n<a href=\"https:\/\/www.aphyllanthe.fr\/association\/pdf\/lettres\/lettre-01-2023.pdf\" target=\"_blank\" rel=\"noopener\">janvier 2023<\/a><br \/>\n<a href=\"https:\/\/www.aphyllanthe.fr\/association\/pdf\/lettres\/lettre-09-2022.pdf\" target=\"_blank\" rel=\"noopener\">septembre 2022<\/a><br \/>\n<a href=\"https:\/\/www.aphyllanthe.fr\/association\/pdf\/lettres\/lettre-04-2022.pdf\" target=\"_blank\" rel=\"noopener\">avril 2022<\/a><br \/>\n<a href=\"https:\/\/www.aphyllanthe.fr\/association\/pdf\/lettres\/lettre-01-2022.pdf\" target=\"_blank\" rel=\"noopener\">janvier 2022<\/a><br \/>\n<a href=\"https:\/\/www.aphyllanthe.fr\/association\/pdf\/lettres\/lettre-09-2021.pdf\" target=\"_blank\" rel=\"noopener\">septembre 2021<\/a><br \/>\n<a href=\"https:\/\/www.aphyllanthe.fr\/association\/pdf\/lettres\/lettre-02-2021.pdf\" target=\"_blank\" rel=\"noopener\">f\u00e9vrier 2021<\/a><br \/>\n<a href=\"https:\/\/www.aphyllanthe.fr\/association\/pdf\/lettres\/lettre-09-2020.pdf\" target=\"_blank\" rel=\"noopener noreferrer\">septembre 2020<\/a><br \/>\n<a href=\"https:\/\/www.aphyllanthe.fr\/association\/pdf\/lettres\/lettre-09-2019.pdf\" target=\"_blank\" rel=\"noopener\">septembre 2019<\/a><br \/>\n<a href=\"https:\/\/www.aphyllanthe.fr\/association\/pdf\/lettres\/lettre-04-2019.pdf\" target=\"_blank\" rel=\"noopener\">avril 2019<\/a><br \/>\n<a href=\"https:\/\/www.aphyllanthe.fr\/association\/pdf\/lettres\/lettre-01-2019.pdf\" target=\"_blank\" rel=\"noopener\">janvier 2019<\/a><br \/>\n<a href=\"https:\/\/www.aphyllanthe.fr\/association\/pdf\/lettres\/lettre-09-2018.pdf\" target=\"_blank\" rel=\"noopener\">septembre 2018<\/a><br \/>\n<a href=\"https:\/\/www.aphyllanthe.fr\/association\/pdf\/lettres\/lettre-04-2018.pdf\" target=\"_blank\" rel=\"noopener\">avril 2018<\/a><br \/>\n<a href=\"https:\/\/www.aphyllanthe.fr\/association\/pdf\/lettres\/lettre-01-2018.pdf\" target=\"_blank\" rel=\"noopener\">janvier 2018<\/a><br \/>\n<a href=\"https:\/\/www.aphyllanthe.fr\/association\/pdf\/lettres\/lettre-09-2017.pdf\" target=\"_blank\" rel=\"noopener\">septembre 2017<\/a><br \/>\n<a href=\"https:\/\/www.aphyllanthe.fr\/association\/pdf\/lettres\/lettre-04-2017.pdf\" target=\"_blank\" rel=\"noopener\">avril 2017<\/a><br \/>\n<a href=\"https:\/\/www.aphyllanthe.fr\/association\/pdf\/lettres\/lettre-01-2017.pdf\" target=\"_blank\" rel=\"noopener\">janvier 2017<\/a><br \/>\n<a href=\"https:\/\/www.aphyllanthe.fr\/association\/pdf\/lettres\/lettre-09-2016.pdf\" target=\"_blank\" rel=\"noopener\">septembre 2016<\/a><br \/>\n<a href=\"https:\/\/www.aphyllanthe.fr\/association\/pdf\/lettres\/lettre-04-2016.pdf\" target=\"_blank\" rel=\"noopener\">avril 2016<\/a><br \/>\n<a href=\"https:\/\/www.aphyllanthe.fr\/association\/pdf\/lettres\/lettre-01-2016.pdf\" target=\"_blank\" rel=\"noopener\">janvier 2016<\/a><br \/>\n<a href=\"https:\/\/www.aphyllanthe.fr\/association\/pdf\/lettres\/lettre-09-2015.pdf\" target=\"_blank\" rel=\"noopener\">septembre 2015<\/a><br \/>\n<a href=\"https:\/\/www.aphyllanthe.fr\/association\/pdf\/lettres\/lettre-04-2015.pdf\" target=\"_blank\" rel=\"noopener\">avril 2015<\/a><br \/>\n<a href=\"https:\/\/www.aphyllanthe.fr\/association\/pdf\/lettres\/lettre-01-2015.pdf\" target=\"_blank\" rel=\"noopener\">janvier 2015<\/a><br \/>\n<a href=\"https:\/\/www.aphyllanthe.fr\/association\/pdf\/lettres\/lettre-09-2014.pdf\" target=\"_blank\" rel=\"noopener\">septembre 2014<\/a><br \/>\n<a href=\"https:\/\/www.aphyllanthe.fr\/association\/pdf\/lettres\/lettre-04-2014.pdf\" target=\"_blank\" rel=\"noopener\">avril 2014<\/a><br \/>\n<a href=\"https:\/\/www.aphyllanthe.fr\/association\/pdf\/lettres\/lettre-01-2014.pdf\" target=\"_blank\" rel=\"noopener\">janvier 2014<\/a><br \/>\n<a href=\"https:\/\/www.aphyllanthe.fr\/association\/pdf\/lettres\/lettre-09-2013.pdf\" target=\"_blank\" rel=\"noopener\">septembre 2013<\/a><br \/>\n<a href=\"https:\/\/www.aphyllanthe.fr\/association\/pdf\/lettres\/lettre-04-2013.pdf\" target=\"_blank\" rel=\"noopener\">avril 2013<\/a><br \/>\n<a href=\"https:\/\/www.aphyllanthe.fr\/association\/pdf\/lettres\/lettre-01-2013.pdf\" target=\"_blank\" rel=\"noopener\">janvier 2013<\/a><br \/>\n<a href=\"https:\/\/www.aphyllanthe.fr\/association\/pdf\/lettres\/lettre-09-2012.pdf\" target=\"_blank\" rel=\"noopener\">septembre 2012<\/a><br \/>\n<a href=\"https:\/\/www.aphyllanthe.fr\/association\/pdf\/lettres\/lettre-04-2012.pdf\" target=\"_blank\" rel=\"noopener\">avril 2012<\/a><br \/>\n<a href=\"https:\/\/www.aphyllanthe.fr\/association\/pdf\/lettres\/lettre-01-2012.pdf\" target=\"_blank\" rel=\"noopener\">janvier 2012<\/a><br \/>\n<a href=\"https:\/\/www.aphyllanthe.fr\/association\/pdf\/lettres\/lettre-09-2011.pdf\" target=\"_blank\" rel=\"noopener\">septembre 2011<\/a><br \/>\n<a href=\"https:\/\/www.aphyllanthe.fr\/association\/pdf\/lettres\/lettre-04-2011.pdf\" target=\"_blank\" rel=\"noopener\">avril 2011<\/a><br \/>\n<a href=\"https:\/\/www.aphyllanthe.fr\/association\/pdf\/lettres\/lettre-01-2011.pdf\" target=\"_blank\" rel=\"noopener\">janvier 2011<\/a><br \/>\n<a href=\"https:\/\/www.aphyllanthe.fr\/association\/pdf\/lettres\/lettre-09-2010.pdf\" target=\"_blank\" rel=\"noopener\">septembre 2010<\/a><br \/>\n<a href=\"https:\/\/www.aphyllanthe.fr\/association\/pdf\/lettres\/lettre-04-2010.pdf\" target=\"_blank\" rel=\"noopener\">avril 2010<\/a><br \/>\n<a href=\"https:\/\/www.aphyllanthe.fr\/association\/pdf\/lettres\/lettre-01-2010.pdf\" target=\"_blank\" rel=\"noopener\">janvier 2010<\/a><\/p>\n<\/div>\n","protected":false},"excerpt":{"rendered":"<p>L&rsquo;Association \u00e9dite une lettre d&rsquo;actualit\u00e9s 3 fois par an en janvier, avril et septembre. Dans cette lettre nous pr\u00e9sentons nos activit\u00e9s pour la saison, nos sorties, et un profil de quelques activit\u00e9s de l&rsquo;Association. Toutes les \u00e9ditions depuis janvier 2010 sont t\u00e9l\u00e9chargeables ci-dessous (attention &#8211; fichiers parfois jusqu&rsquo;\u00e0 15 Mo). avril 2026 septembre 2025 avril &hellip; <a href=\"https:\/\/www.aphyllanthe.fr\/association\/publications\/lettre-de-laphyllanthe\/\" class=\"more-link\">Continuer la lecture de <span class=\"screen-reader-text\">Lettre de l&rsquo;Aphyllanthe<\/span>  <span class=\"meta-nav\">&rarr;<\/span><\/a><\/p>\n","protected":false},"author":1,"featured_media":0,"parent":386,"menu_order":0,"comment_status":"closed","ping_status":"closed","template":"","meta":{"footnotes":""},"class_list":["post-4893","page","type-page","status-publish","hentry"],"_links":{"self":[{"href":"https:\/\/www.aphyllanthe.fr\/association\/wp-json\/wp\/v2\/pages\/4893","targetHints":{"allow":["GET"]}}],"collection":[{"href":"https:\/\/www.aphyllanthe.fr\/association\/wp-json\/wp\/v2\/pages"}],"about":[{"href":"https:\/\/www.aphyllanthe.fr\/association\/wp-json\/wp\/v2\/types\/page"}],"author":[{"embeddable":true,"href":"https:\/\/www.aphyllanthe.fr\/association\/wp-json\/wp\/v2\/users\/1"}],"replies":[{"embeddable":true,"href":"https:\/\/www.aphyllanthe.fr\/association\/wp-json\/wp\/v2\/comments?post=4893"}],"version-history":[{"count":44,"href":"https:\/\/www.aphyllanthe.fr\/association\/wp-json\/wp\/v2\/pages\/4893\/revisions"}],"predecessor-version":[{"id":26295,"href":"https:\/\/www.aphyllanthe.fr\/association\/wp-json\/wp\/v2\/pages\/4893\/revisions\/26295"}],"up":[{"embeddable":true,"href":"https:\/\/www.aphyllanthe.fr\/association\/wp-json\/wp\/v2\/pages\/386"}],"wp:attachment":[{"href":"https:\/\/www.aphyllanthe.fr\/association\/wp-json\/wp\/v2\/media?parent=4893"}],"curies":[{"name":"wp","href":"https:\/\/api.w.org\/{rel}","templated":true}]}}