{"id":6081,"date":"2017-07-08T14:52:48","date_gmt":"2017-07-08T13:52:48","guid":{"rendered":"http:\/\/www.aphyllanthe.fr\/association\/?page_id=6081"},"modified":"2020-09-09T08:29:30","modified_gmt":"2020-09-09T07:29:30","slug":"atelier-darts-plastiques","status":"publish","type":"page","link":"https:\/\/www.aphyllanthe.fr\/association\/atelier-darts-plastiques\/","title":{"rendered":"Atelier d&rsquo;arts plastiques"},"content":{"rendered":"<figure id=\"attachment_13323\" aria-describedby=\"caption-attachment-13323\" style=\"width: 180px\" class=\"wp-caption alignleft\"><img loading=\"lazy\" decoding=\"async\" class=\"size-medium wp-image-13323\" src=\"https:\/\/www.aphyllanthe.fr\/association\/wp-content\/uploads\/2020\/09\/valerie-m-180x300.jpg\" alt=\"\" width=\"180\" height=\"300\" srcset=\"https:\/\/www.aphyllanthe.fr\/association\/wp-content\/uploads\/2020\/09\/valerie-m-180x300.jpg 180w, https:\/\/www.aphyllanthe.fr\/association\/wp-content\/uploads\/2020\/09\/valerie-m.jpg 480w\" sizes=\"auto, (max-width: 180px) 100vw, 180px\" \/><figcaption id=\"caption-attachment-13323\" class=\"wp-caption-text\">Val\u00e9rie Mari<\/figcaption><\/figure>\n<p>Pour la rentr\u00e9e 2020, nous sommes heureux de proposer un nouvel atelier d&rsquo;arts plastiques avec Val\u00e9rie Mari comme animatrice. Val\u00e9rie a une longue exp\u00e9rience d&rsquo;animation de ce type d&rsquo;atelier de par son activit\u00e9 \u00e0 l&rsquo;Association les Petites Mains d&rsquo;Uz\u00e8s o\u00f9 elle est coordonnatrice des activit\u00e9s en plus d&rsquo;\u00eatre animatrice.<\/p>\n<p><img loading=\"lazy\" decoding=\"async\" class=\"alignright size-medium wp-image-13227\" src=\"https:\/\/www.aphyllanthe.fr\/association\/wp-content\/uploads\/2020\/08\/travaux-1-300x180.jpg\" alt=\"\" width=\"300\" height=\"180\" srcset=\"https:\/\/www.aphyllanthe.fr\/association\/wp-content\/uploads\/2020\/08\/travaux-1-300x180.jpg 300w, https:\/\/www.aphyllanthe.fr\/association\/wp-content\/uploads\/2020\/08\/travaux-1-1024x614.jpg 1024w, https:\/\/www.aphyllanthe.fr\/association\/wp-content\/uploads\/2020\/08\/travaux-1-768x461.jpg 768w, https:\/\/www.aphyllanthe.fr\/association\/wp-content\/uploads\/2020\/08\/travaux-1.jpg 1280w\" sizes=\"auto, (max-width: 300px) 100vw, 300px\" \/>Ce sont des ateliers conviviaux o\u00f9 chacun se sent bien, o\u00f9 les enfants sont respect\u00e9s dans leur individualit\u00e9 (personnalit\u00e9, \u00e2ge), sont encourag\u00e9s dans leurs r\u00e9alisations\u2026 Pour pouvoir exp\u00e9rimenter, s\u2019\u00e9panouir au mieux et ainsi prendre confiance en soi. Pour des enfants fiers d\u2019eux et heureux\u00a0! Au travers des ateliers, Val\u00e9rie a pour objectif d\u2019instaurer la notion de plaisir et de confiance en soi chez les enfants afin de susciter leur d\u00e9sir de cr\u00e9er.<\/p>\n<p><img loading=\"lazy\" decoding=\"async\" class=\"alignleft size-medium wp-image-13230\" src=\"https:\/\/www.aphyllanthe.fr\/association\/wp-content\/uploads\/2020\/08\/travaux-4-300x180.jpg\" alt=\"\" width=\"300\" height=\"180\" srcset=\"https:\/\/www.aphyllanthe.fr\/association\/wp-content\/uploads\/2020\/08\/travaux-4-300x180.jpg 300w, https:\/\/www.aphyllanthe.fr\/association\/wp-content\/uploads\/2020\/08\/travaux-4-1024x614.jpg 1024w, https:\/\/www.aphyllanthe.fr\/association\/wp-content\/uploads\/2020\/08\/travaux-4-768x461.jpg 768w, https:\/\/www.aphyllanthe.fr\/association\/wp-content\/uploads\/2020\/08\/travaux-4.jpg 1280w\" sizes=\"auto, (max-width: 300px) 100vw, 300px\" \/>A chaque atelier correspond un th\u00e8me, souvent en relation avec les saisons. Diversit\u00e9s des exp\u00e9riences avec plusieurs mat\u00e9riaux et supports, pratique de diff\u00e9rents modes d\u2019expression et de d\u00e9couverte (collage, dessin\u2026). Les cr\u00e9ations sont vari\u00e9es : r\u00e9aliser un portrait comme Modigliani, dessiner comme Picasso, peindre comme les impressionnistes, cr\u00e9er des bonhommes avec des marrons, de jolies couronnes, des masques, des totems\u2026 \u0152uvres individuelles et collectives ! Et dans la mesure du possible, chacun repart avec ses cr\u00e9ations en fin de s\u00e9ance !<br \/>\nLe mat\u00e9riel est fourni par l&rsquo;Aphyllanthe.<\/p>\n<p>Cet atelier est propos\u00e9 en collaboration avec l&rsquo;<a href=\"https:\/\/www.lespetitesmainsuzes.com\/\" target=\"_blank\" rel=\"noopener noreferrer\">Association les Petites Mains<\/a>.<\/p>\n<p style=\"text-align: center;\"><img loading=\"lazy\" decoding=\"async\" class=\"aligncenter wp-image-13226 size-full\" src=\"https:\/\/www.aphyllanthe.fr\/association\/wp-content\/uploads\/2020\/08\/logo.jpg\" alt=\"\" width=\"1366\" height=\"380\" srcset=\"https:\/\/www.aphyllanthe.fr\/association\/wp-content\/uploads\/2020\/08\/logo.jpg 1366w, https:\/\/www.aphyllanthe.fr\/association\/wp-content\/uploads\/2020\/08\/logo-300x83.jpg 300w, https:\/\/www.aphyllanthe.fr\/association\/wp-content\/uploads\/2020\/08\/logo-1024x285.jpg 1024w, https:\/\/www.aphyllanthe.fr\/association\/wp-content\/uploads\/2020\/08\/logo-768x214.jpg 768w, https:\/\/www.aphyllanthe.fr\/association\/wp-content\/uploads\/2020\/08\/logo-1320x367.jpg 1320w\" sizes=\"auto, (max-width: 1366px) 100vw, 1366px\" \/><\/p>\n","protected":false},"excerpt":{"rendered":"<p>Pour la rentr\u00e9e 2020, nous sommes heureux de proposer un nouvel atelier d&rsquo;arts plastiques avec Val\u00e9rie Mari comme animatrice. Val\u00e9rie a une longue exp\u00e9rience d&rsquo;animation de ce type d&rsquo;atelier de par son activit\u00e9 \u00e0 l&rsquo;Association les Petites Mains d&rsquo;Uz\u00e8s o\u00f9 elle est coordonnatrice des activit\u00e9s en plus d&rsquo;\u00eatre animatrice. Ce sont des ateliers conviviaux o\u00f9 &hellip; <a href=\"https:\/\/www.aphyllanthe.fr\/association\/atelier-darts-plastiques\/\" class=\"more-link\">Continuer la lecture de <span class=\"screen-reader-text\">Atelier d&rsquo;arts plastiques<\/span>  <span class=\"meta-nav\">&rarr;<\/span><\/a><\/p>\n","protected":false},"author":1,"featured_media":0,"parent":0,"menu_order":0,"comment_status":"closed","ping_status":"closed","template":"","meta":{"footnotes":""},"class_list":["post-6081","page","type-page","status-publish","hentry"],"_links":{"self":[{"href":"https:\/\/www.aphyllanthe.fr\/association\/wp-json\/wp\/v2\/pages\/6081","targetHints":{"allow":["GET"]}}],"collection":[{"href":"https:\/\/www.aphyllanthe.fr\/association\/wp-json\/wp\/v2\/pages"}],"about":[{"href":"https:\/\/www.aphyllanthe.fr\/association\/wp-json\/wp\/v2\/types\/page"}],"author":[{"embeddable":true,"href":"https:\/\/www.aphyllanthe.fr\/association\/wp-json\/wp\/v2\/users\/1"}],"replies":[{"embeddable":true,"href":"https:\/\/www.aphyllanthe.fr\/association\/wp-json\/wp\/v2\/comments?post=6081"}],"version-history":[{"count":0,"href":"https:\/\/www.aphyllanthe.fr\/association\/wp-json\/wp\/v2\/pages\/6081\/revisions"}],"wp:attachment":[{"href":"https:\/\/www.aphyllanthe.fr\/association\/wp-json\/wp\/v2\/media?parent=6081"}],"curies":[{"name":"wp","href":"https:\/\/api.w.org\/{rel}","templated":true}]}}