{"id":6660,"date":"2017-12-24T17:50:45","date_gmt":"2017-12-24T16:50:45","guid":{"rendered":"http:\/\/www.aphyllanthe.fr\/association\/?page_id=6660"},"modified":"2018-08-19T14:40:01","modified_gmt":"2018-08-19T13:40:01","slug":"circuit-de-randonnee-estimation-de-la-difficulte","status":"publish","type":"page","link":"https:\/\/www.aphyllanthe.fr\/association\/circuit-de-randonnee-estimation-de-la-difficulte\/","title":{"rendered":"Circuit de randonn\u00e9e &#8211; Estimation de la difficult\u00e9"},"content":{"rendered":"<figure id=\"attachment_6169\" aria-describedby=\"caption-attachment-6169\" style=\"width: 300px\" class=\"wp-caption alignleft\"><a href=\"http:\/\/www.aphyllanthe.fr\/association\/wp-content\/uploads\/2017\/08\/elze-e1503232291466.jpg\"><img loading=\"lazy\" decoding=\"async\" class=\"size-medium wp-image-6169\" src=\"http:\/\/www.aphyllanthe.fr\/association\/wp-content\/uploads\/2017\/08\/elze-e1503232291466-300x106.jpg\" alt=\"balises\" width=\"300\" height=\"106\" srcset=\"https:\/\/www.aphyllanthe.fr\/association\/wp-content\/uploads\/2017\/08\/elze-e1503232291466-300x106.jpg 300w, https:\/\/www.aphyllanthe.fr\/association\/wp-content\/uploads\/2017\/08\/elze-e1503232291466-768x272.jpg 768w, https:\/\/www.aphyllanthe.fr\/association\/wp-content\/uploads\/2017\/08\/elze-e1503232291466-1024x362.jpg 1024w, https:\/\/www.aphyllanthe.fr\/association\/wp-content\/uploads\/2017\/08\/elze-e1503232291466-600x212.jpg 600w, https:\/\/www.aphyllanthe.fr\/association\/wp-content\/uploads\/2017\/08\/elze-e1503232291466.jpg 1910w\" sizes=\"auto, (max-width: 300px) 100vw, 300px\" \/><\/a><figcaption id=\"caption-attachment-6169\" class=\"wp-caption-text\">randonn\u00e9e<\/figcaption><\/figure>\n<p>La difficult\u00e9 objective d&rsquo;un circuit de randonn\u00e9e d\u00e9pend de plusieurs facteurs qui sont :<\/p>\n<div style=\"clear: both;\"><\/div>\n<ul>\n<li>La m\u00e9t\u00e9o (temp\u00e9ratures extr\u00eames &#8211; moins de 0 C ou plus de 30 C, pluie, vent)<\/li>\n<li>la nature du sentier (ex. il sera toujours plus difficile de parcourir un sentier qui est plein de cailloux, encombr\u00e9 de broussailles, ou pr\u00e9sentant des obstacles comme des gu\u00e9s, des barres rocheuses \u00e0 monter ou \u00e0 descendre. Il sera logiquement toujours moins difficile de parcourir un sentier essentiellement sur le plat et sans obstacles.)<\/li>\n<li>le d\u00e9nivel\u00e9 cumul\u00e9 \u00e0 la mont\u00e9e et \u00e0 la descente<\/li>\n<li>la cadence \u00e9tablie par l&rsquo;encadrement<\/li>\n<li>les pentes (mont\u00e9e et descente)<\/li>\n<li>la pr\u00e9sence de passages a\u00e9riens et des a-pics (n\u00e9cessitant un surcroit de prudence).<\/li>\n<\/ul>\n<p>Certains de ces facteurs sont mesurables avec des outils avant de parcourir un circuit (cartes papier, cartes et outils en ligne). D&rsquo;autres ne sont connus qu&rsquo;apr\u00e8s avoir fait une reconnaissance.<\/p>\n<p>Pour rendre de sujet encore plus complexe, la difficult\u00e9 d&rsquo;un parcours est tr\u00e8s subjective et d\u00e9pendante du randonneur. Le randonneur aguerri aura toujours moins de mal que le d\u00e9butant et jugera un circuit moins difficile par cons\u00e9quent. Un jeune aura typiquement moins de difficult\u00e9 qu&rsquo;une personne \u00e2g\u00e9e. Un randonneur mal-chauss\u00e9 ou portant des v\u00eatements inadapt\u00e9s aura souvent plus de mal qu&rsquo;un randonneur bien \u00e9quip\u00e9. Et ainsi de suite.<\/p>\n<figure id=\"attachment_6122\" aria-describedby=\"caption-attachment-6122\" style=\"width: 300px\" class=\"wp-caption alignright\"><a href=\"http:\/\/www.aphyllanthe.fr\/association\/wp-content\/uploads\/2017\/08\/DSC02808.jpg\"><img loading=\"lazy\" decoding=\"async\" class=\"size-medium wp-image-6122\" src=\"http:\/\/www.aphyllanthe.fr\/association\/wp-content\/uploads\/2017\/08\/DSC02808-300x200.jpg\" alt=\"Dentelles de Montmirail\" width=\"300\" height=\"200\" srcset=\"https:\/\/www.aphyllanthe.fr\/association\/wp-content\/uploads\/2017\/08\/DSC02808-300x200.jpg 300w, https:\/\/www.aphyllanthe.fr\/association\/wp-content\/uploads\/2017\/08\/DSC02808-768x512.jpg 768w, https:\/\/www.aphyllanthe.fr\/association\/wp-content\/uploads\/2017\/08\/DSC02808-1024x683.jpg 1024w, https:\/\/www.aphyllanthe.fr\/association\/wp-content\/uploads\/2017\/08\/DSC02808-600x400.jpg 600w, https:\/\/www.aphyllanthe.fr\/association\/wp-content\/uploads\/2017\/08\/DSC02808.jpg 1152w\" sizes=\"auto, (max-width: 300px) 100vw, 300px\" \/><\/a><figcaption id=\"caption-attachment-6122\" class=\"wp-caption-text\">Dentelles de Montmirail<\/figcaption><\/figure>\n<p>A l&rsquo;Aphyllanthe, nous ne sommes pas des experts en cotation de difficult\u00e9 de circuits et nous ne pouvons juger que par l&rsquo;exp\u00e9rience de notre groupe de marcheurs. Or ce groupe existe depuis 2008 et a parcouru entre 400 et 500 circuits diff\u00e9rents. Nous connaissons les C\u00e9vennes, la zone des garrigues, la presque totalit\u00e9 du d\u00e9partement du Gard et un peu des d\u00e9partements alentour (Loz\u00e8re, Ard\u00e8che, Av\u00e9yron, Vaucluse, H\u00e9rault, Bouches-du Rh\u00f4ne). De plus nous ne faisons que tr\u00e8s rarement la reconnaissance de nouveaux circuits. Nous puisons nos circuits dans un ensemble de documents et cartes publi\u00e9s par exemple par la F\u00e9d\u00e9ration Fran\u00e7aise de Randonn\u00e9e, l&rsquo;IGN, le d\u00e9partement du Gard, les communaut\u00e9s des communes, d&rsquo;autres d\u00e9partements limitrophes et des topoguides divers publi\u00e9s par diff\u00e9rents \u00e9diteurs (ex: Chamina).<\/p>\n<p>Nous annon\u00e7ons nos sorties \u00e0 l&rsquo;aide de cartes en ligne avec des infos permettant aux participants d&rsquo;\u00e9valuer eux-m\u00eames la difficult\u00e9 avant de participer. Parmi les informations publi\u00e9es, se trouvent la distance de marche, le d\u00e9nivel\u00e9 cumul\u00e9 \u00e0 la mont\u00e9e et un profil altim\u00e9trique graphique. Si nous avons connaissance de difficult\u00e9s particuli\u00e8res (a-pics, gu\u00e9s difficiles, pentes tr\u00e8s \u00e9lev\u00e9es etc.), nous communiquons ces informations avant la sortie.<\/p>\n<p>Nous publions \u00e9galement un \u00ab\u00a0score\u00a0\u00bb de difficult\u00e9 qui est bas\u00e9 exclusivement sur des facteurs objectifs connus avant la sortie. Ce score est obtenu par un calcul num\u00e9rique comme suit : <strong>D\/4 + DN\/200<\/strong>; o\u00f9 <strong> D<\/strong>=la distance de marche en km et <strong>DN<\/strong> = le d\u00e9nivel\u00e9 cumul\u00e9 \u00e0 la mont\u00e9e en m.<\/p>\n<p>En somme, on accorde :<\/p>\n<ul>\n<li>un point pour chaque 4 km de marche<\/li>\n<li>un point pour chaque 200 m de d\u00e9nivel\u00e9 cumul\u00e9 \u00e0 la mont\u00e9e.<\/li>\n<\/ul>\n<p>Pour les circuits de notre programme, cette formule donne des scores variant d&rsquo;environ 2 \u00e0 9. Ensuite le circuit est class\u00e9 comme ci-dessous :<\/p>\n<ul>\n<li>score de difficult\u00e9 &lt;= 3 : <strong>facile<\/strong><\/li>\n<li>score de difficult\u00e9 &gt; 3 et \u2264= 4: <strong>facile \u00e0 moyen (ou interm\u00e9diaire)<\/strong><\/li>\n<li>score de difficult\u00e9 &gt; 4 et &lt;= 6 : <strong>moyen<\/strong><\/li>\n<li>score de difficult\u00e9 &gt; 6 : <strong>difficile<\/strong><\/li>\n<\/ul>\n<p>Ce classement n&rsquo;est en aucun cas une r\u00e9f\u00e9rence g\u00e9n\u00e9rale mais correspond n\u00e9anmoins aux capacit\u00e9s moyennes observ\u00e9es dans le groupe des randonneurs de l&rsquo;Aphyllanthe depuis 2009.<\/p>\n<p><strong>Tableau de classement \u00e0 titre d&rsquo;exemple<\/strong><\/p>\n<p>Classement de difficult\u00e9 selon la distance et le d\u00e9nivel\u00e9 en appliquant la formule.<\/p>\n<p><a href=\"http:\/\/www.aphyllanthe.fr\/association\/wp-content\/uploads\/2017\/12\/colors.jpg\"><img loading=\"lazy\" decoding=\"async\" class=\"aligncenter size-full wp-image-6800\" src=\"http:\/\/www.aphyllanthe.fr\/association\/wp-content\/uploads\/2017\/12\/colors.jpg\" alt=\"\" width=\"1191\" height=\"352\" srcset=\"https:\/\/www.aphyllanthe.fr\/association\/wp-content\/uploads\/2017\/12\/colors.jpg 1191w, https:\/\/www.aphyllanthe.fr\/association\/wp-content\/uploads\/2017\/12\/colors-300x89.jpg 300w, https:\/\/www.aphyllanthe.fr\/association\/wp-content\/uploads\/2017\/12\/colors-768x227.jpg 768w, https:\/\/www.aphyllanthe.fr\/association\/wp-content\/uploads\/2017\/12\/colors-1024x303.jpg 1024w, https:\/\/www.aphyllanthe.fr\/association\/wp-content\/uploads\/2017\/12\/colors-600x177.jpg 600w\" sizes=\"auto, (max-width: 1191px) 100vw, 1191px\" \/><\/a><\/p>\n","protected":false},"excerpt":{"rendered":"<p>La difficult\u00e9 objective d&rsquo;un circuit de randonn\u00e9e d\u00e9pend de plusieurs facteurs qui sont : La m\u00e9t\u00e9o (temp\u00e9ratures extr\u00eames &#8211; moins de 0 C ou plus de 30 C, pluie, vent) la nature du sentier (ex. il sera toujours plus difficile de parcourir un sentier qui est plein de cailloux, encombr\u00e9 de broussailles, ou pr\u00e9sentant des &hellip; <a href=\"https:\/\/www.aphyllanthe.fr\/association\/circuit-de-randonnee-estimation-de-la-difficulte\/\" class=\"more-link\">Continuer la lecture de <span class=\"screen-reader-text\">Circuit de randonn\u00e9e &#8211; Estimation de la difficult\u00e9<\/span>  <span class=\"meta-nav\">&rarr;<\/span><\/a><\/p>\n","protected":false},"author":1,"featured_media":0,"parent":0,"menu_order":0,"comment_status":"closed","ping_status":"closed","template":"","meta":{"footnotes":""},"class_list":["post-6660","page","type-page","status-publish","hentry"],"_links":{"self":[{"href":"https:\/\/www.aphyllanthe.fr\/association\/wp-json\/wp\/v2\/pages\/6660","targetHints":{"allow":["GET"]}}],"collection":[{"href":"https:\/\/www.aphyllanthe.fr\/association\/wp-json\/wp\/v2\/pages"}],"about":[{"href":"https:\/\/www.aphyllanthe.fr\/association\/wp-json\/wp\/v2\/types\/page"}],"author":[{"embeddable":true,"href":"https:\/\/www.aphyllanthe.fr\/association\/wp-json\/wp\/v2\/users\/1"}],"replies":[{"embeddable":true,"href":"https:\/\/www.aphyllanthe.fr\/association\/wp-json\/wp\/v2\/comments?post=6660"}],"version-history":[{"count":0,"href":"https:\/\/www.aphyllanthe.fr\/association\/wp-json\/wp\/v2\/pages\/6660\/revisions"}],"wp:attachment":[{"href":"https:\/\/www.aphyllanthe.fr\/association\/wp-json\/wp\/v2\/media?parent=6660"}],"curies":[{"name":"wp","href":"https:\/\/api.w.org\/{rel}","templated":true}]}}