{"id":6671,"date":"2017-12-26T14:06:44","date_gmt":"2017-12-26T13:06:44","guid":{"rendered":"http:\/\/www.aphyllanthe.fr\/association\/?page_id=6671"},"modified":"2024-03-29T10:17:31","modified_gmt":"2024-03-29T09:17:31","slug":"programme-de-randonnee-janvier-a-mai-2018","status":"publish","type":"page","link":"https:\/\/www.aphyllanthe.fr\/association\/programme-de-randonnee-janvier-a-mai-2018\/","title":{"rendered":"Programme de randonn\u00e9e janvier \u00e0 mai 2018"},"content":{"rendered":"<p><a href=\"https:\/\/www.aphyllanthe.fr\/association\/wp-content\/uploads\/2017\/09\/cropped-DSC08366-groupe.jpg\"><img loading=\"lazy\" decoding=\"async\" src=\"https:\/\/www.aphyllanthe.fr\/association\/wp-content\/uploads\/2017\/09\/cropped-DSC08366-groupe.jpg\" alt=\"\" width=\"1260\" height=\"108\" class=\"aligncenter size-full wp-image-6458\" srcset=\"https:\/\/www.aphyllanthe.fr\/association\/wp-content\/uploads\/2017\/09\/cropped-DSC08366-groupe.jpg 1260w, https:\/\/www.aphyllanthe.fr\/association\/wp-content\/uploads\/2017\/09\/cropped-DSC08366-groupe-300x26.jpg 300w, https:\/\/www.aphyllanthe.fr\/association\/wp-content\/uploads\/2017\/09\/cropped-DSC08366-groupe-768x66.jpg 768w, https:\/\/www.aphyllanthe.fr\/association\/wp-content\/uploads\/2017\/09\/cropped-DSC08366-groupe-1024x88.jpg 1024w, https:\/\/www.aphyllanthe.fr\/association\/wp-content\/uploads\/2017\/09\/cropped-DSC08366-groupe-600x51.jpg 600w\" sizes=\"auto, (max-width: 1260px) 100vw, 1260px\" \/><\/a><\/p>\n<p><a href=\"https:\/\/www.aphyllanthe.fr\/association\/consignes-pour-le-randonneur\/\"><strong>Merci de lire les consignes pour les randonneurs ici <\/strong><\/a><\/p>\n<table style=\"background-color: #dae4ed;\">\n<thead>\n<tr>\n<th colspan=\"13\">Programme de Randonn\u00e9e de l&rsquo;Aphyllanthe<\/th>\n<\/tr>\n<\/thead>\n<tbody style=\"font-size: 0.9em;\">\n<tr>\n<th>Date<\/th>\n<th>Heure<\/th>\n<th>Nom du circuit, commune (et point de d\u00e9part)<\/th>\n<th>Secteur <\/th>\n<th>Doc source<br \/>\nLien carto<\/th>\n<th>Dist.<br \/>(km)<\/th>\n<th>Temps<br \/>de marche<\/th>\n<th>D\u00e9n. (m)<\/th>\n<th>Dist.(km)<br \/>Route<br \/>(A\/S)<\/th>\n<th>Temps<br \/>Route<br \/>(A\/S)<\/th>\n<th>Temps Total<\/th>\n<th>Score (diff) <a href=\"https:\/\/www.aphyllanthe.fr\/association\/circuit-de-randonnee-estimation-de-la-difficulte\/\"><br \/>\n<scan style=\"vertical-align:super;\">(info)<\/scan><\/a><\/th>\n<th>Difficult\u00e9 <a href=\"https:\/\/www.aphyllanthe.fr\/association\/circuit-de-randonnee-estimation-de-la-difficulte\/\"><scan style=\"vertical-align:super;\">(info)<\/scan><\/a><\/th>\n<\/tr>\n<tr>\n<td>vendredi 5 janvier 2018<\/td>\n<td>13:00<\/td>\n<td>La Dame de Brueys<br \/>Aigaliers<br \/>Marignac<\/td>\n<td>Uz\u00e8ge<\/td>\n<td>Carte IGN <a href=\"https:\/\/www.aphyllanthe.fr\/randonnees\/circuit.php?rkey=779\" target=\"_blank\" rel=\"noopener\">carte et d\u00e9tails<\/a><\/td>\n<td>9.5<\/td>\n<td>03:00<\/td>\n<td>240<\/td>\n<td>5<\/td>\n<td>00:09<\/td>\n<td>03:18<\/td>\n<td>3,575<\/td>\n<td>facile &#8211;&gt; moyen<\/td>\n<\/tr>\n<tr>\n<td>mardi 9 janvier 2018<\/td>\n<td>annul\u00e9e<\/td>\n<td>Dolmens et Capitelles<br \/>Barjac<\/td>\n<td>Barjac<\/td>\n<td>Topo D030 <a href=\"https:\/\/www.aphyllanthe.fr\/randonnees\/circuit.php?rkey=627\" target=\"_blank\" rel=\"noopener\">carte et d\u00e9tails<\/a><\/td>\n<td>16.3<\/td>\n<td>04:30<\/td>\n<td>270<\/td>\n<td>41<\/td>\n<td>00:45<\/td>\n<td>06:00<\/td>\n<td>5,425<\/td>\n<td>moyen<\/td>\n<\/tr>\n<tr>\n<td>vendredi 12 janvier 2018<\/td>\n<td>13:00<\/td>\n<td>St Victor des Oules\u2013Le Montaigu<br \/>Saint-Victor-des-Oules<\/td>\n<td>Uz\u00e8ge <\/td>\n<td>Carte IGN <a href=\"https:\/\/www.aphyllanthe.fr\/randonnees\/circuit.php?rkey=804\" target=\"_blank\" rel=\"noopener\">carte et d\u00e9tails<\/a><\/td>\n<td>9.0<\/td>\n<td>03:00<\/td>\n<td>175<\/td>\n<td>15<\/td>\n<td>00:21<\/td>\n<td>03:42<\/td>\n<td>3,125<\/td>\n<td>facile &#8211;&gt; moyen<\/td>\n<\/tr>\n<tr>\n<td>vendredi 19 janvier 2018<\/td>\n<td>13:00<\/td>\n<td>Entre Vignobles et Collines<br \/>Bourdic<br \/>La Combette<\/td>\n<td>Uz\u00e8ge <\/td>\n<td>Topo D030 <a href=\"https:\/\/www.aphyllanthe.fr\/randonnees\/circuit.php?rkey=784\" target=\"_blank\" rel=\"noopener\">carte et d\u00e9tails<\/a><\/td>\n<td>10.3<\/td>\n<td>03:15<\/td>\n<td>80<\/td>\n<td>13<\/td>\n<td>00:15<\/td>\n<td>03:45<\/td>\n<td>2,975<\/td>\n<td>facile<\/td>\n<\/tr>\n<tr>\n<td>mardi 23 janvier 2018<\/td>\n<td>08:30<\/td>\n<td>Autour de Lirac<br \/>Lirac<\/td>\n<td>Bagnols <\/td>\n<td>Carte IGN <a href=\"https:\/\/www.aphyllanthe.fr\/randonnees\/circuit.php?rkey=1344\" target=\"_blank\" rel=\"noopener\">carte et d\u00e9tails<\/a><\/td>\n<td>21.8\/td>\n<\/td>\n<td>05:30<\/td>\n<td>320<\/td>\n<td>32<\/td>\n<td>00:39<\/td>\n<td>06:48<\/td>\n<td>7,05<\/td>\n<td>difficile<\/td>\n<\/tr>\n<tr>\n<td>vendredi 26 janvier 2018<\/td>\n<td>annul\u00e9e<\/td>\n<td>La Signore \u00e0 Baume<br \/>Poulx<\/td>\n<td>N\u00eemes <\/td>\n<td>CG Gardon <a href=\"https:\/\/www.aphyllanthe.fr\/randonnees\/circuit.php?rkey=714\" target=\"_blank\" rel=\"noopener\">carte et d\u00e9tails<\/a><\/td>\n<td>9.0<\/td>\n<td>03:00<\/td>\n<td>220<\/td>\n<td>26<\/td>\n<td>00:30<\/td>\n<td>04:00<\/td>\n<td>3,35<\/td>\n<td>facile &#8211;&gt; moyen<\/td>\n<\/tr>\n<tr>\n<td>vendredi 2 f\u00e9vrier 2018<\/td>\n<td>13:00<\/td>\n<td>Serviers et Montaren<br \/>Serviers-et-Labaume<\/td>\n<td>Uz\u00e8ge <\/td>\n<td>Carte IGN <a href=\"https:\/\/www.aphyllanthe.fr\/randonnees\/circuit.php?rkey=798\" target=\"_blank\" rel=\"noopener\">carte et d\u00e9tails<\/a><\/td>\n<td>10.0<\/td>\n<td>03:00<\/td>\n<td>75<\/td>\n<td>3<\/td>\n<td>00:06<\/td>\n<td>03:12<\/td>\n<td>2,875<\/td>\n<td>facile<\/td>\n<\/tr>\n<td>mardi 6 f\u00e9vrier 2018<\/td>\n<td>annul\u00e9e<\/td>\n<td>Corconne Cretes de Taillade<br \/>Corconne<\/td>\n<td>Quissac <\/td>\n<td>Carte IGN <a href=\"https:\/\/www.aphyllanthe.fr\/randonnees\/circuit.php?rkey=1062\" target=\"_blank\" rel=\"noopener\">carte et d\u00e9tails<\/a><\/td>\n<td>17.0<\/td>\n<td>05:00<\/td>\n<td>600<\/td>\n<td>44<\/td>\n<td>00:56<\/td>\n<td>06:52<\/td>\n<td>7,26<\/td>\n<td>difficile<\/td>\n<tr>\n<td>vendredi 9 f\u00e9vrier 2018<\/td>\n<td>13:00<\/td>\n<td>Val de Tave<br \/>La Bastide-d&#39;Engras<br \/>Pkg horloge<\/td>\n<td>Val de Tave<\/td>\n<td>CG Lussan <a href=\"https:\/\/www.aphyllanthe.fr\/randonnees\/circuit.php?rkey=817\" target=\"_blank\" rel=\"noopener\">carte et d\u00e9tails<\/a><\/td>\n<td>11.0<\/td>\n<td>03:00<\/td>\n<td>170<\/td>\n<td>19<\/td>\n<td>00:24<\/td>\n<td>03:48<\/td>\n<td>3,6<\/td>\n<td>facile &#8211;&gt; moyen<\/td>\n<\/tr>\n<tr>\n<td>vendredi 16 f\u00e9vrier 2018<\/td>\n<td>13:00<\/td>\n<td>Coucari\u00e8re<br \/>Belvezet<br \/>\u00e0 l&#39;\u00e9glise<\/td>\n<td>Uz\u00e8ge<\/td>\n<td>CG Lussan <a href=\"https:\/\/www.aphyllanthe.fr\/randonnees\/circuit.php?rkey=780\" target=\"_blank\" rel=\"noopener\">carte et d\u00e9tails<\/a><\/td>\n<td>10.4<\/td>\n<td>03:00<\/td>\n<td>150<\/td>\n<td>15<\/td>\n<td>00:15<\/td>\n<td>03:30<\/td>\n<td>3,35<\/td>\n<td>facile &#8211;&gt; moyen<\/td>\n<\/tr>\n<tr>\n<td>mardi 20 f\u00e9vrier 2018<\/td>\n<td>annul\u00e9e<\/td>\n<td>C\u00e9vennes Historiques<br \/>Saint-Julien-d&#39;Arpaon<\/td>\n<td>Florac <\/td>\n<td>MLHS Loz\/Avey 2015 <a href=\"https:\/\/www.aphyllanthe.fr\/randonnees\/circuit.php?rkey=1159\" target=\"_blank\" rel=\"noopener\">carte et d\u00e9tails<\/a><\/td>\n<td>16.0<\/td>\n<td>04:45<\/td>\n<td>800<\/td>\n<td>83<\/td>\n<td>01:25<\/td>\n<td>07:35<\/td>\n<td>8<\/td>\n<td>difficile<\/td>\n<\/tr>\n<tr>\n<td>vendredi 23 f\u00e9vrier 2018<\/td>\n<td>13:00<\/td>\n<td>Les Celettes<br \/>Saint-Gervais<br \/>Cave cooperative des Vignerons<\/td>\n<td>Goudargues<\/td>\n<td>CG C\u00e8ze Ard\u00e8che <a href=\"https:\/\/www.aphyllanthe.fr\/randonnees\/circuit.php?rkey=684\" target=\"_blank\" rel=\"noopener\">carte et d\u00e9tails<\/a><\/td>\n<td>9.4<\/td>\n<td>02:45<\/td>\n<td>240<\/td>\n<td>40<\/td>\n<td>00:45<\/td>\n<td>04:15<\/td>\n<td>3,55<\/td>\n<td>facile &#8211;&gt; moyen<\/td>\n<\/tr>\n<tr>\n<td>lundi 26 f\u00e9vrier 2018<\/td>\n<td>08:30<\/td>\n<td>d&#39;Er\u00f4me \u00e0 la croix de Romans<br \/>Er\u00f4me<\/td>\n<td>Valence\/Tournon <\/td>\n<td>VisoRando <a href=\"https:\/\/www.aphyllanthe.fr\/randonnees\/circuit.php?rkey=1347\" target=\"_blank\" rel=\"noopener\">carte et d\u00e9tails<\/a><\/td>\n<td>16.3<\/td>\n<td>06:30<\/td>\n<td>800<\/td>\n<td>150<\/td>\n<td>02:00<\/td>\n<td><\/td>\n<td>8,079<\/td>\n<td>difficile<\/td>\n<\/tr>\n<tr>\n<td>mardi 27 f\u00e9vrier 2018<\/td>\n<td>08:30<\/td>\n<td>Les balcons du Rh\u00f4ne<br \/>Glun<\/td>\n<td>Valence\/Tournon <\/td>\n<td>France Rando <a href=\"https:\/\/www.aphyllanthe.fr\/randonnees\/circuit.php?rkey=1348\" target=\"_blank\" rel=\"noopener\">carte et d\u00e9tails<\/a><\/td>\n<td>20.9<\/td>\n<td>07:00<\/td>\n<td>420<\/td>\n<td>145<\/td>\n<td>01:53<\/td>\n<td><\/td>\n<td>7,325<\/td>\n<td>difficile<\/td>\n<\/tr>\n<tr>\n<td>vendredi 2 mars 2018<\/td>\n<td>13:00<\/td>\n<td>Garriges et vignobles d&rsquo;Aubussargues<br \/>Aubussargues<\/td>\n<td>Uz\u00e8ge<\/td>\n<td>MLHS2017 P21 <a href=\"https:\/\/www.aphyllanthe.fr\/randonnees\/circuit.php?rkey=1380\" target=\"_blank\" rel=\"noopener\">carte et d\u00e9tails<\/a><\/td>\n<td>8.3<\/td>\n<td>03:00<\/td>\n<td>170<\/td>\n<td>10<\/td>\n<td>00:14<\/td>\n<td>03:30<\/td>\n<td>2,65<\/td>\n<td>facile<\/td>\n<\/tr>\n<tr>\n<td>mardi 6 mars 2018<\/td>\n<td>08:30<\/td>\n<td>St-Croix de Caderle au Mercou<br \/>Sainte-Croix-de-Caderle<\/td>\n<td>St-Jean-du-Gard <\/td>\n<td>Carte IGN <a href=\"https:\/\/www.aphyllanthe.fr\/randonnees\/circuit.php?rkey=1346\" target=\"_blank\" rel=\"noopener\">carte et d\u00e9tails<\/a><\/td>\n<td>14.9<\/td>\n<td>05:00<\/td>\n<td>820<\/td>\n<td>56<\/td>\n<td>01:10<\/td>\n<td>07:20<\/td>\n<td>7,825<\/td>\n<td>difficile<\/td>\n<\/tr>\n<tr>\n<td>vendredi 9 mars 2018<\/td>\n<td>13:00<\/td>\n<td>Tour de la Commune<br \/>Saint-Andre-d&#39;Ol\u00e9rargues<br \/>le village<\/td>\n<td>Goudargues<\/td>\n<td>CG Lussan <a href=\"https:\/\/www.aphyllanthe.fr\/randonnees\/circuit.php?rkey=682\" target=\"_blank\" rel=\"noopener\">carte et d\u00e9tails<\/a><\/td>\n<td>10.0<\/td>\n<td>03:00<\/td>\n<td>200<\/td>\n<td>30<\/td>\n<td>00:30<\/td>\n<td>04:00<\/td>\n<td>3,5<\/td>\n<td>facile &#8211;&gt; moyen<\/td>\n<\/tr>\n<tr>\n<td>vendredi 16 mars 2018<\/td>\n<td>13:00<\/td>\n<td>Aureillac et les carrieres, Aureillac, Arpaillargues<\/td>\n<td>Uz\u00e8ge<\/td>\n<td>ML Vendredi <a href=\"https:\/\/www.aphyllanthe.fr\/randonnees\/circuit.php?rkey=1381\" target=\"_blank\" rel=\"noopener\">carte et d\u00e9tails<\/a><\/td>\n<td>10.4<\/td>\n<td>03:15<\/td>\n<td>160<\/td>\n<td>12<\/td>\n<td>00:15<\/td>\n<td>04:00<\/td>\n<td>3.4<\/td>\n<td>facile<\/td>\n<\/tr>\n<tr>\n<td>mardi 20 mars 2018<\/td>\n<td>08:30<\/td>\n<td>Chassiers entre Ligne et Lande<br \/>Chassiers<\/td>\n<td>Ard\u00e8che<\/td>\n<td>Val de Ligne <a href=\"https:\/\/www.aphyllanthe.fr\/randonnees\/circuit.php?rkey=1274\" target=\"_blank\" rel=\"noopener\">carte et d\u00e9tails<\/a><\/td>\n<td>15.0<\/td>\n<td>04:30<\/td>\n<td>770<\/td>\n<td>77<\/td>\n<td>01:32<\/td>\n<td>07:34<\/td>\n<td>7,6<\/td>\n<td>difficile<\/td>\n<\/tr>\n<tr>\n<td>vendredi 23 mars 2018<\/td>\n<td>13:00<\/td>\n<td>Le Mont Bouquet (p2)<br \/>Bouquet<br \/>Le Puech<\/td>\n<td>Bouquet<\/td>\n<td>Topo D030 <a href=\"https:\/\/www.aphyllanthe.fr\/randonnees\/circuit.php?rkey=637\" target=\"_blank\" rel=\"noopener\">carte et d\u00e9tails<\/a><\/td>\n<td>10.0<\/td>\n<td>03:30<\/td>\n<td>300<\/td>\n<td>15<\/td>\n<td>00:21<\/td>\n<td>04:12<\/td>\n<td>4<\/td>\n<td>facile &#8211;&gt; moyen<\/td>\n<\/tr>\n<tr>\n<td>vendredi 30 mars 2018<\/td>\n<td>annul\u00e9e<\/td>\n<td>Ch\u00e2teau de Montalet<br \/>Moli\u00e8res-sur-C\u00e8ze<br \/>village<\/td>\n<td>St Ambroix<\/td>\n<td>Topo D030 <a href=\"https:\/\/www.aphyllanthe.fr\/randonnees\/circuit.php?rkey=750\" target=\"_blank\" rel=\"noopener\">carte et d\u00e9tails<\/a><\/td>\n<td>11.0<\/td>\n<td>03:00<\/td>\n<td>300<\/td>\n<td>40<\/td>\n<td>00:49<\/td>\n<td>04:38<\/td>\n<td>4,25<\/td>\n<td>moyen<\/td>\n<\/tr>\n<tr>\n<td>mardi 3 avril 2018<\/td>\n<td>08:30<\/td>\n<td>La Montagnette de St-Michel de Frigolet<br \/>Tarascon-sur-Rh\u00f4ne<br \/>Abbaye de St-Michel de Frigolet<\/td>\n<td>Aramon <\/td>\n<td>VisoRando <a href=\"https:\/\/www.aphyllanthe.fr\/randonnees\/circuit.php?rkey=1345\" target=\"_blank\" rel=\"noopener\">carte et d\u00e9tails<\/a><\/td>\n<td>16.6<\/td>\n<td>05:30<\/td>\n<td>230<\/td>\n<td>51<\/td>\n<td>01:00<\/td>\n<td>07:30<\/td>\n<td>5,3<\/td>\n<td>moyen<\/td>\n<\/tr>\n<tr>\n<td>vendredi 6 avril 2018<\/td>\n<td>13:00<\/td>\n<td>Gallargues &#8211; moulin de Carri\u00e8re<br \/>Gallargues-le-Montueux<br \/>Place du Coudoulier<\/td>\n<td>Sommierois <\/td>\n<td>MLHS 2017 Gard <a href=\"https:\/\/www.aphyllanthe.fr\/randonnees\/circuit.php?rkey=1303\" target=\"_blank\" rel=\"noopener\">carte et d\u00e9tails<\/a><\/td>\n<td>9.7<\/td>\n<td>03:00<\/td>\n<td>77<\/td>\n<td>56<\/td>\n<td>00:53<\/td>\n<td>04:46<\/td>\n<td>2,81<\/td>\n<td>facile<\/td>\n<\/tr>\n<tr>\n<td>vendredi 13 avril 2018<\/td>\n<td>13:00<\/td>\n<td>Autour de M\u00e9giers<br \/>Sabran<br \/>M\u00e9giers<\/td>\n<td>Bagnols<\/td>\n<td>MLHS 2017 Gard <a href=\"https:\/\/www.aphyllanthe.fr\/randonnees\/circuit.php?rkey=1308\" target=\"_blank\" rel=\"noopener\">carte et d\u00e9tails<\/a><\/td>\n<td>11.7<\/td>\n<td>03:00<\/td>\n<td>320<\/td>\n<td>29<\/td>\n<td>00:34<\/td>\n<td>04:08<\/td>\n<td>4,525<\/td>\n<td>moyen<\/td>\n<\/tr>\n<tr>\n<td>vendredi 20 avril 2018<\/td>\n<td>13:00<\/td>\n<td>La Rascasse<br \/>Blauzac<br \/>Place du 8 mai 1945<\/td>\n<td>Uz\u00e8ge<\/td>\n<td>CG Coll Vign Uz\u00e8s <a href=\"https:\/\/www.aphyllanthe.fr\/randonnees\/circuit.php?rkey=1018\" target=\"_blank\" rel=\"noopener\">carte et d\u00e9tails<\/a><\/td>\n<td>10.3<\/td>\n<td>03:00<\/td>\n<td>200<\/td>\n<td>17<\/td>\n<td>00:30<\/td>\n<td>04:00<\/td>\n<td>3,575<\/td>\n<td>facile &#8211;&gt; moyen<\/td>\n<\/tr>\n<tr>\n<td>mardi 24 avril 2018<\/td>\n<td>08:30<\/td>\n<td>Le Sentier du facteur<br \/>Les Vans<br \/>Brahic<\/td>\n<td>Ardeche <\/td>\n<td>Ard\u00e8che-C\u00e9vennes-1 <a href=\"https:\/\/www.aphyllanthe.fr\/randonnees\/circuit.php?rkey=1116\" target=\"_blank\" rel=\"noopener\">carte et d\u00e9tails<\/a><\/td>\n<td>15.0<\/td>\n<td>05:00<\/td>\n<td>650<\/td>\n<td>59<\/td>\n<td>01:14<\/td>\n<td>07:28<\/td>\n<td>7<\/td>\n<td>difficile<\/td>\n<\/tr>\n<tr>\n<td>vendredi 27 avril 2018<\/td>\n<td>13:00<\/td>\n<td>Campagne de St-Etienne-de-l&rsquo;Olm<br \/>St-Etienne-de-l&rsquo;Olm<\/td>\n<td>Al\u00e8s<\/td>\n<td>ML Vendredi <a href=\"https:\/\/www.aphyllanthe.fr\/randonnees\/circuit.php?rkey=1377\" target=\"_blank\" rel=\"noopener\">carte et d\u00e9tails<\/a><\/td>\n<td>10.2<\/td>\n<td>03:00<\/td>\n<td>170<\/td>\n<td>14<\/td>\n<td>00:17<\/td>\n<td>03:40<\/td>\n<td>3,4<\/td>\n<td>facile<\/td>\n<\/tr>\n<tr>\n<td>vendredi 4 mai 2018<\/td>\n<td>13:00<\/td>\n<td>Arque de Baron\/Gour du Rouget<br \/>Baron<br \/>Le Fournas Nord<\/td>\n<td>Uz\u00e8ge<\/td>\n<td>Carte IGN <a href=\"https:\/\/www.aphyllanthe.fr\/randonnees\/circuit.php?rkey=778\" target=\"_blank\" rel=\"noopener\">carte et d\u00e9tails<\/a><\/td>\n<td>9.5<\/td>\n<td>03:00<\/td>\n<td>200<\/td>\n<td>3<\/td>\n<td>00:06<\/td>\n<td>03:12<\/td>\n<td>3,375<\/td>\n<td>facile &#8211;&gt; moyen<\/td>\n<\/tr>\n<tr>\n<td>vendredi 11 mai 2018<\/td>\n<td>13:00<\/td>\n<td>Carri\u00e8res de St-Quentin<br \/>Saint-Quentin-la-Poterie<br \/>Place du March\u00e9<\/td>\n<td>Uz\u00e8ge <\/td>\n<td>MLHS 2017 Gard <a href=\"https:\/\/www.aphyllanthe.fr\/randonnees\/circuit.php?rkey=1306\" target=\"_blank\" rel=\"noopener\">carte et d\u00e9tails<\/a><\/td>\n<td>12.8<\/td>\n<td>04:00<\/td>\n<td>220<\/td>\n<td>11<\/td>\n<td>00:15<\/td>\n<td>04:30<\/td>\n<td>4,3<\/td>\n<td>moyen<\/td>\n<\/tr>\n<tr>\n<td>mardi 15 mai 2018<\/td>\n<td>08:30<\/td>\n<td>St-Paul-Doulovy-Bannelle<br \/>Saint-Paul-le-Jeune<br \/>La Gare<\/td>\n<td>Sud-Ard\u00e8che<\/td>\n<td>Carte IGN <a href=\"https:\/\/www.aphyllanthe.fr\/randonnees\/circuit.php?rkey=1177\" target=\"_blank\" rel=\"noopener\">carte et d\u00e9tails<\/a><\/td>\n<td>17.0<\/td>\n<td>05:30<\/td>\n<td>630<\/td>\n<td>46<\/td>\n<td>00:55<\/td>\n<td>07:20<\/td>\n<td>7,4<\/td>\n<td>difficile<\/td>\n<\/tr>\n<tr>\n<td>vendredi 18 mai 2018<\/td>\n<td>13:00<\/td>\n<td>Chapelle St Pierre<br \/>Valligui\u00e8res<\/td>\n<td>Remoulins<\/td>\n<td>Crap Gard 2009 <a href=\"https:\/\/www.aphyllanthe.fr\/randonnees\/circuit.php?rkey=729\" target=\"_blank\" rel=\"noopener\">carte et d\u00e9tails<\/a><\/td>\n<td>9.0<\/td>\n<td>03:00<\/td>\n<td>140<\/td>\n<td>29<\/td>\n<td>00:38<\/td>\n<td>04:16<\/td>\n<td>2,95<\/td>\n<td>facile<\/td>\n<\/tr>\n<tr>\n<td>vendredi 25 mai 2018<\/td>\n<td>13:00<\/td>\n<td>Sur les traces de l&#39;eau<br \/>Saint-Hippolyte-de-Montaigu<br \/>Mairie<\/td>\n<td>Uz\u00e8ge<\/td>\n<td>CG Coll Vign Uz\u00e8s <a href=\"https:\/\/www.aphyllanthe.fr\/randonnees\/circuit.php?rkey=1019\" target=\"_blank\" rel=\"noopener\">carte et d\u00e9tails<\/a><\/td>\n<td>10.3<\/td>\n<td>03:15<\/td>\n<td>195<\/td>\n<td>17<\/td>\n<td>00:29<\/td>\n<td>04:13<\/td>\n<td>3,55<\/td>\n<td>facile &#8211;&gt; moyen<\/td>\n<\/tr>\n<tr>\n<td>mardi 29 mai 2018<\/td>\n<td>08:30<\/td>\n<td>Cham du Cros depuis croix de millet<br \/>Prunet<br \/>Col de la Croix de Millet<\/td>\n<td>Sud-Ard\u00e8che<\/td>\n<td>VisoRando <a href=\"https:\/\/www.aphyllanthe.fr\/randonnees\/circuit.php?rkey=1329\" target=\"_blank\" rel=\"noopener\">carte et d\u00e9tails<\/a><\/td>\n<td>16.8<\/td>\n<td>06:00<\/td>\n<td>640<\/td>\n<td>91<\/td>\n<td>01:44<\/td>\n<td>09:28<\/td>\n<td>7,4<\/td>\n<td>difficile<\/td>\n<\/tr>\n<\/tbody>\n<\/table>\n<p>Sauf mention au contraire, les randonn\u00e9es sont conduites \u00e0 tour de r\u00f4le par Yves, Jean-Claude et Jim.<br \/>\n<figure id=\"attachment_6169\" aria-describedby=\"caption-attachment-6169\" style=\"width: 1910px\" class=\"wp-caption aligncenter\"><img loading=\"lazy\" decoding=\"async\" src=\"http:\/\/www.aphyllanthe.fr\/association\/wp-content\/uploads\/2017\/08\/elze-e1503232291466.jpg\" alt=\"balises\" width=\"1910\" height=\"676\" class=\"size-full wp-image-6169\" srcset=\"https:\/\/www.aphyllanthe.fr\/association\/wp-content\/uploads\/2017\/08\/elze-e1503232291466.jpg 1910w, https:\/\/www.aphyllanthe.fr\/association\/wp-content\/uploads\/2017\/08\/elze-e1503232291466-300x106.jpg 300w, https:\/\/www.aphyllanthe.fr\/association\/wp-content\/uploads\/2017\/08\/elze-e1503232291466-768x272.jpg 768w, https:\/\/www.aphyllanthe.fr\/association\/wp-content\/uploads\/2017\/08\/elze-e1503232291466-1024x362.jpg 1024w, https:\/\/www.aphyllanthe.fr\/association\/wp-content\/uploads\/2017\/08\/elze-e1503232291466-600x212.jpg 600w\" sizes=\"auto, (max-width: 1910px) 100vw, 1910px\" \/><figcaption id=\"caption-attachment-6169\" class=\"wp-caption-text\">balises<\/figcaption><\/figure><\/p>\n","protected":false},"excerpt":{"rendered":"<p>Merci de lire les consignes pour les randonneurs ici Programme de Randonn\u00e9e de l&rsquo;Aphyllanthe Date Heure Nom du circuit, commune (et point de d\u00e9part) Secteur Doc source Lien carto Dist.(km) Tempsde marche D\u00e9n. (m) Dist.(km)Route(A\/S) TempsRoute(A\/S) Temps Total Score (diff) (info) Difficult\u00e9 (info) vendredi 5 janvier 2018 13:00 La Dame de BrueysAigaliersMarignac Uz\u00e8ge Carte IGN &hellip; <a href=\"https:\/\/www.aphyllanthe.fr\/association\/programme-de-randonnee-janvier-a-mai-2018\/\" class=\"more-link\">Continuer la lecture de <span class=\"screen-reader-text\">Programme de randonn\u00e9e janvier \u00e0 mai 2018<\/span>  <span class=\"meta-nav\">&rarr;<\/span><\/a><\/p>\n","protected":false},"author":1,"featured_media":0,"parent":0,"menu_order":0,"comment_status":"closed","ping_status":"closed","template":"page-templates\/full-width.php","meta":{"footnotes":""},"class_list":["post-6671","page","type-page","status-publish","hentry"],"_links":{"self":[{"href":"https:\/\/www.aphyllanthe.fr\/association\/wp-json\/wp\/v2\/pages\/6671","targetHints":{"allow":["GET"]}}],"collection":[{"href":"https:\/\/www.aphyllanthe.fr\/association\/wp-json\/wp\/v2\/pages"}],"about":[{"href":"https:\/\/www.aphyllanthe.fr\/association\/wp-json\/wp\/v2\/types\/page"}],"author":[{"embeddable":true,"href":"https:\/\/www.aphyllanthe.fr\/association\/wp-json\/wp\/v2\/users\/1"}],"replies":[{"embeddable":true,"href":"https:\/\/www.aphyllanthe.fr\/association\/wp-json\/wp\/v2\/comments?post=6671"}],"version-history":[{"count":5,"href":"https:\/\/www.aphyllanthe.fr\/association\/wp-json\/wp\/v2\/pages\/6671\/revisions"}],"predecessor-version":[{"id":21221,"href":"https:\/\/www.aphyllanthe.fr\/association\/wp-json\/wp\/v2\/pages\/6671\/revisions\/21221"}],"wp:attachment":[{"href":"https:\/\/www.aphyllanthe.fr\/association\/wp-json\/wp\/v2\/media?parent=6671"}],"curies":[{"name":"wp","href":"https:\/\/api.w.org\/{rel}","templated":true}]}}