{"id":7464,"date":"2018-05-21T21:19:46","date_gmt":"2018-05-21T20:19:46","guid":{"rendered":"http:\/\/www.aphyllanthe.fr\/association\/?page_id=7464"},"modified":"2024-06-03T20:59:07","modified_gmt":"2024-06-03T19:59:07","slug":"politique-de-confidentialite","status":"publish","type":"page","link":"https:\/\/www.aphyllanthe.fr\/association\/politique-de-confidentialite\/","title":{"rendered":"Politique de confidentialit\u00e9"},"content":{"rendered":"<h5>Qui sommes-nous ?<\/h5>\n<p><img loading=\"lazy\" decoding=\"async\" class=\"alignleft size-full wp-image-1142\" src=\"https:\/\/www.aphyllanthe.fr\/association\/wp-content\/uploads\/2015\/02\/Fleur-Aphyllanthe.png\" alt=\"\" width=\"94\" height=\"93\" \/>L\u2019Aphyllanthe est une association loi 1901 (SIRET : 45289639900017). Nos locaux sont situ\u00e9s \u00e0 la mairie d&rsquo;Aigaliers, 280 Route St\u00e9phane Hessel, 30700 Aigaliers, FRANCE.<\/p>\n<h5>Cookies<\/h5>\n<p>Un cookie est un fichier texte d\u00e9pos\u00e9 sur votre ordinateur lors de votre connexion \u00e0 notre site. Dans votre ordinateur, votre smartphone ou votre tablette, ces t\u00e9moins sont g\u00e9r\u00e9s par votre navigateur internet.<\/p>\n<p>\u00ab\u00a0Ils permettent de collecter ses donn\u00e9es de navigation. Certains sont indispensables, par exemple pour m\u00e9moriser le contenu d\u2019un panier d\u2019achats ou des pr\u00e9f\u00e9rences d\u2019affichage. D\u2019autres ne servent en revanche qu\u2019\u00e0 collecter des informations sur l\u2019internaute afin de lui adresser de la publicit\u00e9 personnalis\u00e9e, adapt\u00e9e \u00e0 ses go\u00fbts et \u00e0 ses centres d\u2019int\u00e9r\u00eats.\u00a0\u00bb (<a href=\"https:\/\/www.cnil.fr\/fr\/evolution-des-regles-dutilisation-des-cookies-quels-changements-pour-les-internautes\" target=\"_blank\" rel=\"noopener\">du site CNIL<\/a>)<\/p>\n<p>Diff\u00e9rents types de cookies existent :<\/p>\n<ul>\n<li><em>Cookies fonctionnels<\/em> : Ces t\u00e9moins de connexion servent \u00e0 conserver vos pr\u00e9f\u00e9rences et permettent le bon fonctionnement du site. Nous pla\u00e7ons un seul cookie sur votre navigateur (expiration 1 mois) pour nous permettre de m\u00e9moriser votre choix concernant la mesure d&rsquo;audience.<\/li>\n<li><em>Cookies de marketing <\/em>: Nous ne posons aucun cookie marketing dans votre navigateur.<\/li>\n<li><em>Cookies de mesure d&rsquo;audience : <\/em> L&rsquo;Association utilise un outil analytique pour mesurer l&rsquo;audience du site. Cet outil est h\u00e9berg\u00e9 sur un serveur sous le contr\u00f4le de l&rsquo;Association et les donn\u00e9es collect\u00e9es ne sont pas partag\u00e9es avec des tiers. Avec cet outil nous collectons des donn\u00e9es telles la langue du visiteur, le type de terminal utilis\u00e9 pour la visite, le navigateur utilis\u00e9, le pays d&rsquo;origine de la connexion, le nombre de visites, les pages visit\u00e9es, la date et l&rsquo;heure de la visite, etc. Nous ne collectons pas des donn\u00e9es personnelles pour la mesure d&rsquo;audience &#8211; en particulier l&rsquo;adresse IP du visiteur n&rsquo;est pas collect\u00e9. Ces cookies expirent apr\u00e8s 30 jours.<\/li>\n<\/ul>\n<p>Si vous avez d\u00e9j\u00e0 accept\u00e9 ou refus\u00e9 des cookies et vous voulez modifier votre consentement, merci de cliquer sur <a href=\"\/#gdpr_cookie_modal\" target=\"_blank\" rel=\"noopener noreferrer\">ce lien.<\/a>.<\/p>\n<h5>Informations et droits suppl\u00e9mentaires<\/h5>\n<p><em><strong>Comment nous prot\u00e9geons vos donn\u00e9es<\/strong><\/em><br \/>\nPour envoyer nos infolettres nous conservons une liste de noms et d&rsquo;adresses mail des abonn\u00e9es. L&rsquo;acc\u00e8s \u00e0 la liste d&rsquo;abonn\u00e9s aux infolettres est contr\u00f4l\u00e9 par identifiant et mot de passe. Ces informations sont diffus\u00e9es \u00e0 un nombre tr\u00e8s limit\u00e9 de personnes (employ\u00e9s, responsable informatique, tr\u00e9sorier, secr\u00e9taire). Les mots de passe sont modifi\u00e9s r\u00e9guli\u00e8rement. A chaque fois que vous recevrez une infolettre,\u00a0vous pourrez suivre un lien de d\u00e9sabonnement.\u00a0Si vous vous d\u00e9sabonnez, nous conservons votre nom et votre adresse mail afin de s&rsquo;assurer de ne plus vous envoyer nos infolettres. La liste des abonn\u00e9es aux infolettres n&rsquo;est pas partag\u00e9e avec des tiers.<\/p>\n<p><em><strong>Proc\u00e9dures mises en \u0153uvre en cas de fuite de donn\u00e9es<\/strong><\/em><br \/>\nNous prenons des mesures robustes pour prot\u00e9ger vos donn\u00e9es mais dans le cas d\u2019un piratage ou d&rsquo;une mauvaise utilisation de vos donn\u00e9es, nous vous informerons dans les 30 jours de la situation et de nos actions de rem\u00e9diation.<\/p>\n<p><em><strong>Acc\u00e8s \u00e0 vos donn\u00e9es<\/strong><\/em><br \/>\nVous avez le droit de voir quelles donn\u00e9es nous d\u00e9tenons sur vous. Pour les voir, il suffit de faire la demande aupr\u00e8s de l&rsquo;Association et nous nous engageons \u00e0 vous r\u00e9pondre dans les 30 jours.<\/p>\n<p><em><strong>Droit de correction de vos donn\u00e9es<\/strong><\/em><br \/>\nVous pouvez exiger la correction d&rsquo;erreurs dans les donn\u00e9es vous concernant. Il suffit de nous contacter apr\u00e8s avoir constat\u00e9 une erreur dans ces donn\u00e9es et nous vous r\u00e9pondrons dans les 30 jours.<\/p>\n<p><em><strong>Suppression de vos donn\u00e9es<\/strong><\/em><br \/>\nVous pouvez demander la suppression des donn\u00e9es vous concernant que nous d\u00e9tenons. Il suffit de faire la demande et nous vous r\u00e9pondrons dans les 30 jours. Si vous demandez la suppression de vos donn\u00e9es, il est possible que vous ne puissiez plus b\u00e9n\u00e9ficier de certains avantages et communications de l&rsquo;Association.<\/p>\n<h5>H\u00e9bergement du site<\/h5>\n<p>Ce site est h\u00e9berg\u00e9 par la soci\u00e9t\u00e9 <a href=\"https:\/\/www.lws.fr\/\" target=\"_blank\" rel=\"noopener noreferrer\">LWS<\/a>.<\/p>\n<h5>Comment nous contacter<\/h5>\n<p>Courriel : <a href=\"mailto:aphyllanthe@orange.fr\">cliquez pour nous envoyer un courriel<\/a><br \/>\nT\u00e9l\u00e9phone : 04 66 22 10 20<br \/>\nPersonne responsable pour la gestion des donn\u00e9es priv\u00e9es : Jim Cluchey,\u00a0 membre du CA.<\/p>\n<p>Derni\u00e8re mise \u00e0 jour : 03\/06\/2024<\/p>\n","protected":false},"excerpt":{"rendered":"<p>Qui sommes-nous ? L\u2019Aphyllanthe est une association loi 1901 (SIRET : 45289639900017). Nos locaux sont situ\u00e9s \u00e0 la mairie d&rsquo;Aigaliers, 280 Route St\u00e9phane Hessel, 30700 Aigaliers, FRANCE. Cookies Un cookie est un fichier texte d\u00e9pos\u00e9 sur votre ordinateur lors de votre connexion \u00e0 notre site. Dans votre ordinateur, votre smartphone ou votre tablette, ces t\u00e9moins &hellip; <a href=\"https:\/\/www.aphyllanthe.fr\/association\/politique-de-confidentialite\/\" class=\"more-link\">Continuer la lecture de <span class=\"screen-reader-text\">Politique de confidentialit\u00e9<\/span>  <span class=\"meta-nav\">&rarr;<\/span><\/a><\/p>\n","protected":false},"author":1,"featured_media":0,"parent":0,"menu_order":0,"comment_status":"closed","ping_status":"closed","template":"","meta":{"footnotes":""},"class_list":["post-7464","page","type-page","status-publish","hentry"],"_links":{"self":[{"href":"https:\/\/www.aphyllanthe.fr\/association\/wp-json\/wp\/v2\/pages\/7464","targetHints":{"allow":["GET"]}}],"collection":[{"href":"https:\/\/www.aphyllanthe.fr\/association\/wp-json\/wp\/v2\/pages"}],"about":[{"href":"https:\/\/www.aphyllanthe.fr\/association\/wp-json\/wp\/v2\/types\/page"}],"author":[{"embeddable":true,"href":"https:\/\/www.aphyllanthe.fr\/association\/wp-json\/wp\/v2\/users\/1"}],"replies":[{"embeddable":true,"href":"https:\/\/www.aphyllanthe.fr\/association\/wp-json\/wp\/v2\/comments?post=7464"}],"version-history":[{"count":9,"href":"https:\/\/www.aphyllanthe.fr\/association\/wp-json\/wp\/v2\/pages\/7464\/revisions"}],"predecessor-version":[{"id":21788,"href":"https:\/\/www.aphyllanthe.fr\/association\/wp-json\/wp\/v2\/pages\/7464\/revisions\/21788"}],"wp:attachment":[{"href":"https:\/\/www.aphyllanthe.fr\/association\/wp-json\/wp\/v2\/media?parent=7464"}],"curies":[{"name":"wp","href":"https:\/\/api.w.org\/{rel}","templated":true}]}}