{"id":7764,"date":"2018-07-05T14:01:21","date_gmt":"2018-07-05T13:01:21","guid":{"rendered":"http:\/\/www.aphyllanthe.fr\/association\/?page_id=7764"},"modified":"2018-11-29T18:31:30","modified_gmt":"2018-11-29T17:31:30","slug":"activites-hebdomadaires-2018-19","status":"publish","type":"page","link":"https:\/\/www.aphyllanthe.fr\/association\/activites-hebdomadaires-2018-19\/","title":{"rendered":"Activit\u00e9s hebdomadaires 2018-19"},"content":{"rendered":"<table style=\"background-color: #eff5f8;\">\n<thead>\n<tr>\n<th colspan=\"7\">Programme pour l&rsquo;ann\u00e9e 2018-2019 (\u00e0 confirmer)<br \/>\n<em>* Activit\u00e9s enfants en <\/em><span style=\"background-color: #ade2fd;\">\u00a0bleu\u00a0<\/span><\/th>\n<\/tr>\n<tr>\n<th>Activit\u00e9<\/th>\n<th>Horaire<\/th>\n<th>Lieu<\/th>\n<th>Public<\/th>\n<th>Certificat requis ?<\/th>\n<th>Animatrice ou Animateur<\/th>\n<th>Tarif annuel(\u20ac)<\/th>\n<\/tr>\n<\/thead>\n<tbody style=\"font-size: 0.8em;\">\n<tr>\n<td><a href=\"http:\/\/www.aphyllanthe.fr\/association\/activites-hebdomadaires\/gym\/\" target=\"_blank\" rel=\"noopener\">Gym douce 1<\/a><\/td>\n<td>lundi 11h00-12h00<\/td>\n<td>foyer de Foissac<\/td>\n<td>adulte<\/td>\n<td>m\u00e9dical<\/td>\n<td><a href=\"http:\/\/www.aphyllanthe.fr\/association\/activites-hebdomadaires\/gym\/\">Dominique Creusot-Fresquet<\/a><\/td>\n<td>120 (1)<\/td>\n<\/tr>\n<tr>\n<td><a href=\"http:\/\/www.aphyllanthe.fr\/association\/ateliers-creatifs\/tricot-et-couture\/\" target=\"_blank\" rel=\"noopener\">Petits travaux de couture<\/a><\/td>\n<td>lundi 14h30-17h00<\/td>\n<td>Biblioth\u00e8que d&rsquo;Aigalers (Ancien Presbyt\u00e8re)<\/td>\n<td>adulte<\/td>\n<td>aucun<\/td>\n<td>Nicole Margoux<\/td>\n<td>15 (2)<\/td>\n<\/tr>\n<tr>\n<td>Cercle des lectrices<\/td>\n<td>1er lundi de chaque mois 14h30-17h00<\/td>\n<td>Biblioth\u00e8que d&rsquo;Aigalers (Ancien Presbyt\u00e8re)<\/td>\n<td>adulte<\/td>\n<td>aucun<\/td>\n<td>Nicole Gauz\u00e8re, Claire Lasserre<\/td>\n<td>Gratuit<\/td>\n<\/tr>\n<tr style=\"background-color: #ade2fd;\">\n<td><a href=\"http:\/\/www.aphyllanthe.fr\/association\/activites-hebdomadaires\/atelier-de-theatre\/\" target=\"_blank\" rel=\"noopener\">Th\u00e9\u00e2tre ados<\/a><\/td>\n<td>mercredi 14h00-15h30<\/td>\n<td>foyer de Serviers (sous r\u00e9serve de disponibilit\u00e9)<\/td>\n<td>12 \u00e0 16 ans<\/td>\n<td>assurance<\/td>\n<td>Patricia Matisson<\/td>\n<td>80(4)<\/td>\n<\/tr>\n<tr style=\"background-color: #ade2fd;\">\n<td><a href=\"http:\/\/www.aphyllanthe.fr\/association\/activites-hebdomadaires\/atelier-de-poterie\/\" target=\"_blank\" rel=\"noopener\">Poterie<\/a><\/td>\n<td>mercredi 17h00-18h30<\/td>\n<td>Biblioth\u00e8que d&rsquo;Aigaliers (Ancien Presbyt\u00e8re)<\/td>\n<td>enfants et adultes<\/td>\n<td>assurance<\/td>\n<td><a href=\"http:\/\/www.aphyllanthe.fr\/association\/activites-hebdomadaires\/atelier-de-poterie\/\">Marie Ducatel<\/a><\/td>\n<td>enf : 80(6)<br \/>\nad : 130(6)<\/td>\n<\/tr>\n<tr>\n<td><a href=\"http:\/\/www.aphyllanthe.fr\/association\/activites-hebdomadaires\/gym\/\" target=\"_blank\" rel=\"noopener\">Gym douce 2<\/a><\/td>\n<td>mercredi 18h00-19h00<\/td>\n<td>foyer de Baron<\/td>\n<td>adulte<\/td>\n<td>m\u00e9dical<\/td>\n<td><a href=\"http:\/\/www.aphyllanthe.fr\/association\/activites-hebdomadaires\/gym\/\">Dominique Creusot-Fresquet<\/a><\/td>\n<td>120(1)<\/td>\n<\/tr>\n<tr>\n<td><a href=\"http:\/\/www.aphyllanthe.fr\/association\/activites-hebdomadaires\/gym\/\" target=\"_blank\" rel=\"noopener\">Gym d&rsquo;entretien<\/a><\/td>\n<td>mercredi 19h00-20h00<\/td>\n<td>foyer de Baron<\/td>\n<td>adulte<\/td>\n<td>m\u00e9dical<\/td>\n<td><a href=\"http:\/\/www.aphyllanthe.fr\/association\/activites-hebdomadaires\/gym\/\">Dominique Creusot-Fresquet<\/a><\/td>\n<td>120(1)<\/td>\n<\/tr>\n<tr>\n<td><a href=\"http:\/\/www.aphyllanthe.fr\/association\/activites-hebdomadaires\/gym\/\" target=\"_blank\" rel=\"noopener\">Gym douce 3<\/a><\/td>\n<td>jeudi 11h00-12h00<\/td>\n<td>foyer de Foissac<\/td>\n<td>adulte<\/td>\n<td>m\u00e9dical<\/td>\n<td><a href=\"http:\/\/www.aphyllanthe.fr\/association\/activites-hebdomadaires\/gym\/\">Dominique Creusot-Fresquet<\/a><\/td>\n<td>120(1)<\/td>\n<\/tr>\n<tr>\n<td><a href=\"http:\/\/www.aphyllanthe.fr\/association\/ateliers-creatifs\/tricot-et-couture\/\" target=\"_blank\" rel=\"noopener\">Tricot-th\u00e9<\/a><\/td>\n<td>jeudi 14h30-17h00<\/td>\n<td>Biblioth\u00e8que d&rsquo;Aigaliers (Ancien Presbyt\u00e8re)<\/td>\n<td>adulte<\/td>\n<td>aucun<\/td>\n<td>C Cluchey, C Lasserre, L Krause<\/td>\n<td>15(2)<\/td>\n<\/tr>\n<tr style=\"background-color: #ade2fd;\">\n<td><a href=\"http:\/\/www.aphyllanthe.fr\/association\/activites-hebdomadaires\/atelier-darts-plastiques\/\" target=\"_blank\" rel=\"noopener\">Arts plastiques<\/a><\/td>\n<td>jeudi 17h00-18h30<\/td>\n<td>Biblioth\u00e8que d&rsquo;Aigaliers (Ancien Presbyt\u00e8re)<\/td>\n<td>adultes et enfants \u00e0 partir de 6 ans<\/td>\n<td>assurance<\/td>\n<td>Marie Schenck<\/td>\n<td>enf : 80(4)(7)<br \/>\nad : 120(4)(7)<\/td>\n<\/tr>\n<tr>\n<td><a href=\"http:\/\/www.aphyllanthe.fr\/association\/activites-hebdomadaires\/randonnee\/\" target=\"_blank\" rel=\"noopener\">Randonn\u00e9es<\/a><\/td>\n<td>vendredi 13h00-18h00<em><br \/>\net 2 mardis par mois \u00e0 la journ\u00e9e<\/em><\/td>\n<td>rdv Mairie Aigaliers<\/td>\n<td>adulte<\/td>\n<td><a href=\"http:\/\/www.aphyllanthe.fr\/association\/pdf\/decharge.pdf\" target=\"_blank\" rel=\"noopener\">d\u00e9charge \u00e0 signer (visiteurs)<\/a><\/td>\n<td>JC Trimintin, Y Engrand, J Cluchey<\/td>\n<td>5(8) <a href=\"http:\/\/www.aphyllanthe.fr\/association\/pdf\/reglement-rando.pdf\" target=\"_blank\" rel=\"noopener\"><br \/>\n(les conditions)<\/a><\/td>\n<\/tr>\n<tr>\n<th colspan=\"7\"><a href=\"http:\/\/www.aphyllanthe.fr\/association\/enfance\/clas-programme-national\/\" target=\"_blank\" rel=\"noopener\">Programme CLAS<\/a> de septembre 2018 \u00e0 juin 2019<\/th>\n<\/tr>\n<tr>\n<th>Activit\u00e9<\/th>\n<th>Horaire<\/th>\n<th>Lieu<\/th>\n<th>Public<\/th>\n<th>Certificat<br \/>\nrequis ?<\/th>\n<th>Animatrice ou Animateur<\/th>\n<th>Tarif (\u20ac)<\/th>\n<\/tr>\n<tr style=\"background-color: #ade2fd;\">\n<td><a href=\"http:\/\/www.aphyllanthe.fr\/association\/enfance\/clas-programme-national\/\" target=\"_blank\" rel=\"noopener\">Aide \u00e0 la scolarit\u00e9<\/a>(5)<\/td>\n<td>lundi 16h30-17h30<\/td>\n<td>\u00e9cole de Foissac<\/td>\n<td>Niveau CP (\u00e0 confirmer)<\/td>\n<td>aucun<\/td>\n<td>Marie Ducatel<\/td>\n<td>gratuit(3)<\/td>\n<\/tr>\n<tr style=\"background-color: #ade2fd;\">\n<td><a href=\"http:\/\/www.aphyllanthe.fr\/association\/enfance\/clas-programme-national\/\" target=\"_blank\" rel=\"noopener\">Aide \u00e0 la scolarit\u00e9<\/a>(5)<\/td>\n<td>mardi 16h30-17h30<\/td>\n<td>\u00e9cole de Baron<\/td>\n<td>niveau CM1\/CM2 (\u00e0 confirmer)<\/td>\n<td>aucun<\/td>\n<td>Marie Ducatel<\/td>\n<td>gratuit(3)<\/td>\n<\/tr>\n<tr style=\"background-color: #ade2fd;\">\n<td><a href=\"http:\/\/www.aphyllanthe.fr\/association\/enfance\/clas-programme-national\/\" target=\"_blank\" rel=\"noopener\">Aide \u00e0 la scolarit\u00e9<\/a>(5)<\/td>\n<td>jeudi 16h30-17h30<\/td>\n<td>\u00e9cole de Foissac<\/td>\n<td>niveau CE1\/CE2 (\u00e0 confirmer)<\/td>\n<td>aucun<\/td>\n<td>Marie Ducatel<\/td>\n<td>gratuit(3)<\/td>\n<\/tr>\n<\/tbody>\n<\/table>\n<p>Notes :<br \/>\nLes activit\u00e9s hebdomadaires payantes n&rsquo;ont pas lieu pendant les vacances scolaires.<br \/>\n(1) pour 30 cours<br \/>\n(2) tarif combin\u00e9 donnant acc\u00e8s aux deux ateliers : \u00ab\u00a0tricot-th\u00e9\u00a0\u00bb et \u00ab\u00a0petits travaux de couture\u00a0\u00bb<br \/>\n(3) cours gratuit subventionn\u00e9 par la CAF dans le cadre du <a href=\"http:\/\/www.aphyllanthe.fr\/association\/enfance\/clas-programme-national\/\" target=\"_blank\" rel=\"noopener\">programme CLAS<\/a><br \/>\n(4) pour 28 cours<br \/>\n(5) contrat de projet \u00e0 <a href=\"http:\/\/www.aphyllanthe.fr\/association\/pdf\/contrat-de-projet-CLAS-2018-19.pdf\">t\u00e9l\u00e9charger<\/a> et feuille d&rsquo;inscription \u00e0 <a href=\"http:\/\/www.aphyllanthe.fr\/association\/pdf\/fiche-dinscription-CLAS-2018-19.pdf\">t\u00e9l\u00e9charger<\/a><br \/>\n(6) pour 28 cours mat\u00e9riel et cuisson compris<br \/>\n(7) mat\u00e9riel compris<br \/>\n(8) pour toutes les sorties<\/p>\n<p><a href=\"http:\/\/www.aphyllanthe.fr\/association\/conditions-adhesions-et-activites\/\">Rappel des conditions 2018-19.<\/a><\/p>\n","protected":false},"excerpt":{"rendered":"<p>Programme pour l&rsquo;ann\u00e9e 2018-2019 (\u00e0 confirmer) * Activit\u00e9s enfants en \u00a0bleu\u00a0 Activit\u00e9 Horaire Lieu Public Certificat requis ? Animatrice ou Animateur Tarif annuel(\u20ac) Gym douce 1 lundi 11h00-12h00 foyer de Foissac adulte m\u00e9dical Dominique Creusot-Fresquet 120 (1) Petits travaux de couture lundi 14h30-17h00 Biblioth\u00e8que d&rsquo;Aigalers (Ancien Presbyt\u00e8re) adulte aucun Nicole Margoux 15 (2) Cercle des &hellip; <a href=\"https:\/\/www.aphyllanthe.fr\/association\/activites-hebdomadaires-2018-19\/\" class=\"more-link\">Continuer la lecture de <span class=\"screen-reader-text\">Activit\u00e9s hebdomadaires 2018-19<\/span>  <span class=\"meta-nav\">&rarr;<\/span><\/a><\/p>\n","protected":false},"author":1,"featured_media":0,"parent":0,"menu_order":0,"comment_status":"closed","ping_status":"closed","template":"page-templates\/full-width.php","meta":{"footnotes":""},"class_list":["post-7764","page","type-page","status-publish","hentry"],"_links":{"self":[{"href":"https:\/\/www.aphyllanthe.fr\/association\/wp-json\/wp\/v2\/pages\/7764","targetHints":{"allow":["GET"]}}],"collection":[{"href":"https:\/\/www.aphyllanthe.fr\/association\/wp-json\/wp\/v2\/pages"}],"about":[{"href":"https:\/\/www.aphyllanthe.fr\/association\/wp-json\/wp\/v2\/types\/page"}],"author":[{"embeddable":true,"href":"https:\/\/www.aphyllanthe.fr\/association\/wp-json\/wp\/v2\/users\/1"}],"replies":[{"embeddable":true,"href":"https:\/\/www.aphyllanthe.fr\/association\/wp-json\/wp\/v2\/comments?post=7764"}],"version-history":[{"count":0,"href":"https:\/\/www.aphyllanthe.fr\/association\/wp-json\/wp\/v2\/pages\/7764\/revisions"}],"wp:attachment":[{"href":"https:\/\/www.aphyllanthe.fr\/association\/wp-json\/wp\/v2\/media?parent=7764"}],"curies":[{"name":"wp","href":"https:\/\/api.w.org\/{rel}","templated":true}]}}