{"id":9827,"date":"2019-06-24T09:42:39","date_gmt":"2019-06-24T08:42:39","guid":{"rendered":"https:\/\/www.aphyllanthe.fr\/association\/?page_id=9827"},"modified":"2024-03-29T10:19:56","modified_gmt":"2024-03-29T09:19:56","slug":"programme-des-activites","status":"publish","type":"page","link":"https:\/\/www.aphyllanthe.fr\/association\/programme-des-activites\/","title":{"rendered":"Programme des activit\u00e9s"},"content":{"rendered":"<h4 style=\"text-align: center;\">Ann\u00e9e scolaire 2021 &#8211; 2022<\/h4>\n<div style=\"margin-left: 170px;\"><img loading=\"lazy\" decoding=\"async\" class=\"alignleft size-medium wp-image-1267\" src=\"https:\/\/www.aphyllanthe.fr\/association\/wp-content\/uploads\/2015\/03\/logotest-page001-300x181.jpg\" alt=\"\" width=\"300\" height=\"181\" srcset=\"https:\/\/www.aphyllanthe.fr\/association\/wp-content\/uploads\/2015\/03\/logotest-page001-300x181.jpg 300w, https:\/\/www.aphyllanthe.fr\/association\/wp-content\/uploads\/2015\/03\/logotest-page001-600x361.jpg 600w, https:\/\/www.aphyllanthe.fr\/association\/wp-content\/uploads\/2015\/03\/logotest-page001.jpg 910w\" sizes=\"auto, (max-width: 300px) 100vw, 300px\" \/><\/div>\n<p>Voir ci-apr\u00e8s le tableau des activit\u00e9s hebdomadaires (mensuelles et bimensuelles) organis\u00e9es par l&rsquo;Association l&rsquo;Aphyllanthe pour la rentr\u00e9e 2021. <strong>Vous pouvez d\u00e8s \u00e0 pr\u00e9sent vous pr\u00e9-inscrire<\/strong> (vous ou votre enfant) pour une ou plusieurs activit\u00e9s en cliquant sur le lien appropri\u00e9 sur le tableau. Votre pr\u00e9-inscription nous permettra de mieux pr\u00e9voir la fr\u00e9quentation.<\/p>\n<p><strong>En vue de la persistance de la crise sanitaire, l&rsquo;Association propose 2 fa\u00e7ons de compl\u00e9ter vos adh\u00e9sions et vos inscriptions. \u00a0<\/strong><\/p>\n<ul>\n<li>A distance en t\u00e9l\u00e9chargeant les formulaires,<\/li>\n<li>En personne en se rendant au secr\u00e9tariat \u00e0 la biblioth\u00e8que d&rsquo;Aigaliers aux heures d&rsquo;ouverture.<\/li>\n<\/ul>\n<p><a href=\"https:\/\/www.aphyllanthe.fr\/association\/adhesions-et-inscriptions\/\" target=\"_blank\" rel=\"noopener noreferrer\">Cliquer ici pour voir tout le d\u00e9tail sur les inscriptions.<\/a><\/p>\n<p><strong>A noter :<\/strong> nous pourrions \u00eatre amen\u00e9s \u00e0 annuler les activit\u00e9s pour lesquelles il n&rsquo;y aurait pas suffisamment d&rsquo;inscrits.<br \/>\nPour certaines activit\u00e9s, le nombre de places est limit\u00e9.<\/p>\n<table style=\"background-color: #eff5f8;\">\n<thead>\n<tr>\n<th colspan=\"8\">Hebdomadaire<\/th>\n<\/tr>\n<tr>\n<th>Horaire<\/th>\n<th>Activit\u00e9<\/th>\n<th>Lieu<\/th>\n<th>Public<\/th>\n<th>Certificat requis ?<\/th>\n<th>Animatrice ou Animateur<\/th>\n<th>Tarif annuel<\/th>\n<th>Cliquer pour pr\u00e9-inscRire<\/th>\n<\/tr>\n<tr>\n<th colspan=\"8\">Lundi<\/th>\n<\/tr>\n<\/thead>\n<tbody style=\"font-size: 0.8em;\">\n<tr>\n<td>11h00-12h00<\/td>\n<td><a href=\"https:\/\/www.aphyllanthe.fr\/association\/gym\/\" target=\"_blank\" rel=\"noopener noreferrer\">Gym douce 1<\/a><\/td>\n<td>foyer d&rsquo;Aigaliers<\/td>\n<td>adultes<\/td>\n<td>m\u00e9dical ou<br \/>\n<a href=\"\/association\/pdf\/decharge.pdf\" target=\"_blank\" rel=\"noopener noreferrer\">d\u00e9charge<\/a><\/td>\n<td>Mathias Foreau<\/td>\n<td>120 \u20ac\u00a0\u00a0 (1)<\/td>\n<td><a title=\"ouvrir et pr\u00e9-renseigner un message dans votre logiciel mail\" href=\"mailto:aphyllanthe@orange.fr?subject=Pr\u00e9-inscription pour le cours de gym douce du lundi&amp;body=Bonjour, merci de me pr\u00e9-inscrire pour cette activit\u00e9. Mon nom : \">cliquer<\/a><\/td>\n<\/tr>\n<\/tbody>\n<thead>\n<tr>\n<th colspan=\"8\">Mardi<\/th>\n<\/tr>\n<\/thead>\n<tbody style=\"font-size: 0.8em;\">\n<tr>\n<td>10h30-11h45<\/td>\n<td><a href=\"https:\/\/www.aphyllanthe.fr\/association\/gym\/\" target=\"_blank\" rel=\"noopener noreferrer\">Marche nordique<\/a><\/td>\n<td>plein air<\/td>\n<td>adultes<\/td>\n<td>m\u00e9dical ou<br \/>\n<a href=\"\/association\/pdf\/decharge.pdf\" target=\"_blank\" rel=\"noopener noreferrer\">d\u00e9charge<\/a><\/td>\n<td>Mathias Foreau<\/td>\n<td>140 \u20ac (4)<\/td>\n<td><a title=\"ouvrir et pr\u00e9-renseigner un message dans votre logiciel mail\" href=\"mailto:aphyllanthe@orange.fr?subject=Pr\u00e9-inscription pour le cours de Marche nordique&amp;body=Bonjour, Merci de me pr\u00e9-inscrire pour cette activit\u00e9. Mon nom : \">cliquer<\/a><\/td>\n<\/tr>\n<\/tbody>\n<thead>\n<tr>\n<th colspan=\"8\">Mercredi<\/th>\n<\/tr>\n<\/thead>\n<tbody style=\"font-size: 0.8em;\">\n<tr>\n<td>13h30-15h00<\/td>\n<td><a href=\"\/association\/activites-hebdomadaires\/atelier-de-theatre\/\" target=\"_blank\" rel=\"noopener noreferrer\">Th\u00e9\u00e2tre enfants<\/a><\/td>\n<td>foyer d&rsquo;Aigaliers<\/td>\n<td>enfants \u00e0 partir de 7 ans<\/td>\n<td>assurance<\/td>\n<td>Patricia Matisson<\/td>\n<td>80 \u20ac (4)<\/td>\n<td><a title=\"ouvrir et pr\u00e9-renseigner un message dans votre logiciel mail\" href=\"mailto:aphyllanthe@orange.fr?subject=Pr\u00e9-inscription pour l'atelier th\u00e9\u00e2tre enfants&amp;body=Bonjour, Merci de pr\u00e9-inscrire mon enfant pour cette activit\u00e9. Son(ses) nom(s) : \">cliquer<\/a><\/td>\n<\/tr>\n<tr>\n<td>14h00-17h00<\/td>\n<td><a href=\"\/association\/ateliers-creatifs\/tricot-et-couture\/\" target=\"_blank\" rel=\"noopener noreferrer\">Petits travaux de couture<\/a><\/td>\n<td>atelier de la biblioth\u00e8que<\/td>\n<td>adultes<\/td>\n<td>aucun<\/td>\n<td>Nicole Margoux<\/td>\n<td>15 \u20ac (2)(9)<\/td>\n<td><a title=\"ouvrir et pr\u00e9-renseigner un message dans votre logiciel mail\" href=\"mailto:aphyllanthe@orange.fr?subject=Pr\u00e9-inscription pour l'Atelier petits travaux de couture&amp;body=Bonjour, merci de me pr\u00e9-inscrire pour cet atelier. Mon nom : \">cliquer<\/a><\/td>\n<\/tr>\n<tr>\n<td>15h00-16h30<\/td>\n<td><a href=\"\/association\/activites-hebdomadaires\/atelier-de-theatre\/\" target=\"_blank\" rel=\"noopener noreferrer\">Th\u00e9\u00e2tre ados<\/a><\/td>\n<td>foyer d&rsquo;Aigaliers<\/td>\n<td>ados<\/td>\n<td>assurance<\/td>\n<td>Patricia Matisson<\/td>\n<td>80 \u20ac (4)<\/td>\n<td><a title=\"ouvrir et pr\u00e9-renseigner un message dans votre logiciel mail\" href=\"mailto:aphyllanthe@orange.fr?subject=Pr\u00e9-inscription pour l'atelier th\u00e9\u00e2tre ados&amp;body=Bonjour, Merci de pr\u00e9-inscrire mon enfant pour cette activit\u00e9. Son(ses) nom(s) : \">cliquer<\/a><\/td>\n<\/tr>\n<tr>\n<td>16h30-18h00<\/td>\n<td><a href=\"\/association\/activites-hebdomadaires\/atelier-de-poterie\/\" target=\"_blank\" rel=\"noopener noreferrer\">Poterie<\/a><\/td>\n<td>presbyt\u00e8re<\/td>\n<td>enfants et adultes<\/td>\n<td>assurance<\/td>\n<td>Marie Ducatel<\/td>\n<td>enf : 80 \u20ac (6)<br \/>\nad : 130 \u20ac (6)<\/td>\n<td><a title=\"ouvrir et pr\u00e9-renseigner un message dans votre logiciel mail\" href=\"mailto:aphyllanthe@orange.fr?subject=Pr\u00e9-inscription pour l'atelier poterie&amp;body=Bonjour, Merci de pr\u00e9-inscrire moi-m\u00eame et ou mon enfant pour cette activit\u00e9. Nom(s) : \">cliquer<\/a><\/td>\n<\/tr>\n<\/tbody>\n<thead>\n<tr>\n<th colspan=\"8\">Jeudi<\/th>\n<\/tr>\n<\/thead>\n<tbody style=\"font-size: 0.8em;\">\n<tr>\n<td>14h00-17h30<\/td>\n<td><a href=\"\/association\/ateliers-creatifs\/tricot-et-couture\/\" target=\"_blank\" rel=\"noopener noreferrer\">Tricot-th\u00e9<\/a><\/td>\n<td>biblioth\u00e8que<\/td>\n<td>adultes<\/td>\n<td>aucun<\/td>\n<td>C Cluchey, C Lasserre, L Krause<\/td>\n<td>15 \u20ac (2)(9)<\/td>\n<td><a title=\"ouvrir et pr\u00e9-renseigner un message dans votre logiciel mail\" href=\"mailto:aphyllanthe@orange.fr?subject=Pr\u00e9-inscription pour l'atelier tricot-th\u00e9&amp;body=Bonjour, Merci de me pr\u00e9-inscrire pour cette activit\u00e9. Mon nom : \">cliquer<\/a><\/td>\n<\/tr>\n<tr>\n<td>17h30-19h30<\/td>\n<td>pilates<\/td>\n<td>foyer d&rsquo;Aigaliers<\/td>\n<td>adultes<\/td>\n<td>m\u00e9dical ou<br \/>\n<a href=\"\/association\/pdf\/decharge.pdf\" target=\"_blank\" rel=\"noopener noreferrer\">d\u00e9charge<\/a><\/td>\n<td>Christine Lambert<\/td>\n<td>140 \u20ac (4)<\/td>\n<td><a title=\"ouvrir et pr\u00e9-renseigner un message dans votre logiciel mail\" href=\"mailto:aphyllanthe@orange.fr?subject=Pr\u00e9-inscription pour le cours de pilates&amp;body=Bonjour, Merci de me pr\u00e9-inscrire pour cette activit\u00e9. Mon nom : \">cliquer<\/a><\/td>\n<\/tr>\n<tr>\n<td>18h30-19h30<\/td>\n<td>pilates bis<\/td>\n<td>foyer d&rsquo;Aigaliers<\/td>\n<td>adultes<\/td>\n<td>m\u00e9dical ou<br \/>\n<a href=\"\/association\/pdf\/decharge.pdf\" target=\"_blank\" rel=\"noopener noreferrer\">d\u00e9charge<\/a><\/td>\n<td>Christine Lambert<\/td>\n<td>140 \u20ac (4)<\/td>\n<td><a title=\"ouvrir et pr\u00e9-renseigner un message dans votre logiciel mail\" href=\"mailto:aphyllanthe@orange.fr?subject=Pr\u00e9-inscription pour le cours de pilates&amp;body=Bonjour, Merci de me pr\u00e9-inscrire pour cette activit\u00e9. Mon nom : \">cliquer<\/a><\/td>\n<\/tr>\n<tr>\n<td>20h00<\/td>\n<td>Jeux de cartes<\/td>\n<td>biblioth\u00e8que<\/td>\n<td>adultes<\/td>\n<td>aucun<\/td>\n<td>Jean-Luc Bordel<\/td>\n<td>5 \u20ac (9)<\/td>\n<td><a title=\"ouvrir et pr\u00e9-renseigner un message dans votre logiciel mail\" href=\"mailto:aphyllanthe@orange.fr?subject=Pr\u00e9-inscription pour l'activit\u00e9 jeux de cartes&amp;body=Bonjour, Merci de me pr\u00e9-inscrire pour cette activit\u00e9. Mon nom : \">cliquer<\/a><\/td>\n<\/tr>\n<\/tbody>\n<thead>\n<tr>\n<th colspan=\"8\">Vendredi<\/th>\n<\/tr>\n<\/thead>\n<tbody style=\"font-size: 0.8em;\">\n<tr>\n<td>13h00-18h00<br \/>\n<em>et 2 mardis par mois \u00e0 la journ\u00e9e<\/em><\/td>\n<td>Randonn\u00e9es<br \/>\n<a href=\"\/association\/activites-hebdomadaires\/randonnee\/\" target=\"_blank\" rel=\"noopener noreferrer\">\u00e0 propos<\/a><br \/>\n<a href=\"\/association\/principes-dorganisation\/\" target=\"_blank\" rel=\"noopener noreferrer\">organisation<\/a><\/td>\n<td>d\u00e9part sur le lieu de rando<\/td>\n<td>adultes<\/td>\n<td>m\u00e9dical ou <a href=\"\/association\/pdf\/decharge.pdf\" target=\"_blank\" rel=\"noopener noreferrer\">d\u00e9charge<\/a><\/td>\n<td>JC Trimintin, J Cluchey, P Peron, P Gury<\/td>\n<td>gratuit<a href=\"\/association\/consignes-pour-le-randonneur\/\" target=\"_blank\" rel=\"noopener noreferrer\"><br \/>\n(le r\u00e8glement)<\/a><\/td>\n<td><a title=\"ouvrir et pr\u00e9-renseigner un message dans votre logiciel mail\" href=\"mailto:aphyllanthe@orange.fr?subject=Pr\u00e9-inscription pour la randonn\u00e9e&amp;body=Bonjour, Merci de me pr\u00e9-inscrire pour cette activit\u00e9. Mon nom : \">cliquer<\/a><\/td>\n<\/tr>\n<\/tbody>\n<\/table>\n<table style=\"background-color: #eff5f8;\">\n<thead>\n<tr>\n<th colspan=\"8\">Mensuel et bimensuel<\/th>\n<\/tr>\n<tr>\n<th>Activit\u00e9<\/th>\n<th>Horaire<\/th>\n<th>Lieu<\/th>\n<th>Public<\/th>\n<th>Certificat requis ?<\/th>\n<th>Animatrice<\/th>\n<th>Tarif \u20ac<\/th>\n<th>Cliquez pour pr\u00e9-inscrire<\/th>\n<\/tr>\n<\/thead>\n<tbody style=\"font-size: 0.8em;\">\n<tr>\n<td>Cercle des lectrices<\/td>\n<td>mensuel : 1er lundi du mois 14h30-17h30<\/td>\n<td>biblioth\u00e8que d&rsquo;Aigaliers<\/td>\n<td>adultes<\/td>\n<td>aucun<\/td>\n<td>Nicole Ga\u00fcz\u00e8re, Claire Lasserre<\/td>\n<td>Gratuit<\/td>\n<td><a title=\"ouvrir et pr\u00e9-renseigner un message dans votre logiciel mail\" href=\"mailto:aphyllanthe@orange.fr?subject=Pr\u00e9-inscription pour le cercle des lectrices&amp;body=Bonjour, Merci de me pr\u00e9-inscrire pour cette activit\u00e9. Mon nom : \">cliquer<\/a><\/td>\n<\/tr>\n<tr>\n<td><a href=\"https:\/\/www.aphyllanthe.fr\/association\/stages-de-poterie\/\">Stages de poterie (modelage)<\/a><\/td>\n<td>bimensuel : 1er et 3\u00e8me samedi du mois 10h00-12h30 (10)<\/td>\n<td>atelier : biblioth\u00e8que d&rsquo;Aigaliers<\/td>\n<td>tous<\/td>\n<td>aucun<\/td>\n<td>Marie Ducatel<\/td>\n<td>15 \u20ac par s\u00e9ance<\/td>\n<td>Inscription par s\u00e9ance, pas d&rsquo;obligation \u00e0 tout suivre<\/td>\n<\/tr>\n<\/tbody>\n<\/table>\n<table style=\"background-color: #eff5f8;\">\n<tbody>\n<tr>\n<th colspan=\"7\"><a href=\"\/association\/enfance\/clas-programme-national\/\" target=\"_blank\" rel=\"noopener noreferrer\">Programme CLAS<\/a> de septembre 2020 \u00e0 mai 2021<\/th>\n<\/tr>\n<tr>\n<th>Activit\u00e9<\/th>\n<th>Horaire<\/th>\n<th>Lieu<\/th>\n<th>Public<\/th>\n<th>Certificat<br \/>\nrequis ?<\/th>\n<th>Animatrice<\/th>\n<th>Tarif (\u20ac)<\/th>\n<\/tr>\n<\/tbody>\n<tbody style=\"font-size: 0.8em;\">\n<tr>\n<td><a href=\"\/association\/enfance\/clas-programme-national\/\" target=\"_blank\" rel=\"noopener noreferrer\">Aide \u00e0 la scolarit\u00e9<\/a>(5)<\/td>\n<td>lundi 16h30-17h30<\/td>\n<td>\u00e9cole de Foissac<\/td>\n<td>Niveau CP, CE1, CE2<\/td>\n<td>aucun<\/td>\n<td>Marie Ducatel<\/td>\n<td>gratuit (3)<\/td>\n<\/tr>\n<tr>\n<td><a href=\"\/association\/enfance\/clas-programme-national\/\" target=\"_blank\" rel=\"noopener noreferrer\">Aide \u00e0 la scolarit\u00e9<\/a>(5)<\/td>\n<td>mardi 16h30-17h30<\/td>\n<td>\u00e9cole de Foissac<\/td>\n<td>niveau CM1, CM2<\/td>\n<td>aucun<\/td>\n<td>Marie Ducatel<\/td>\n<td>gratuit (3)<\/td>\n<\/tr>\n<tr>\n<td>Atelier th\u00e9\u00e2tre(5)<\/td>\n<td>jeudi 16h30-17h30<\/td>\n<td>foyer de Foissac<\/td>\n<td>toutes les classes \u00e9lementaires<\/td>\n<td>aucun<\/td>\n<td>Patricia Matisson<\/td>\n<td>gratuit (3)<\/td>\n<\/tr>\n<\/tbody>\n<\/table>\n<p>Notes :<br \/>\nLes activit\u00e9s hebdomadaires payantes n&rsquo;ont pas lieu pendant les vacances scolaires.<\/p>\n<p>(1) pour 30 cours<br \/>\n(2) tarif combin\u00e9 donnant acc\u00e8s aux deux ateliers : \u00ab\u00a0tricot-th\u00e9\u00a0\u00bb et \u00ab\u00a0petits travaux de couture\u00a0\u00bb<br \/>\n(3) cours gratuit subventionn\u00e9 par la CAF dans le cadre du <a href=\"http:\/\/www.aphyllanthe.fr\/association\/enfance\/clas-programme-national\/\" target=\"_blank\" rel=\"noopener noreferrer\">programme CLAS<\/a><br \/>\n(4) pour 28 cours<br \/>\n(5) contrat de projet \u00e0 <a href=\"https:\/\/www.aphyllanthe.fr\/association\/pdf\/contrat-de-projet-21-22.pdf\" target=\"_blank\" rel=\"noopener noreferrer\">t\u00e9l\u00e9charger<\/a> et feuille d&rsquo;inscription \u00e0 <a href=\"https:\/\/www.aphyllanthe.fr\/association\/pdf\/fiche-inscription-21-22.pdf\" target=\"_blank\" rel=\"noopener noreferrer\">t\u00e9l\u00e9charger<\/a><br \/>\n(6) pour 28 cours mat\u00e9riel et cuisson compris<br \/>\n(7) mat\u00e9riel compris<br \/>\n(8) pour toutes les sorties ou s\u00e9ances de l&rsquo;ann\u00e9e<br \/>\n(9) Compte tenu des nombreuses annulations caus\u00e9es par la crise sanitaire, les personnes ayant cotis\u00e9 pour la saison 2020-2021 sont dispens\u00e9es de payer pour la saison 21-22.<br \/>\n(10)\u00a0 Attention : ces dates peuvent varier en fonction de la disponibilit\u00e9 de l&rsquo;animatrice.\u00a0 Le nombre minimum de participants est de 5. En d\u00e9ca, une s\u00e9ance pourra \u00eatre annul\u00e9e.<\/p>\n<p><a href=\"\/association\/conditions-adhesions-et-activites\/\">Rappel des conditions 2021-22.<\/a><\/p>\n","protected":false},"excerpt":{"rendered":"<p>Ann\u00e9e scolaire 2021 &#8211; 2022 Voir ci-apr\u00e8s le tableau des activit\u00e9s hebdomadaires (mensuelles et bimensuelles) organis\u00e9es par l&rsquo;Association l&rsquo;Aphyllanthe pour la rentr\u00e9e 2021. Vous pouvez d\u00e8s \u00e0 pr\u00e9sent vous pr\u00e9-inscrire (vous ou votre enfant) pour une ou plusieurs activit\u00e9s en cliquant sur le lien appropri\u00e9 sur le tableau. Votre pr\u00e9-inscription nous permettra de mieux pr\u00e9voir &hellip; <a href=\"https:\/\/www.aphyllanthe.fr\/association\/programme-des-activites\/\" class=\"more-link\">Continuer la lecture de <span class=\"screen-reader-text\">Programme des activit\u00e9s<\/span>  <span class=\"meta-nav\">&rarr;<\/span><\/a><\/p>\n","protected":false},"author":1,"featured_media":0,"parent":0,"menu_order":0,"comment_status":"closed","ping_status":"closed","template":"page-templates\/full-width.php","meta":{"footnotes":""},"class_list":["post-9827","page","type-page","status-publish","hentry"],"_links":{"self":[{"href":"https:\/\/www.aphyllanthe.fr\/association\/wp-json\/wp\/v2\/pages\/9827","targetHints":{"allow":["GET"]}}],"collection":[{"href":"https:\/\/www.aphyllanthe.fr\/association\/wp-json\/wp\/v2\/pages"}],"about":[{"href":"https:\/\/www.aphyllanthe.fr\/association\/wp-json\/wp\/v2\/types\/page"}],"author":[{"embeddable":true,"href":"https:\/\/www.aphyllanthe.fr\/association\/wp-json\/wp\/v2\/users\/1"}],"replies":[{"embeddable":true,"href":"https:\/\/www.aphyllanthe.fr\/association\/wp-json\/wp\/v2\/comments?post=9827"}],"version-history":[{"count":57,"href":"https:\/\/www.aphyllanthe.fr\/association\/wp-json\/wp\/v2\/pages\/9827\/revisions"}],"predecessor-version":[{"id":21222,"href":"https:\/\/www.aphyllanthe.fr\/association\/wp-json\/wp\/v2\/pages\/9827\/revisions\/21222"}],"wp:attachment":[{"href":"https:\/\/www.aphyllanthe.fr\/association\/wp-json\/wp\/v2\/media?parent=9827"}],"curies":[{"name":"wp","href":"https:\/\/api.w.org\/{rel}","templated":true}]}}